{"id":4470,"date":"2025-12-23T16:18:05","date_gmt":"2025-12-23T16:18:05","guid":{"rendered":"https:\/\/www.venisecollection.com\/shop\/women\/non%20class\u00e9\/toral-luciana\/"},"modified":"2026-04-17T00:46:21","modified_gmt":"2026-04-17T00:46:21","slug":"toral-luciana","status":"publish","type":"product","link":"https:\/\/www.venisecollection.com\/fr\/shop\/women\/bottes\/toral-luciana","title":{"rendered":"LUCIANA"},"content":{"rendered":"<p style=\"text-align: justify;\" data-start=\"1266\" data-end=\"1800\">Les bottines TORAL LUCIANA rehaussent toutes vos tenues gr\u00e2ce \u00e0 leur silhouette \u00e9l\u00e9gante et leur charme moderne. Fabriqu\u00e9es en cuir noir v\u00e9ritable, ces bottes sont dot\u00e9es d&rsquo;un talon de 7,5 cm qui \u00e9quilibre parfaitement \u00e9l\u00e9gance et confort. Le bout pointu allonge la jambe, tandis que la doublure et la semelle int\u00e9rieure en cuir souple offrent un confort durable. Une semelle ext\u00e9rieure en caoutchouc robuste assure une excellente adh\u00e9rence et une grande stabilit\u00e9. Id\u00e9ales pour les tenues d&rsquo;hiver \u00e9l\u00e9gantes, les v\u00eatements de travail ou les occasions sp\u00e9ciales.<\/p>\n","protected":false},"excerpt":{"rendered":"<p>Les bottines TORAL LUCIANA rehaussent toutes vos tenues gr\u00e2ce \u00e0 leur silhouette \u00e9l\u00e9gante et leur charme moderne. Fabriqu\u00e9es en cuir noir v\u00e9ritable, ces bottes sont dot\u00e9es d&rsquo;un talon de 7,5 cm qui \u00e9quilibre parfaitement \u00e9l\u00e9gance et confort. Le bout pointu allonge la jambe, tandis que la doublure et la semelle int\u00e9rieure en cuir souple offrent &hellip;<\/p>\n","protected":false},"featured_media":4466,"template":"","meta":[],"product_brand":[378],"product_cat":[109],"product_tag":[],"class_list":{"0":"post-4470","1":"product","2":"type-product","3":"status-publish","4":"has-post-thumbnail","6":"product_brand-toral","7":"product_cat-bottes","9":"first","10":"instock","11":"shipping-taxable","12":"purchasable","13":"product-type-variable","14":"has-default-attributes"},"yoast_head":"<!-- This site is optimized with the Yoast SEO plugin v27.4 - https:\/\/yoast.com\/product\/yoast-seo-wordpress\/ -->\n<title>LUCIANA - VENISE COLLECTION<\/title>\n<meta name=\"robots\" content=\"index, follow, max-snippet:-1, max-image-preview:large, max-video-preview:-1\" \/>\n<link rel=\"canonical\" href=\"https:\/\/www.venisecollection.com\/fr\/shop\/women\/bottes\/toral-luciana\" \/>\n<meta property=\"og:locale\" content=\"fr_FR\" \/>\n<meta property=\"og:type\" content=\"article\" \/>\n<meta property=\"og:title\" content=\"LUCIANA - VENISE COLLECTION\" \/>\n<meta property=\"og:description\" content=\"Les bottines TORAL LUCIANA rehaussent toutes vos tenues gr\u00e2ce \u00e0 leur silhouette \u00e9l\u00e9gante et leur charme moderne. Fabriqu\u00e9es en cuir noir v\u00e9ritable, ces bottes sont dot\u00e9es d&rsquo;un talon de 7,5 cm qui \u00e9quilibre parfaitement \u00e9l\u00e9gance et confort. Le bout pointu allonge la jambe, tandis que la doublure et la semelle int\u00e9rieure en cuir souple offrent &hellip;\" \/>\n<meta property=\"og:url\" content=\"https:\/\/www.venisecollection.com\/fr\/shop\/women\/bottes\/toral-luciana\" \/>\n<meta property=\"og:site_name\" content=\"VENISE COLLECTION\" \/>\n<meta property=\"article:modified_time\" content=\"2026-04-17T00:46:21+00:00\" \/>\n<meta property=\"og:image\" content=\"https:\/\/www.venisecollection.com\/cdn\/image-128.webp\" \/>\n\t<meta property=\"og:image:width\" content=\"1280\" \/>\n\t<meta property=\"og:image:height\" content=\"1588\" \/>\n\t<meta property=\"og:image:type\" content=\"image\/webp\" \/>\n<meta name=\"twitter:card\" content=\"summary_large_image\" \/>\n<meta name=\"twitter:label1\" content=\"Dur\u00e9e de lecture estim\u00e9e\" \/>\n\t<meta name=\"twitter:data1\" content=\"1 minute\" \/>\n<script type=\"application\/ld+json\" class=\"yoast-schema-graph\">{\"@context\":\"https:\\\/\\\/schema.org\",\"@graph\":[{\"@type\":\"WebPage\",\"@id\":\"https:\\\/\\\/www.venisecollection.com\\\/fr\\\/shop\\\/women\\\/bottes\\\/toral-luciana\",\"url\":\"https:\\\/\\\/www.venisecollection.com\\\/fr\\\/shop\\\/women\\\/bottes\\\/toral-luciana\",\"name\":\"LUCIANA - VENISE COLLECTION\",\"isPartOf\":{\"@id\":\"https:\\\/\\\/www.venisecollection.com\\\/fr#website\"},\"primaryImageOfPage\":{\"@id\":\"https:\\\/\\\/www.venisecollection.com\\\/fr\\\/shop\\\/women\\\/bottes\\\/toral-luciana#primaryimage\"},\"image\":{\"@id\":\"https:\\\/\\\/www.venisecollection.com\\\/fr\\\/shop\\\/women\\\/bottes\\\/toral-luciana#primaryimage\"},\"thumbnailUrl\":\"https:\\\/\\\/www.venisecollection.com\\\/cdn\\\/image-128.webp\",\"datePublished\":\"2025-12-23T16:18:05+00:00\",\"dateModified\":\"2026-04-17T00:46:21+00:00\",\"breadcrumb\":{\"@id\":\"https:\\\/\\\/www.venisecollection.com\\\/fr\\\/shop\\\/women\\\/bottes\\\/toral-luciana#breadcrumb\"},\"inLanguage\":\"fr-FR\",\"potentialAction\":[{\"@type\":\"ReadAction\",\"target\":[\"https:\\\/\\\/www.venisecollection.com\\\/fr\\\/shop\\\/women\\\/bottes\\\/toral-luciana\"]}]},{\"@type\":\"ImageObject\",\"inLanguage\":\"fr-FR\",\"@id\":\"https:\\\/\\\/www.venisecollection.com\\\/fr\\\/shop\\\/women\\\/bottes\\\/toral-luciana#primaryimage\",\"url\":\"https:\\\/\\\/www.venisecollection.com\\\/cdn\\\/image-128.webp\",\"contentUrl\":\"https:\\\/\\\/www.venisecollection.com\\\/cdn\\\/image-128.webp\",\"width\":1280,\"height\":1588},{\"@type\":\"BreadcrumbList\",\"@id\":\"https:\\\/\\\/www.venisecollection.com\\\/fr\\\/shop\\\/women\\\/bottes\\\/toral-luciana#breadcrumb\",\"itemListElement\":[{\"@type\":\"ListItem\",\"position\":1,\"name\":\"Home\",\"item\":\"https:\\\/\\\/www.venisecollection.com\\\/fr\\\/boutique\"},{\"@type\":\"ListItem\",\"position\":2,\"name\":\"Accueil\",\"item\":\"https:\\\/\\\/www.venisecollection.com\\\/fr\\\/boutique\"},{\"@type\":\"ListItem\",\"position\":3,\"name\":\"LUCIANA\"}]},{\"@type\":\"WebSite\",\"@id\":\"https:\\\/\\\/www.venisecollection.com\\\/fr#website\",\"url\":\"https:\\\/\\\/www.venisecollection.com\\\/fr\",\"name\":\"VENISE COLLECTION\",\"description\":\"\",\"publisher\":{\"@id\":\"https:\\\/\\\/www.venisecollection.com\\\/fr#organization\"},\"potentialAction\":[{\"@type\":\"SearchAction\",\"target\":{\"@type\":\"EntryPoint\",\"urlTemplate\":\"https:\\\/\\\/www.venisecollection.com\\\/fr?s={search_term_string}\"},\"query-input\":{\"@type\":\"PropertyValueSpecification\",\"valueRequired\":true,\"valueName\":\"search_term_string\"}}],\"inLanguage\":\"fr-FR\"},{\"@type\":\"Organization\",\"@id\":\"https:\\\/\\\/www.venisecollection.com\\\/fr#organization\",\"name\":\"VENISE COLLECTION\",\"url\":\"https:\\\/\\\/www.venisecollection.com\\\/fr\",\"logo\":{\"@type\":\"ImageObject\",\"inLanguage\":\"fr-FR\",\"@id\":\"https:\\\/\\\/www.venisecollection.com\\\/fr#\\\/schema\\\/logo\\\/image\\\/\",\"url\":\"https:\\\/\\\/www.venisecollection.com\\\/cdn\\\/seo.png\",\"contentUrl\":\"https:\\\/\\\/www.venisecollection.com\\\/cdn\\\/seo.png\",\"width\":1080,\"height\":1080,\"caption\":\"VENISE COLLECTION\"},\"image\":{\"@id\":\"https:\\\/\\\/www.venisecollection.com\\\/fr#\\\/schema\\\/logo\\\/image\\\/\"},\"sameAs\":[\"https:\\\/\\\/www.instagram.com\\\/venisecollection\\\/\",\"https:\\\/\\\/fr.pinterest.com\\\/venisecollection\\\/\"]}]}<\/script>\n<!-- \/ Yoast SEO plugin. -->","yoast_head_json":{"title":"LUCIANA - VENISE COLLECTION","robots":{"index":"index","follow":"follow","max-snippet":"max-snippet:-1","max-image-preview":"max-image-preview:large","max-video-preview":"max-video-preview:-1"},"canonical":"https:\/\/www.venisecollection.com\/fr\/shop\/women\/bottes\/toral-luciana","og_locale":"fr_FR","og_type":"article","og_title":"LUCIANA - VENISE COLLECTION","og_description":"Les bottines TORAL LUCIANA rehaussent toutes vos tenues gr\u00e2ce \u00e0 leur silhouette \u00e9l\u00e9gante et leur charme moderne. Fabriqu\u00e9es en cuir noir v\u00e9ritable, ces bottes sont dot\u00e9es d&rsquo;un talon de 7,5 cm qui \u00e9quilibre parfaitement \u00e9l\u00e9gance et confort. Le bout pointu allonge la jambe, tandis que la doublure et la semelle int\u00e9rieure en cuir souple offrent &hellip;","og_url":"https:\/\/www.venisecollection.com\/fr\/shop\/women\/bottes\/toral-luciana","og_site_name":"VENISE COLLECTION","article_modified_time":"2026-04-17T00:46:21+00:00","og_image":[{"width":1280,"height":1588,"url":"https:\/\/www.venisecollection.com\/cdn\/image-128.webp","type":"image\/webp"}],"twitter_card":"summary_large_image","twitter_misc":{"Dur\u00e9e de lecture estim\u00e9e":"1 minute"},"schema":{"@context":"https:\/\/schema.org","@graph":[{"@type":"WebPage","@id":"https:\/\/www.venisecollection.com\/fr\/shop\/women\/bottes\/toral-luciana","url":"https:\/\/www.venisecollection.com\/fr\/shop\/women\/bottes\/toral-luciana","name":"LUCIANA - VENISE COLLECTION","isPartOf":{"@id":"https:\/\/www.venisecollection.com\/fr#website"},"primaryImageOfPage":{"@id":"https:\/\/www.venisecollection.com\/fr\/shop\/women\/bottes\/toral-luciana#primaryimage"},"image":{"@id":"https:\/\/www.venisecollection.com\/fr\/shop\/women\/bottes\/toral-luciana#primaryimage"},"thumbnailUrl":"https:\/\/www.venisecollection.com\/cdn\/image-128.webp","datePublished":"2025-12-23T16:18:05+00:00","dateModified":"2026-04-17T00:46:21+00:00","breadcrumb":{"@id":"https:\/\/www.venisecollection.com\/fr\/shop\/women\/bottes\/toral-luciana#breadcrumb"},"inLanguage":"fr-FR","potentialAction":[{"@type":"ReadAction","target":["https:\/\/www.venisecollection.com\/fr\/shop\/women\/bottes\/toral-luciana"]}]},{"@type":"ImageObject","inLanguage":"fr-FR","@id":"https:\/\/www.venisecollection.com\/fr\/shop\/women\/bottes\/toral-luciana#primaryimage","url":"https:\/\/www.venisecollection.com\/cdn\/image-128.webp","contentUrl":"https:\/\/www.venisecollection.com\/cdn\/image-128.webp","width":1280,"height":1588},{"@type":"BreadcrumbList","@id":"https:\/\/www.venisecollection.com\/fr\/shop\/women\/bottes\/toral-luciana#breadcrumb","itemListElement":[{"@type":"ListItem","position":1,"name":"Home","item":"https:\/\/www.venisecollection.com\/fr\/boutique"},{"@type":"ListItem","position":2,"name":"Accueil","item":"https:\/\/www.venisecollection.com\/fr\/boutique"},{"@type":"ListItem","position":3,"name":"LUCIANA"}]},{"@type":"WebSite","@id":"https:\/\/www.venisecollection.com\/fr#website","url":"https:\/\/www.venisecollection.com\/fr","name":"VENISE COLLECTION","description":"","publisher":{"@id":"https:\/\/www.venisecollection.com\/fr#organization"},"potentialAction":[{"@type":"SearchAction","target":{"@type":"EntryPoint","urlTemplate":"https:\/\/www.venisecollection.com\/fr?s={search_term_string}"},"query-input":{"@type":"PropertyValueSpecification","valueRequired":true,"valueName":"search_term_string"}}],"inLanguage":"fr-FR"},{"@type":"Organization","@id":"https:\/\/www.venisecollection.com\/fr#organization","name":"VENISE COLLECTION","url":"https:\/\/www.venisecollection.com\/fr","logo":{"@type":"ImageObject","inLanguage":"fr-FR","@id":"https:\/\/www.venisecollection.com\/fr#\/schema\/logo\/image\/","url":"https:\/\/www.venisecollection.com\/cdn\/seo.png","contentUrl":"https:\/\/www.venisecollection.com\/cdn\/seo.png","width":1080,"height":1080,"caption":"VENISE COLLECTION"},"image":{"@id":"https:\/\/www.venisecollection.com\/fr#\/schema\/logo\/image\/"},"sameAs":["https:\/\/www.instagram.com\/venisecollection\/","https:\/\/fr.pinterest.com\/venisecollection\/"]}]}},"_links":{"self":[{"href":"https:\/\/www.venisecollection.com\/fr\/wp-json\/wp\/v2\/product\/4470","targetHints":{"allow":["GET"]}}],"collection":[{"href":"https:\/\/www.venisecollection.com\/fr\/wp-json\/wp\/v2\/product"}],"about":[{"href":"https:\/\/www.venisecollection.com\/fr\/wp-json\/wp\/v2\/types\/product"}],"wp:featuredmedia":[{"embeddable":true,"href":"https:\/\/www.venisecollection.com\/fr\/wp-json\/wp\/v2\/media\/4466"}],"wp:attachment":[{"href":"https:\/\/www.venisecollection.com\/fr\/wp-json\/wp\/v2\/media?parent=4470"}],"wp:term":[{"taxonomy":"product_brand","embeddable":true,"href":"https:\/\/www.venisecollection.com\/fr\/wp-json\/wp\/v2\/product_brand?post=4470"},{"taxonomy":"product_cat","embeddable":true,"href":"https:\/\/www.venisecollection.com\/fr\/wp-json\/wp\/v2\/product_cat?post=4470"},{"taxonomy":"product_tag","embeddable":true,"href":"https:\/\/www.venisecollection.com\/fr\/wp-json\/wp\/v2\/product_tag?post=4470"}],"curies":[{"name":"wp","href":"https:\/\/api.w.org\/{rel}","templated":true}]}}