{"id":4559,"date":"2025-12-23T16:15:50","date_gmt":"2025-12-23T16:15:50","guid":{"rendered":"https:\/\/www.venisecollection.com\/shop\/women\/non%20class\u00e9\/via-roma-malibu-nero\/"},"modified":"2026-04-17T00:46:21","modified_gmt":"2026-04-17T00:46:21","slug":"via-roma-malibu-nero","status":"publish","type":"product","link":"https:\/\/www.venisecollection.com\/fr\/shop\/women\/bottes\/via-roma-malibu-nero","title":{"rendered":"VIA ROMA MALIBU NERO"},"content":{"rendered":"<p style=\"text-align: justify;\">Les Via Roma MALIBU NERO incarnent le raffinement italien dans une finition noire \u00e9l\u00e9gante, con\u00e7ues pour les femmes modernes qui recherchent \u00e0 la fois \u00e9l\u00e9gance et assurance.<\/p>\n<p style=\"text-align: justify;\">Fabriqu\u00e9es en cuir v\u00e9ritable avec une silhouette raffin\u00e9e de bottine, elles offrent confort, durabilit\u00e9 et un charme intemporel qui compl\u00e8te toute tenue, du jean \u00e0 la jupe en passant par les looks tailleur. Parfaites pour un usage quotidien ou les sorties en soir\u00e9e, ces bottines en cuir pour femme subliment votre garde-robe avec une touche de luxe naturel. <\/p>\n","protected":false},"excerpt":{"rendered":"<p>Les Via Roma MALIBU NERO incarnent le raffinement italien dans une finition noire \u00e9l\u00e9gante, con\u00e7ues pour les femmes modernes qui recherchent \u00e0 la fois \u00e9l\u00e9gance et assurance. Fabriqu\u00e9es en cuir v\u00e9ritable avec une silhouette raffin\u00e9e de bottine, elles offrent confort, durabilit\u00e9 et un charme intemporel qui compl\u00e8te toute tenue, du jean \u00e0 la jupe en &hellip;<\/p>\n","protected":false},"featured_media":4555,"template":"","meta":[],"product_brand":[362],"product_cat":[109],"product_tag":[],"class_list":{"0":"post-4559","1":"product","2":"type-product","3":"status-publish","4":"has-post-thumbnail","6":"product_brand-via-roma","7":"product_cat-bottes","9":"first","10":"instock","11":"shipping-taxable","12":"purchasable","13":"product-type-variable","14":"has-default-attributes"},"yoast_head":"<!-- This site is optimized with the Yoast SEO plugin v27.4 - https:\/\/yoast.com\/product\/yoast-seo-wordpress\/ -->\n<title>VIA ROMA MALIBU NERO - VENISE COLLECTION<\/title>\n<meta name=\"robots\" content=\"index, follow, max-snippet:-1, max-image-preview:large, max-video-preview:-1\" \/>\n<link rel=\"canonical\" href=\"https:\/\/www.venisecollection.com\/fr\/shop\/women\/bottes\/via-roma-malibu-nero\" \/>\n<meta property=\"og:locale\" content=\"fr_FR\" \/>\n<meta property=\"og:type\" content=\"article\" \/>\n<meta property=\"og:title\" content=\"VIA ROMA MALIBU NERO - VENISE COLLECTION\" \/>\n<meta property=\"og:description\" content=\"Les Via Roma MALIBU NERO incarnent le raffinement italien dans une finition noire \u00e9l\u00e9gante, con\u00e7ues pour les femmes modernes qui recherchent \u00e0 la fois \u00e9l\u00e9gance et assurance. Fabriqu\u00e9es en cuir v\u00e9ritable avec une silhouette raffin\u00e9e de bottine, elles offrent confort, durabilit\u00e9 et un charme intemporel qui compl\u00e8te toute tenue, du jean \u00e0 la jupe en &hellip;\" \/>\n<meta property=\"og:url\" content=\"https:\/\/www.venisecollection.com\/fr\/shop\/women\/bottes\/via-roma-malibu-nero\" \/>\n<meta property=\"og:site_name\" content=\"VENISE COLLECTION\" \/>\n<meta property=\"article:modified_time\" content=\"2026-04-17T00:46:21+00:00\" \/>\n<meta property=\"og:image\" content=\"https:\/\/www.venisecollection.com\/cdn\/image.psd-87.webp\" \/>\n\t<meta property=\"og:image:width\" content=\"1280\" \/>\n\t<meta property=\"og:image:height\" content=\"1588\" \/>\n\t<meta property=\"og:image:type\" content=\"image\/webp\" \/>\n<meta name=\"twitter:card\" content=\"summary_large_image\" \/>\n<script type=\"application\/ld+json\" class=\"yoast-schema-graph\">{\"@context\":\"https:\\\/\\\/schema.org\",\"@graph\":[{\"@type\":\"WebPage\",\"@id\":\"https:\\\/\\\/www.venisecollection.com\\\/fr\\\/shop\\\/women\\\/bottes\\\/via-roma-malibu-nero\",\"url\":\"https:\\\/\\\/www.venisecollection.com\\\/fr\\\/shop\\\/women\\\/bottes\\\/via-roma-malibu-nero\",\"name\":\"VIA ROMA MALIBU NERO - VENISE COLLECTION\",\"isPartOf\":{\"@id\":\"https:\\\/\\\/www.venisecollection.com\\\/fr#website\"},\"primaryImageOfPage\":{\"@id\":\"https:\\\/\\\/www.venisecollection.com\\\/fr\\\/shop\\\/women\\\/bottes\\\/via-roma-malibu-nero#primaryimage\"},\"image\":{\"@id\":\"https:\\\/\\\/www.venisecollection.com\\\/fr\\\/shop\\\/women\\\/bottes\\\/via-roma-malibu-nero#primaryimage\"},\"thumbnailUrl\":\"https:\\\/\\\/www.venisecollection.com\\\/cdn\\\/image.psd-87.webp\",\"datePublished\":\"2025-12-23T16:15:50+00:00\",\"dateModified\":\"2026-04-17T00:46:21+00:00\",\"breadcrumb\":{\"@id\":\"https:\\\/\\\/www.venisecollection.com\\\/fr\\\/shop\\\/women\\\/bottes\\\/via-roma-malibu-nero#breadcrumb\"},\"inLanguage\":\"fr-FR\",\"potentialAction\":[{\"@type\":\"ReadAction\",\"target\":[\"https:\\\/\\\/www.venisecollection.com\\\/fr\\\/shop\\\/women\\\/bottes\\\/via-roma-malibu-nero\"]}]},{\"@type\":\"ImageObject\",\"inLanguage\":\"fr-FR\",\"@id\":\"https:\\\/\\\/www.venisecollection.com\\\/fr\\\/shop\\\/women\\\/bottes\\\/via-roma-malibu-nero#primaryimage\",\"url\":\"https:\\\/\\\/www.venisecollection.com\\\/cdn\\\/image.psd-87.webp\",\"contentUrl\":\"https:\\\/\\\/www.venisecollection.com\\\/cdn\\\/image.psd-87.webp\",\"width\":1280,\"height\":1588},{\"@type\":\"BreadcrumbList\",\"@id\":\"https:\\\/\\\/www.venisecollection.com\\\/fr\\\/shop\\\/women\\\/bottes\\\/via-roma-malibu-nero#breadcrumb\",\"itemListElement\":[{\"@type\":\"ListItem\",\"position\":1,\"name\":\"Home\",\"item\":\"https:\\\/\\\/www.venisecollection.com\\\/fr\\\/boutique\"},{\"@type\":\"ListItem\",\"position\":2,\"name\":\"Accueil\",\"item\":\"https:\\\/\\\/www.venisecollection.com\\\/fr\\\/boutique\"},{\"@type\":\"ListItem\",\"position\":3,\"name\":\"VIA ROMA MALIBU NERO\"}]},{\"@type\":\"WebSite\",\"@id\":\"https:\\\/\\\/www.venisecollection.com\\\/fr#website\",\"url\":\"https:\\\/\\\/www.venisecollection.com\\\/fr\",\"name\":\"VENISE COLLECTION\",\"description\":\"\",\"publisher\":{\"@id\":\"https:\\\/\\\/www.venisecollection.com\\\/fr#organization\"},\"potentialAction\":[{\"@type\":\"SearchAction\",\"target\":{\"@type\":\"EntryPoint\",\"urlTemplate\":\"https:\\\/\\\/www.venisecollection.com\\\/fr?s={search_term_string}\"},\"query-input\":{\"@type\":\"PropertyValueSpecification\",\"valueRequired\":true,\"valueName\":\"search_term_string\"}}],\"inLanguage\":\"fr-FR\"},{\"@type\":\"Organization\",\"@id\":\"https:\\\/\\\/www.venisecollection.com\\\/fr#organization\",\"name\":\"VENISE COLLECTION\",\"url\":\"https:\\\/\\\/www.venisecollection.com\\\/fr\",\"logo\":{\"@type\":\"ImageObject\",\"inLanguage\":\"fr-FR\",\"@id\":\"https:\\\/\\\/www.venisecollection.com\\\/fr#\\\/schema\\\/logo\\\/image\\\/\",\"url\":\"https:\\\/\\\/www.venisecollection.com\\\/cdn\\\/seo.png\",\"contentUrl\":\"https:\\\/\\\/www.venisecollection.com\\\/cdn\\\/seo.png\",\"width\":1080,\"height\":1080,\"caption\":\"VENISE COLLECTION\"},\"image\":{\"@id\":\"https:\\\/\\\/www.venisecollection.com\\\/fr#\\\/schema\\\/logo\\\/image\\\/\"},\"sameAs\":[\"https:\\\/\\\/www.instagram.com\\\/venisecollection\\\/\",\"https:\\\/\\\/fr.pinterest.com\\\/venisecollection\\\/\"]}]}<\/script>\n<!-- \/ Yoast SEO plugin. -->","yoast_head_json":{"title":"VIA ROMA MALIBU NERO - VENISE COLLECTION","robots":{"index":"index","follow":"follow","max-snippet":"max-snippet:-1","max-image-preview":"max-image-preview:large","max-video-preview":"max-video-preview:-1"},"canonical":"https:\/\/www.venisecollection.com\/fr\/shop\/women\/bottes\/via-roma-malibu-nero","og_locale":"fr_FR","og_type":"article","og_title":"VIA ROMA MALIBU NERO - VENISE COLLECTION","og_description":"Les Via Roma MALIBU NERO incarnent le raffinement italien dans une finition noire \u00e9l\u00e9gante, con\u00e7ues pour les femmes modernes qui recherchent \u00e0 la fois \u00e9l\u00e9gance et assurance. Fabriqu\u00e9es en cuir v\u00e9ritable avec une silhouette raffin\u00e9e de bottine, elles offrent confort, durabilit\u00e9 et un charme intemporel qui compl\u00e8te toute tenue, du jean \u00e0 la jupe en &hellip;","og_url":"https:\/\/www.venisecollection.com\/fr\/shop\/women\/bottes\/via-roma-malibu-nero","og_site_name":"VENISE COLLECTION","article_modified_time":"2026-04-17T00:46:21+00:00","og_image":[{"width":1280,"height":1588,"url":"https:\/\/www.venisecollection.com\/cdn\/image.psd-87.webp","type":"image\/webp"}],"twitter_card":"summary_large_image","schema":{"@context":"https:\/\/schema.org","@graph":[{"@type":"WebPage","@id":"https:\/\/www.venisecollection.com\/fr\/shop\/women\/bottes\/via-roma-malibu-nero","url":"https:\/\/www.venisecollection.com\/fr\/shop\/women\/bottes\/via-roma-malibu-nero","name":"VIA ROMA MALIBU NERO - VENISE COLLECTION","isPartOf":{"@id":"https:\/\/www.venisecollection.com\/fr#website"},"primaryImageOfPage":{"@id":"https:\/\/www.venisecollection.com\/fr\/shop\/women\/bottes\/via-roma-malibu-nero#primaryimage"},"image":{"@id":"https:\/\/www.venisecollection.com\/fr\/shop\/women\/bottes\/via-roma-malibu-nero#primaryimage"},"thumbnailUrl":"https:\/\/www.venisecollection.com\/cdn\/image.psd-87.webp","datePublished":"2025-12-23T16:15:50+00:00","dateModified":"2026-04-17T00:46:21+00:00","breadcrumb":{"@id":"https:\/\/www.venisecollection.com\/fr\/shop\/women\/bottes\/via-roma-malibu-nero#breadcrumb"},"inLanguage":"fr-FR","potentialAction":[{"@type":"ReadAction","target":["https:\/\/www.venisecollection.com\/fr\/shop\/women\/bottes\/via-roma-malibu-nero"]}]},{"@type":"ImageObject","inLanguage":"fr-FR","@id":"https:\/\/www.venisecollection.com\/fr\/shop\/women\/bottes\/via-roma-malibu-nero#primaryimage","url":"https:\/\/www.venisecollection.com\/cdn\/image.psd-87.webp","contentUrl":"https:\/\/www.venisecollection.com\/cdn\/image.psd-87.webp","width":1280,"height":1588},{"@type":"BreadcrumbList","@id":"https:\/\/www.venisecollection.com\/fr\/shop\/women\/bottes\/via-roma-malibu-nero#breadcrumb","itemListElement":[{"@type":"ListItem","position":1,"name":"Home","item":"https:\/\/www.venisecollection.com\/fr\/boutique"},{"@type":"ListItem","position":2,"name":"Accueil","item":"https:\/\/www.venisecollection.com\/fr\/boutique"},{"@type":"ListItem","position":3,"name":"VIA ROMA MALIBU NERO"}]},{"@type":"WebSite","@id":"https:\/\/www.venisecollection.com\/fr#website","url":"https:\/\/www.venisecollection.com\/fr","name":"VENISE COLLECTION","description":"","publisher":{"@id":"https:\/\/www.venisecollection.com\/fr#organization"},"potentialAction":[{"@type":"SearchAction","target":{"@type":"EntryPoint","urlTemplate":"https:\/\/www.venisecollection.com\/fr?s={search_term_string}"},"query-input":{"@type":"PropertyValueSpecification","valueRequired":true,"valueName":"search_term_string"}}],"inLanguage":"fr-FR"},{"@type":"Organization","@id":"https:\/\/www.venisecollection.com\/fr#organization","name":"VENISE COLLECTION","url":"https:\/\/www.venisecollection.com\/fr","logo":{"@type":"ImageObject","inLanguage":"fr-FR","@id":"https:\/\/www.venisecollection.com\/fr#\/schema\/logo\/image\/","url":"https:\/\/www.venisecollection.com\/cdn\/seo.png","contentUrl":"https:\/\/www.venisecollection.com\/cdn\/seo.png","width":1080,"height":1080,"caption":"VENISE COLLECTION"},"image":{"@id":"https:\/\/www.venisecollection.com\/fr#\/schema\/logo\/image\/"},"sameAs":["https:\/\/www.instagram.com\/venisecollection\/","https:\/\/fr.pinterest.com\/venisecollection\/"]}]}},"_links":{"self":[{"href":"https:\/\/www.venisecollection.com\/fr\/wp-json\/wp\/v2\/product\/4559","targetHints":{"allow":["GET"]}}],"collection":[{"href":"https:\/\/www.venisecollection.com\/fr\/wp-json\/wp\/v2\/product"}],"about":[{"href":"https:\/\/www.venisecollection.com\/fr\/wp-json\/wp\/v2\/types\/product"}],"wp:featuredmedia":[{"embeddable":true,"href":"https:\/\/www.venisecollection.com\/fr\/wp-json\/wp\/v2\/media\/4555"}],"wp:attachment":[{"href":"https:\/\/www.venisecollection.com\/fr\/wp-json\/wp\/v2\/media?parent=4559"}],"wp:term":[{"taxonomy":"product_brand","embeddable":true,"href":"https:\/\/www.venisecollection.com\/fr\/wp-json\/wp\/v2\/product_brand?post=4559"},{"taxonomy":"product_cat","embeddable":true,"href":"https:\/\/www.venisecollection.com\/fr\/wp-json\/wp\/v2\/product_cat?post=4559"},{"taxonomy":"product_tag","embeddable":true,"href":"https:\/\/www.venisecollection.com\/fr\/wp-json\/wp\/v2\/product_tag?post=4559"}],"curies":[{"name":"wp","href":"https:\/\/api.w.org\/{rel}","templated":true}]}}