{"id":4626,"date":"2025-11-20T16:11:43","date_gmt":"2025-11-20T16:11:43","guid":{"rendered":"https:\/\/www.venisecollection.com\/shop\/women\/non%20class\u00e9\/paul-smith-hydra\/"},"modified":"2026-04-16T00:37:48","modified_gmt":"2026-04-16T00:37:48","slug":"paul-smith-hydra","status":"publish","type":"product","link":"https:\/\/www.venisecollection.com\/fr\/shop\/women\/sneakers\/paul-smith-hydra","title":{"rendered":"HYDRA HYR01 COULEUR OFF WHITE"},"content":{"rendered":"<p style=\"text-align: justify;\" data-start=\"1349\" data-end=\"1751\">Les baskets Hydra Women &#8211; Ecru de Paul Smith incarnent l&rsquo;alliance parfaite entre l&rsquo;\u00e9l\u00e9gance britannique et le confort au quotidien. Confectionn\u00e9es en cuir premium dans une douce teinte \u00e9crue, ces baskets pour femmes offrent un style raffin\u00e9 et une portabilit\u00e9 sans effort. La semelle en caoutchouc l\u00e9g\u00e8re assure un soutien durable, les rendant id\u00e9ales pour les balades urbaines ou les looks d\u00e9contract\u00e9s chics.<\/p>\n<p style=\"text-align: justify;\" data-start=\"1753\" data-end=\"1869\">\u00c9l\u00e9gantes, polyvalentes et ind\u00e9niablement Paul Smith, les baskets Hydra red\u00e9finissent la f\u00e9minit\u00e9 moderne avec un luxe subtil.<\/p>\n<p style=\"text-align: justify;\" data-start=\"1960\" data-end=\"1975\">Caract\u00e9ristiques : Silhouette f\u00e9minine dans une teinte \u00e9crue intemporelle &#8211; Tige en cuir premium offrant flexibilit\u00e9 et durabilit\u00e9 &#8211; Semelle en caoutchouc avec une excellente adh\u00e9rence pour un confort quotidien &#8211; Savoir-faire signature Paul Smith, o\u00f9 le design rencontre la distinction.<\/p>\n<p style=\"text-align: justify;\" data-start=\"2229\" data-end=\"2367\">Pour les femmes \u00e0 la recherche d&rsquo;une paire de baskets de cr\u00e9ateur \u00e0 la fois \u00e9l\u00e9gante et confortable, les baskets Paul Smith Hydra Women Ecru sont le choix parfait.<\/p>\n","protected":false},"excerpt":{"rendered":"<p>Les baskets Hydra Women &#8211; Ecru de Paul Smith incarnent l&rsquo;alliance parfaite entre l&rsquo;\u00e9l\u00e9gance britannique et le confort au quotidien. Confectionn\u00e9es en cuir premium dans une douce teinte \u00e9crue, ces baskets pour femmes offrent un style raffin\u00e9 et une portabilit\u00e9 sans effort. La semelle en caoutchouc l\u00e9g\u00e8re assure un soutien durable, les rendant id\u00e9ales pour &hellip;<\/p>\n","protected":false},"featured_media":4622,"template":"","meta":[],"product_brand":[67],"product_cat":[66],"product_tag":[],"class_list":{"0":"post-4626","1":"product","2":"type-product","3":"status-publish","4":"has-post-thumbnail","6":"product_brand-paul-smith","7":"product_cat-sneakers","9":"first","10":"outofstock","11":"shipping-taxable","12":"product-type-variable","13":"has-default-attributes"},"yoast_head":"<!-- This site is optimized with the Yoast SEO plugin v27.4 - https:\/\/yoast.com\/product\/yoast-seo-wordpress\/ -->\n<title>HYDRA HYR01 COULEUR OFF WHITE - VENISE COLLECTION<\/title>\n<meta name=\"robots\" content=\"index, follow, max-snippet:-1, max-image-preview:large, max-video-preview:-1\" \/>\n<link rel=\"canonical\" href=\"https:\/\/www.venisecollection.com\/fr\/shop\/women\/sneakers\/paul-smith-hydra\" \/>\n<meta property=\"og:locale\" content=\"fr_FR\" \/>\n<meta property=\"og:type\" content=\"article\" \/>\n<meta property=\"og:title\" content=\"HYDRA HYR01 COULEUR OFF WHITE - VENISE COLLECTION\" \/>\n<meta property=\"og:description\" content=\"Les baskets Hydra Women &#8211; Ecru de Paul Smith incarnent l&rsquo;alliance parfaite entre l&rsquo;\u00e9l\u00e9gance britannique et le confort au quotidien. Confectionn\u00e9es en cuir premium dans une douce teinte \u00e9crue, ces baskets pour femmes offrent un style raffin\u00e9 et une portabilit\u00e9 sans effort. La semelle en caoutchouc l\u00e9g\u00e8re assure un soutien durable, les rendant id\u00e9ales pour &hellip;\" \/>\n<meta property=\"og:url\" content=\"https:\/\/www.venisecollection.com\/fr\/shop\/women\/sneakers\/paul-smith-hydra\" \/>\n<meta property=\"og:site_name\" content=\"VENISE COLLECTION\" \/>\n<meta property=\"article:modified_time\" content=\"2026-04-16T00:37:48+00:00\" \/>\n<meta property=\"og:image\" content=\"https:\/\/www.venisecollection.com\/cdn\/image-99.webp\" \/>\n\t<meta property=\"og:image:width\" content=\"1280\" \/>\n\t<meta property=\"og:image:height\" content=\"1588\" \/>\n\t<meta property=\"og:image:type\" content=\"image\/webp\" \/>\n<meta name=\"twitter:card\" content=\"summary_large_image\" \/>\n<meta name=\"twitter:label1\" content=\"Dur\u00e9e de lecture estim\u00e9e\" \/>\n\t<meta name=\"twitter:data1\" content=\"1 minute\" \/>\n<script type=\"application\/ld+json\" class=\"yoast-schema-graph\">{\"@context\":\"https:\\\/\\\/schema.org\",\"@graph\":[{\"@type\":\"WebPage\",\"@id\":\"https:\\\/\\\/www.venisecollection.com\\\/fr\\\/shop\\\/women\\\/sneakers\\\/paul-smith-hydra\",\"url\":\"https:\\\/\\\/www.venisecollection.com\\\/fr\\\/shop\\\/women\\\/sneakers\\\/paul-smith-hydra\",\"name\":\"HYDRA HYR01 COULEUR OFF WHITE - VENISE COLLECTION\",\"isPartOf\":{\"@id\":\"https:\\\/\\\/www.venisecollection.com\\\/fr#website\"},\"primaryImageOfPage\":{\"@id\":\"https:\\\/\\\/www.venisecollection.com\\\/fr\\\/shop\\\/women\\\/sneakers\\\/paul-smith-hydra#primaryimage\"},\"image\":{\"@id\":\"https:\\\/\\\/www.venisecollection.com\\\/fr\\\/shop\\\/women\\\/sneakers\\\/paul-smith-hydra#primaryimage\"},\"thumbnailUrl\":\"https:\\\/\\\/www.venisecollection.com\\\/cdn\\\/image-99.webp\",\"datePublished\":\"2025-11-20T16:11:43+00:00\",\"dateModified\":\"2026-04-16T00:37:48+00:00\",\"breadcrumb\":{\"@id\":\"https:\\\/\\\/www.venisecollection.com\\\/fr\\\/shop\\\/women\\\/sneakers\\\/paul-smith-hydra#breadcrumb\"},\"inLanguage\":\"fr-FR\",\"potentialAction\":[{\"@type\":\"ReadAction\",\"target\":[\"https:\\\/\\\/www.venisecollection.com\\\/fr\\\/shop\\\/women\\\/sneakers\\\/paul-smith-hydra\"]}]},{\"@type\":\"ImageObject\",\"inLanguage\":\"fr-FR\",\"@id\":\"https:\\\/\\\/www.venisecollection.com\\\/fr\\\/shop\\\/women\\\/sneakers\\\/paul-smith-hydra#primaryimage\",\"url\":\"https:\\\/\\\/www.venisecollection.com\\\/cdn\\\/image-99.webp\",\"contentUrl\":\"https:\\\/\\\/www.venisecollection.com\\\/cdn\\\/image-99.webp\",\"width\":1280,\"height\":1588},{\"@type\":\"BreadcrumbList\",\"@id\":\"https:\\\/\\\/www.venisecollection.com\\\/fr\\\/shop\\\/women\\\/sneakers\\\/paul-smith-hydra#breadcrumb\",\"itemListElement\":[{\"@type\":\"ListItem\",\"position\":1,\"name\":\"Home\",\"item\":\"https:\\\/\\\/www.venisecollection.com\\\/fr\\\/boutique\"},{\"@type\":\"ListItem\",\"position\":2,\"name\":\"Accueil\",\"item\":\"https:\\\/\\\/www.venisecollection.com\\\/fr\\\/boutique\"},{\"@type\":\"ListItem\",\"position\":3,\"name\":\"HYDRA HYR01 COULEUR OFF WHITE\"}]},{\"@type\":\"WebSite\",\"@id\":\"https:\\\/\\\/www.venisecollection.com\\\/fr#website\",\"url\":\"https:\\\/\\\/www.venisecollection.com\\\/fr\",\"name\":\"VENISE COLLECTION\",\"description\":\"\",\"publisher\":{\"@id\":\"https:\\\/\\\/www.venisecollection.com\\\/fr#organization\"},\"potentialAction\":[{\"@type\":\"SearchAction\",\"target\":{\"@type\":\"EntryPoint\",\"urlTemplate\":\"https:\\\/\\\/www.venisecollection.com\\\/fr?s={search_term_string}\"},\"query-input\":{\"@type\":\"PropertyValueSpecification\",\"valueRequired\":true,\"valueName\":\"search_term_string\"}}],\"inLanguage\":\"fr-FR\"},{\"@type\":\"Organization\",\"@id\":\"https:\\\/\\\/www.venisecollection.com\\\/fr#organization\",\"name\":\"VENISE COLLECTION\",\"url\":\"https:\\\/\\\/www.venisecollection.com\\\/fr\",\"logo\":{\"@type\":\"ImageObject\",\"inLanguage\":\"fr-FR\",\"@id\":\"https:\\\/\\\/www.venisecollection.com\\\/fr#\\\/schema\\\/logo\\\/image\\\/\",\"url\":\"https:\\\/\\\/www.venisecollection.com\\\/cdn\\\/seo.png\",\"contentUrl\":\"https:\\\/\\\/www.venisecollection.com\\\/cdn\\\/seo.png\",\"width\":1080,\"height\":1080,\"caption\":\"VENISE COLLECTION\"},\"image\":{\"@id\":\"https:\\\/\\\/www.venisecollection.com\\\/fr#\\\/schema\\\/logo\\\/image\\\/\"},\"sameAs\":[\"https:\\\/\\\/www.instagram.com\\\/venisecollection\\\/\",\"https:\\\/\\\/fr.pinterest.com\\\/venisecollection\\\/\"]}]}<\/script>\n<!-- \/ Yoast SEO plugin. -->","yoast_head_json":{"title":"HYDRA HYR01 COULEUR OFF WHITE - VENISE COLLECTION","robots":{"index":"index","follow":"follow","max-snippet":"max-snippet:-1","max-image-preview":"max-image-preview:large","max-video-preview":"max-video-preview:-1"},"canonical":"https:\/\/www.venisecollection.com\/fr\/shop\/women\/sneakers\/paul-smith-hydra","og_locale":"fr_FR","og_type":"article","og_title":"HYDRA HYR01 COULEUR OFF WHITE - VENISE COLLECTION","og_description":"Les baskets Hydra Women &#8211; Ecru de Paul Smith incarnent l&rsquo;alliance parfaite entre l&rsquo;\u00e9l\u00e9gance britannique et le confort au quotidien. Confectionn\u00e9es en cuir premium dans une douce teinte \u00e9crue, ces baskets pour femmes offrent un style raffin\u00e9 et une portabilit\u00e9 sans effort. La semelle en caoutchouc l\u00e9g\u00e8re assure un soutien durable, les rendant id\u00e9ales pour &hellip;","og_url":"https:\/\/www.venisecollection.com\/fr\/shop\/women\/sneakers\/paul-smith-hydra","og_site_name":"VENISE COLLECTION","article_modified_time":"2026-04-16T00:37:48+00:00","og_image":[{"width":1280,"height":1588,"url":"https:\/\/www.venisecollection.com\/cdn\/image-99.webp","type":"image\/webp"}],"twitter_card":"summary_large_image","twitter_misc":{"Dur\u00e9e de lecture estim\u00e9e":"1 minute"},"schema":{"@context":"https:\/\/schema.org","@graph":[{"@type":"WebPage","@id":"https:\/\/www.venisecollection.com\/fr\/shop\/women\/sneakers\/paul-smith-hydra","url":"https:\/\/www.venisecollection.com\/fr\/shop\/women\/sneakers\/paul-smith-hydra","name":"HYDRA HYR01 COULEUR OFF WHITE - VENISE COLLECTION","isPartOf":{"@id":"https:\/\/www.venisecollection.com\/fr#website"},"primaryImageOfPage":{"@id":"https:\/\/www.venisecollection.com\/fr\/shop\/women\/sneakers\/paul-smith-hydra#primaryimage"},"image":{"@id":"https:\/\/www.venisecollection.com\/fr\/shop\/women\/sneakers\/paul-smith-hydra#primaryimage"},"thumbnailUrl":"https:\/\/www.venisecollection.com\/cdn\/image-99.webp","datePublished":"2025-11-20T16:11:43+00:00","dateModified":"2026-04-16T00:37:48+00:00","breadcrumb":{"@id":"https:\/\/www.venisecollection.com\/fr\/shop\/women\/sneakers\/paul-smith-hydra#breadcrumb"},"inLanguage":"fr-FR","potentialAction":[{"@type":"ReadAction","target":["https:\/\/www.venisecollection.com\/fr\/shop\/women\/sneakers\/paul-smith-hydra"]}]},{"@type":"ImageObject","inLanguage":"fr-FR","@id":"https:\/\/www.venisecollection.com\/fr\/shop\/women\/sneakers\/paul-smith-hydra#primaryimage","url":"https:\/\/www.venisecollection.com\/cdn\/image-99.webp","contentUrl":"https:\/\/www.venisecollection.com\/cdn\/image-99.webp","width":1280,"height":1588},{"@type":"BreadcrumbList","@id":"https:\/\/www.venisecollection.com\/fr\/shop\/women\/sneakers\/paul-smith-hydra#breadcrumb","itemListElement":[{"@type":"ListItem","position":1,"name":"Home","item":"https:\/\/www.venisecollection.com\/fr\/boutique"},{"@type":"ListItem","position":2,"name":"Accueil","item":"https:\/\/www.venisecollection.com\/fr\/boutique"},{"@type":"ListItem","position":3,"name":"HYDRA HYR01 COULEUR OFF WHITE"}]},{"@type":"WebSite","@id":"https:\/\/www.venisecollection.com\/fr#website","url":"https:\/\/www.venisecollection.com\/fr","name":"VENISE COLLECTION","description":"","publisher":{"@id":"https:\/\/www.venisecollection.com\/fr#organization"},"potentialAction":[{"@type":"SearchAction","target":{"@type":"EntryPoint","urlTemplate":"https:\/\/www.venisecollection.com\/fr?s={search_term_string}"},"query-input":{"@type":"PropertyValueSpecification","valueRequired":true,"valueName":"search_term_string"}}],"inLanguage":"fr-FR"},{"@type":"Organization","@id":"https:\/\/www.venisecollection.com\/fr#organization","name":"VENISE COLLECTION","url":"https:\/\/www.venisecollection.com\/fr","logo":{"@type":"ImageObject","inLanguage":"fr-FR","@id":"https:\/\/www.venisecollection.com\/fr#\/schema\/logo\/image\/","url":"https:\/\/www.venisecollection.com\/cdn\/seo.png","contentUrl":"https:\/\/www.venisecollection.com\/cdn\/seo.png","width":1080,"height":1080,"caption":"VENISE COLLECTION"},"image":{"@id":"https:\/\/www.venisecollection.com\/fr#\/schema\/logo\/image\/"},"sameAs":["https:\/\/www.instagram.com\/venisecollection\/","https:\/\/fr.pinterest.com\/venisecollection\/"]}]}},"_links":{"self":[{"href":"https:\/\/www.venisecollection.com\/fr\/wp-json\/wp\/v2\/product\/4626","targetHints":{"allow":["GET"]}}],"collection":[{"href":"https:\/\/www.venisecollection.com\/fr\/wp-json\/wp\/v2\/product"}],"about":[{"href":"https:\/\/www.venisecollection.com\/fr\/wp-json\/wp\/v2\/types\/product"}],"wp:featuredmedia":[{"embeddable":true,"href":"https:\/\/www.venisecollection.com\/fr\/wp-json\/wp\/v2\/media\/4622"}],"wp:attachment":[{"href":"https:\/\/www.venisecollection.com\/fr\/wp-json\/wp\/v2\/media?parent=4626"}],"wp:term":[{"taxonomy":"product_brand","embeddable":true,"href":"https:\/\/www.venisecollection.com\/fr\/wp-json\/wp\/v2\/product_brand?post=4626"},{"taxonomy":"product_cat","embeddable":true,"href":"https:\/\/www.venisecollection.com\/fr\/wp-json\/wp\/v2\/product_cat?post=4626"},{"taxonomy":"product_tag","embeddable":true,"href":"https:\/\/www.venisecollection.com\/fr\/wp-json\/wp\/v2\/product_tag?post=4626"}],"curies":[{"name":"wp","href":"https:\/\/api.w.org\/{rel}","templated":true}]}}