{"id":4659,"date":"2025-11-20T16:11:49","date_gmt":"2025-11-20T16:11:49","guid":{"rendered":"https:\/\/www.venisecollection.com\/shop\/women\/non%20class\u00e9\/paul-smith-atlanta\/"},"modified":"2026-05-04T00:22:51","modified_gmt":"2026-05-04T00:22:51","slug":"paul-smith-atlanta","status":"publish","type":"product","link":"https:\/\/www.venisecollection.com\/fr\/shop\/women\/sneakers-fr\/paul-smith-atlanta","title":{"rendered":"Paul Smith Atlanta"},"content":{"rendered":"<p style=\"text-align: justify;\" data-start=\"1285\" data-end=\"1653\">Les baskets Atlanta de Paul Smith offrent une exp\u00e9rience de sneaker f\u00e9minine raffin\u00e9e pour les femmes qui appr\u00e9cient la qualit\u00e9, le confort et un design intemporel. Fabriqu\u00e9es en cuir de premi\u00e8re qualit\u00e9 et inspir\u00e9es de l&rsquo;esth\u00e9tique classique des chaussures de course, ces baskets sont parfaitement adapt\u00e9es \u00e0 un usage quotidien en milieu urbain. <\/p>\n<p style=\"text-align: justify;\" data-start=\"1846\" data-end=\"1861\">Caract\u00e9ristiques : Design f\u00e9minin inspir\u00e9 des styles de course classiques &#8211; Tige en cuir premium et mat\u00e9riaux soigneusement s\u00e9lectionn\u00e9s pour la durabilit\u00e9 et le confort &#8211; Semelle en caoutchouc durable optimis\u00e9e pour une longue dur\u00e9e de vie et une utilisation urbaine &#8211; Marque Paul Smith, gage d&rsquo;un savoir-faire exceptionnel.<\/p>\n","protected":false},"excerpt":{"rendered":"<p>Les baskets Atlanta de Paul Smith offrent une exp\u00e9rience de sneaker f\u00e9minine raffin\u00e9e pour les femmes qui appr\u00e9cient la qualit\u00e9, le confort et un design intemporel. Fabriqu\u00e9es en cuir de premi\u00e8re qualit\u00e9 et inspir\u00e9es de l&rsquo;esth\u00e9tique classique des chaussures de course, ces baskets sont parfaitement adapt\u00e9es \u00e0 un usage quotidien en milieu urbain. Caract\u00e9ristiques : &hellip;<\/p>\n","protected":false},"featured_media":4655,"template":"","meta":[],"product_brand":[353],"product_cat":[106],"product_tag":[],"class_list":{"0":"post-4659","1":"product","2":"type-product","3":"status-publish","4":"has-post-thumbnail","6":"product_brand-paul-smith","7":"product_cat-sneakers-fr","9":"first","10":"instock","11":"shipping-taxable","12":"purchasable","13":"product-type-variable","14":"has-default-attributes"},"yoast_head":"<!-- This site is optimized with the Yoast SEO plugin v27.5 - https:\/\/yoast.com\/product\/yoast-seo-wordpress\/ -->\n<title>Paul Smith Atlanta - VENISE COLLECTION<\/title>\n<meta name=\"robots\" content=\"index, follow, max-snippet:-1, max-image-preview:large, max-video-preview:-1\" \/>\n<link rel=\"canonical\" href=\"https:\/\/www.venisecollection.com\/fr\/shop\/women\/sneakers-fr\/paul-smith-atlanta\" \/>\n<meta property=\"og:locale\" content=\"fr_FR\" \/>\n<meta property=\"og:type\" content=\"article\" \/>\n<meta property=\"og:title\" content=\"Paul Smith Atlanta - VENISE COLLECTION\" \/>\n<meta property=\"og:description\" content=\"Les baskets Atlanta de Paul Smith offrent une exp\u00e9rience de sneaker f\u00e9minine raffin\u00e9e pour les femmes qui appr\u00e9cient la qualit\u00e9, le confort et un design intemporel. Fabriqu\u00e9es en cuir de premi\u00e8re qualit\u00e9 et inspir\u00e9es de l&rsquo;esth\u00e9tique classique des chaussures de course, ces baskets sont parfaitement adapt\u00e9es \u00e0 un usage quotidien en milieu urbain. Caract\u00e9ristiques : &hellip;\" \/>\n<meta property=\"og:url\" content=\"https:\/\/www.venisecollection.com\/fr\/shop\/women\/sneakers-fr\/paul-smith-atlanta\" \/>\n<meta property=\"og:site_name\" content=\"VENISE COLLECTION\" \/>\n<meta property=\"article:modified_time\" content=\"2026-05-04T00:22:51+00:00\" \/>\n<meta property=\"og:image\" content=\"https:\/\/www.venisecollection.com\/cdn\/image-109.webp\" \/>\n\t<meta property=\"og:image:width\" content=\"1280\" \/>\n\t<meta property=\"og:image:height\" content=\"1588\" \/>\n\t<meta property=\"og:image:type\" content=\"image\/webp\" \/>\n<meta name=\"twitter:card\" content=\"summary_large_image\" \/>\n<meta name=\"twitter:label1\" content=\"Dur\u00e9e de lecture estim\u00e9e\" \/>\n\t<meta name=\"twitter:data1\" content=\"1 minute\" \/>\n<script type=\"application\/ld+json\" class=\"yoast-schema-graph\">{\"@context\":\"https:\\\/\\\/schema.org\",\"@graph\":[{\"@type\":\"WebPage\",\"@id\":\"https:\\\/\\\/www.venisecollection.com\\\/fr\\\/shop\\\/women\\\/sneakers-fr\\\/paul-smith-atlanta\",\"url\":\"https:\\\/\\\/www.venisecollection.com\\\/fr\\\/shop\\\/women\\\/sneakers-fr\\\/paul-smith-atlanta\",\"name\":\"Paul Smith Atlanta - VENISE COLLECTION\",\"isPartOf\":{\"@id\":\"https:\\\/\\\/www.venisecollection.com\\\/fr#website\"},\"primaryImageOfPage\":{\"@id\":\"https:\\\/\\\/www.venisecollection.com\\\/fr\\\/shop\\\/women\\\/sneakers-fr\\\/paul-smith-atlanta#primaryimage\"},\"image\":{\"@id\":\"https:\\\/\\\/www.venisecollection.com\\\/fr\\\/shop\\\/women\\\/sneakers-fr\\\/paul-smith-atlanta#primaryimage\"},\"thumbnailUrl\":\"https:\\\/\\\/www.venisecollection.com\\\/cdn\\\/image-109.webp\",\"datePublished\":\"2025-11-20T16:11:49+00:00\",\"dateModified\":\"2026-05-04T00:22:51+00:00\",\"breadcrumb\":{\"@id\":\"https:\\\/\\\/www.venisecollection.com\\\/fr\\\/shop\\\/women\\\/sneakers-fr\\\/paul-smith-atlanta#breadcrumb\"},\"inLanguage\":\"fr-FR\",\"potentialAction\":[{\"@type\":\"ReadAction\",\"target\":[\"https:\\\/\\\/www.venisecollection.com\\\/fr\\\/shop\\\/women\\\/sneakers-fr\\\/paul-smith-atlanta\"]}]},{\"@type\":\"ImageObject\",\"inLanguage\":\"fr-FR\",\"@id\":\"https:\\\/\\\/www.venisecollection.com\\\/fr\\\/shop\\\/women\\\/sneakers-fr\\\/paul-smith-atlanta#primaryimage\",\"url\":\"https:\\\/\\\/www.venisecollection.com\\\/cdn\\\/image-109.webp\",\"contentUrl\":\"https:\\\/\\\/www.venisecollection.com\\\/cdn\\\/image-109.webp\",\"width\":1280,\"height\":1588},{\"@type\":\"BreadcrumbList\",\"@id\":\"https:\\\/\\\/www.venisecollection.com\\\/fr\\\/shop\\\/women\\\/sneakers-fr\\\/paul-smith-atlanta#breadcrumb\",\"itemListElement\":[{\"@type\":\"ListItem\",\"position\":1,\"name\":\"Home\",\"item\":\"https:\\\/\\\/www.venisecollection.com\\\/fr\\\/boutique\"},{\"@type\":\"ListItem\",\"position\":2,\"name\":\"Accueil\",\"item\":\"https:\\\/\\\/www.venisecollection.com\\\/fr\\\/boutique\"},{\"@type\":\"ListItem\",\"position\":3,\"name\":\"Paul Smith Atlanta\"}]},{\"@type\":\"WebSite\",\"@id\":\"https:\\\/\\\/www.venisecollection.com\\\/fr#website\",\"url\":\"https:\\\/\\\/www.venisecollection.com\\\/fr\",\"name\":\"VENISE COLLECTION\",\"description\":\"\",\"publisher\":{\"@id\":\"https:\\\/\\\/www.venisecollection.com\\\/fr#organization\"},\"potentialAction\":[{\"@type\":\"SearchAction\",\"target\":{\"@type\":\"EntryPoint\",\"urlTemplate\":\"https:\\\/\\\/www.venisecollection.com\\\/fr?s={search_term_string}\"},\"query-input\":{\"@type\":\"PropertyValueSpecification\",\"valueRequired\":true,\"valueName\":\"search_term_string\"}}],\"inLanguage\":\"fr-FR\"},{\"@type\":\"Organization\",\"@id\":\"https:\\\/\\\/www.venisecollection.com\\\/fr#organization\",\"name\":\"VENISE COLLECTION\",\"url\":\"https:\\\/\\\/www.venisecollection.com\\\/fr\",\"logo\":{\"@type\":\"ImageObject\",\"inLanguage\":\"fr-FR\",\"@id\":\"https:\\\/\\\/www.venisecollection.com\\\/fr#\\\/schema\\\/logo\\\/image\\\/\",\"url\":\"https:\\\/\\\/www.venisecollection.com\\\/cdn\\\/seo.png\",\"contentUrl\":\"https:\\\/\\\/www.venisecollection.com\\\/cdn\\\/seo.png\",\"width\":1080,\"height\":1080,\"caption\":\"VENISE COLLECTION\"},\"image\":{\"@id\":\"https:\\\/\\\/www.venisecollection.com\\\/fr#\\\/schema\\\/logo\\\/image\\\/\"},\"sameAs\":[\"https:\\\/\\\/www.instagram.com\\\/venisecollection\\\/\",\"https:\\\/\\\/fr.pinterest.com\\\/venisecollection\\\/\"]}]}<\/script>\n<!-- \/ Yoast SEO plugin. -->","yoast_head_json":{"title":"Paul Smith Atlanta - VENISE COLLECTION","robots":{"index":"index","follow":"follow","max-snippet":"max-snippet:-1","max-image-preview":"max-image-preview:large","max-video-preview":"max-video-preview:-1"},"canonical":"https:\/\/www.venisecollection.com\/fr\/shop\/women\/sneakers-fr\/paul-smith-atlanta","og_locale":"fr_FR","og_type":"article","og_title":"Paul Smith Atlanta - VENISE COLLECTION","og_description":"Les baskets Atlanta de Paul Smith offrent une exp\u00e9rience de sneaker f\u00e9minine raffin\u00e9e pour les femmes qui appr\u00e9cient la qualit\u00e9, le confort et un design intemporel. Fabriqu\u00e9es en cuir de premi\u00e8re qualit\u00e9 et inspir\u00e9es de l&rsquo;esth\u00e9tique classique des chaussures de course, ces baskets sont parfaitement adapt\u00e9es \u00e0 un usage quotidien en milieu urbain. Caract\u00e9ristiques : &hellip;","og_url":"https:\/\/www.venisecollection.com\/fr\/shop\/women\/sneakers-fr\/paul-smith-atlanta","og_site_name":"VENISE COLLECTION","article_modified_time":"2026-05-04T00:22:51+00:00","og_image":[{"width":1280,"height":1588,"url":"https:\/\/www.venisecollection.com\/cdn\/image-109.webp","type":"image\/webp"}],"twitter_card":"summary_large_image","twitter_misc":{"Dur\u00e9e de lecture estim\u00e9e":"1 minute"},"schema":{"@context":"https:\/\/schema.org","@graph":[{"@type":"WebPage","@id":"https:\/\/www.venisecollection.com\/fr\/shop\/women\/sneakers-fr\/paul-smith-atlanta","url":"https:\/\/www.venisecollection.com\/fr\/shop\/women\/sneakers-fr\/paul-smith-atlanta","name":"Paul Smith Atlanta - VENISE COLLECTION","isPartOf":{"@id":"https:\/\/www.venisecollection.com\/fr#website"},"primaryImageOfPage":{"@id":"https:\/\/www.venisecollection.com\/fr\/shop\/women\/sneakers-fr\/paul-smith-atlanta#primaryimage"},"image":{"@id":"https:\/\/www.venisecollection.com\/fr\/shop\/women\/sneakers-fr\/paul-smith-atlanta#primaryimage"},"thumbnailUrl":"https:\/\/www.venisecollection.com\/cdn\/image-109.webp","datePublished":"2025-11-20T16:11:49+00:00","dateModified":"2026-05-04T00:22:51+00:00","breadcrumb":{"@id":"https:\/\/www.venisecollection.com\/fr\/shop\/women\/sneakers-fr\/paul-smith-atlanta#breadcrumb"},"inLanguage":"fr-FR","potentialAction":[{"@type":"ReadAction","target":["https:\/\/www.venisecollection.com\/fr\/shop\/women\/sneakers-fr\/paul-smith-atlanta"]}]},{"@type":"ImageObject","inLanguage":"fr-FR","@id":"https:\/\/www.venisecollection.com\/fr\/shop\/women\/sneakers-fr\/paul-smith-atlanta#primaryimage","url":"https:\/\/www.venisecollection.com\/cdn\/image-109.webp","contentUrl":"https:\/\/www.venisecollection.com\/cdn\/image-109.webp","width":1280,"height":1588},{"@type":"BreadcrumbList","@id":"https:\/\/www.venisecollection.com\/fr\/shop\/women\/sneakers-fr\/paul-smith-atlanta#breadcrumb","itemListElement":[{"@type":"ListItem","position":1,"name":"Home","item":"https:\/\/www.venisecollection.com\/fr\/boutique"},{"@type":"ListItem","position":2,"name":"Accueil","item":"https:\/\/www.venisecollection.com\/fr\/boutique"},{"@type":"ListItem","position":3,"name":"Paul Smith Atlanta"}]},{"@type":"WebSite","@id":"https:\/\/www.venisecollection.com\/fr#website","url":"https:\/\/www.venisecollection.com\/fr","name":"VENISE COLLECTION","description":"","publisher":{"@id":"https:\/\/www.venisecollection.com\/fr#organization"},"potentialAction":[{"@type":"SearchAction","target":{"@type":"EntryPoint","urlTemplate":"https:\/\/www.venisecollection.com\/fr?s={search_term_string}"},"query-input":{"@type":"PropertyValueSpecification","valueRequired":true,"valueName":"search_term_string"}}],"inLanguage":"fr-FR"},{"@type":"Organization","@id":"https:\/\/www.venisecollection.com\/fr#organization","name":"VENISE COLLECTION","url":"https:\/\/www.venisecollection.com\/fr","logo":{"@type":"ImageObject","inLanguage":"fr-FR","@id":"https:\/\/www.venisecollection.com\/fr#\/schema\/logo\/image\/","url":"https:\/\/www.venisecollection.com\/cdn\/seo.png","contentUrl":"https:\/\/www.venisecollection.com\/cdn\/seo.png","width":1080,"height":1080,"caption":"VENISE COLLECTION"},"image":{"@id":"https:\/\/www.venisecollection.com\/fr#\/schema\/logo\/image\/"},"sameAs":["https:\/\/www.instagram.com\/venisecollection\/","https:\/\/fr.pinterest.com\/venisecollection\/"]}]}},"_links":{"self":[{"href":"https:\/\/www.venisecollection.com\/fr\/wp-json\/wp\/v2\/product\/4659","targetHints":{"allow":["GET"]}}],"collection":[{"href":"https:\/\/www.venisecollection.com\/fr\/wp-json\/wp\/v2\/product"}],"about":[{"href":"https:\/\/www.venisecollection.com\/fr\/wp-json\/wp\/v2\/types\/product"}],"wp:featuredmedia":[{"embeddable":true,"href":"https:\/\/www.venisecollection.com\/fr\/wp-json\/wp\/v2\/media\/4655"}],"wp:attachment":[{"href":"https:\/\/www.venisecollection.com\/fr\/wp-json\/wp\/v2\/media?parent=4659"}],"wp:term":[{"taxonomy":"product_brand","embeddable":true,"href":"https:\/\/www.venisecollection.com\/fr\/wp-json\/wp\/v2\/product_brand?post=4659"},{"taxonomy":"product_cat","embeddable":true,"href":"https:\/\/www.venisecollection.com\/fr\/wp-json\/wp\/v2\/product_cat?post=4659"},{"taxonomy":"product_tag","embeddable":true,"href":"https:\/\/www.venisecollection.com\/fr\/wp-json\/wp\/v2\/product_tag?post=4659"}],"curies":[{"name":"wp","href":"https:\/\/api.w.org\/{rel}","templated":true}]}}