{"id":4736,"date":"2025-11-20T16:13:47","date_gmt":"2025-11-20T16:13:47","guid":{"rendered":"https:\/\/www.venisecollection.com\/shop\/women\/non%20class\u00e9\/vitello-tejus-marrone\/"},"modified":"2026-04-30T00:49:51","modified_gmt":"2026-04-30T00:49:51","slug":"vitello-tejus-marrone","status":"publish","type":"product","link":"https:\/\/www.venisecollection.com\/fr\/shop\/women\/loafers-and-derbies\/vitello-tejus-marrone","title":{"rendered":"Vitello Tejus Marrone"},"content":{"rendered":"<p style=\"text-align: justify;\" data-start=\"1064\" data-end=\"1492\">Les mocassins pour femmes Vitello Tejus Marrone de VENISE COLLECTION allient \u00e9l\u00e9gance et confort ultime. Avec une partie avant textur\u00e9e comme la peau et enti\u00e8rement fabriqu\u00e9s en cuir naturel de haute qualit\u00e9, ces chaussures dans une nuance de marron chaud compl\u00e8tent parfaitement n&rsquo;importe quelle tenue, offrant un look sophistiqu\u00e9 et moderne. Con\u00e7us pour les femmes, ils sont id\u00e9aux aussi bien pour un usage quotidien que pour des occasions sp\u00e9ciales.  <\/p>\n","protected":false},"excerpt":{"rendered":"<p>Les mocassins pour femmes Vitello Tejus Marrone de VENISE COLLECTION allient \u00e9l\u00e9gance et confort ultime. Avec une partie avant textur\u00e9e comme la peau et enti\u00e8rement fabriqu\u00e9s en cuir naturel de haute qualit\u00e9, ces chaussures dans une nuance de marron chaud compl\u00e8tent parfaitement n&rsquo;importe quelle tenue, offrant un look sophistiqu\u00e9 et moderne. Con\u00e7us pour les femmes, &hellip;<\/p>\n","protected":false},"featured_media":4732,"template":"","meta":[],"product_brand":[69],"product_cat":[72],"product_tag":[],"class_list":{"0":"post-4736","1":"product","2":"type-product","3":"status-publish","4":"has-post-thumbnail","6":"product_brand-venise-collection","7":"product_cat-loafers-and-derbies","9":"first","10":"instock","11":"shipping-taxable","12":"purchasable","13":"product-type-variable","14":"has-default-attributes"},"yoast_head":"<!-- This site is optimized with the Yoast SEO plugin v27.5 - https:\/\/yoast.com\/product\/yoast-seo-wordpress\/ -->\n<title>Vitello Tejus Marrone - VENISE COLLECTION<\/title>\n<meta name=\"robots\" content=\"index, follow, max-snippet:-1, max-image-preview:large, max-video-preview:-1\" \/>\n<link rel=\"canonical\" href=\"https:\/\/www.venisecollection.com\/fr\/shop\/women\/loafers-and-derbies\/vitello-tejus-marrone\" \/>\n<meta property=\"og:locale\" content=\"fr_FR\" \/>\n<meta property=\"og:type\" content=\"article\" \/>\n<meta property=\"og:title\" content=\"Vitello Tejus Marrone - VENISE COLLECTION\" \/>\n<meta property=\"og:description\" content=\"Les mocassins pour femmes Vitello Tejus Marrone de VENISE COLLECTION allient \u00e9l\u00e9gance et confort ultime. Avec une partie avant textur\u00e9e comme la peau et enti\u00e8rement fabriqu\u00e9s en cuir naturel de haute qualit\u00e9, ces chaussures dans une nuance de marron chaud compl\u00e8tent parfaitement n&rsquo;importe quelle tenue, offrant un look sophistiqu\u00e9 et moderne. Con\u00e7us pour les femmes, &hellip;\" \/>\n<meta property=\"og:url\" content=\"https:\/\/www.venisecollection.com\/fr\/shop\/women\/loafers-and-derbies\/vitello-tejus-marrone\" \/>\n<meta property=\"og:site_name\" content=\"VENISE COLLECTION\" \/>\n<meta property=\"article:modified_time\" content=\"2026-04-30T00:49:51+00:00\" \/>\n<meta property=\"og:image\" content=\"https:\/\/www.venisecollection.com\/cdn\/image.psd-111.webp\" \/>\n\t<meta property=\"og:image:width\" content=\"1280\" \/>\n\t<meta property=\"og:image:height\" content=\"1588\" \/>\n\t<meta property=\"og:image:type\" content=\"image\/webp\" \/>\n<meta name=\"twitter:card\" content=\"summary_large_image\" \/>\n<script type=\"application\/ld+json\" class=\"yoast-schema-graph\">{\"@context\":\"https:\\\/\\\/schema.org\",\"@graph\":[{\"@type\":\"WebPage\",\"@id\":\"https:\\\/\\\/www.venisecollection.com\\\/fr\\\/shop\\\/women\\\/loafers-and-derbies\\\/vitello-tejus-marrone\",\"url\":\"https:\\\/\\\/www.venisecollection.com\\\/fr\\\/shop\\\/women\\\/loafers-and-derbies\\\/vitello-tejus-marrone\",\"name\":\"Vitello Tejus Marrone - VENISE COLLECTION\",\"isPartOf\":{\"@id\":\"https:\\\/\\\/www.venisecollection.com\\\/fr#website\"},\"primaryImageOfPage\":{\"@id\":\"https:\\\/\\\/www.venisecollection.com\\\/fr\\\/shop\\\/women\\\/loafers-and-derbies\\\/vitello-tejus-marrone#primaryimage\"},\"image\":{\"@id\":\"https:\\\/\\\/www.venisecollection.com\\\/fr\\\/shop\\\/women\\\/loafers-and-derbies\\\/vitello-tejus-marrone#primaryimage\"},\"thumbnailUrl\":\"https:\\\/\\\/www.venisecollection.com\\\/cdn\\\/image.psd-111.webp\",\"datePublished\":\"2025-11-20T16:13:47+00:00\",\"dateModified\":\"2026-04-30T00:49:51+00:00\",\"breadcrumb\":{\"@id\":\"https:\\\/\\\/www.venisecollection.com\\\/fr\\\/shop\\\/women\\\/loafers-and-derbies\\\/vitello-tejus-marrone#breadcrumb\"},\"inLanguage\":\"fr-FR\",\"potentialAction\":[{\"@type\":\"ReadAction\",\"target\":[\"https:\\\/\\\/www.venisecollection.com\\\/fr\\\/shop\\\/women\\\/loafers-and-derbies\\\/vitello-tejus-marrone\"]}]},{\"@type\":\"ImageObject\",\"inLanguage\":\"fr-FR\",\"@id\":\"https:\\\/\\\/www.venisecollection.com\\\/fr\\\/shop\\\/women\\\/loafers-and-derbies\\\/vitello-tejus-marrone#primaryimage\",\"url\":\"https:\\\/\\\/www.venisecollection.com\\\/cdn\\\/image.psd-111.webp\",\"contentUrl\":\"https:\\\/\\\/www.venisecollection.com\\\/cdn\\\/image.psd-111.webp\",\"width\":1280,\"height\":1588},{\"@type\":\"BreadcrumbList\",\"@id\":\"https:\\\/\\\/www.venisecollection.com\\\/fr\\\/shop\\\/women\\\/loafers-and-derbies\\\/vitello-tejus-marrone#breadcrumb\",\"itemListElement\":[{\"@type\":\"ListItem\",\"position\":1,\"name\":\"Home\",\"item\":\"https:\\\/\\\/www.venisecollection.com\\\/fr\\\/boutique\"},{\"@type\":\"ListItem\",\"position\":2,\"name\":\"Accueil\",\"item\":\"https:\\\/\\\/www.venisecollection.com\\\/fr\\\/boutique\"},{\"@type\":\"ListItem\",\"position\":3,\"name\":\"Vitello Tejus Marrone\"}]},{\"@type\":\"WebSite\",\"@id\":\"https:\\\/\\\/www.venisecollection.com\\\/fr#website\",\"url\":\"https:\\\/\\\/www.venisecollection.com\\\/fr\",\"name\":\"VENISE COLLECTION\",\"description\":\"\",\"publisher\":{\"@id\":\"https:\\\/\\\/www.venisecollection.com\\\/fr#organization\"},\"potentialAction\":[{\"@type\":\"SearchAction\",\"target\":{\"@type\":\"EntryPoint\",\"urlTemplate\":\"https:\\\/\\\/www.venisecollection.com\\\/fr?s={search_term_string}\"},\"query-input\":{\"@type\":\"PropertyValueSpecification\",\"valueRequired\":true,\"valueName\":\"search_term_string\"}}],\"inLanguage\":\"fr-FR\"},{\"@type\":\"Organization\",\"@id\":\"https:\\\/\\\/www.venisecollection.com\\\/fr#organization\",\"name\":\"VENISE COLLECTION\",\"url\":\"https:\\\/\\\/www.venisecollection.com\\\/fr\",\"logo\":{\"@type\":\"ImageObject\",\"inLanguage\":\"fr-FR\",\"@id\":\"https:\\\/\\\/www.venisecollection.com\\\/fr#\\\/schema\\\/logo\\\/image\\\/\",\"url\":\"https:\\\/\\\/www.venisecollection.com\\\/cdn\\\/seo.png\",\"contentUrl\":\"https:\\\/\\\/www.venisecollection.com\\\/cdn\\\/seo.png\",\"width\":1080,\"height\":1080,\"caption\":\"VENISE COLLECTION\"},\"image\":{\"@id\":\"https:\\\/\\\/www.venisecollection.com\\\/fr#\\\/schema\\\/logo\\\/image\\\/\"},\"sameAs\":[\"https:\\\/\\\/www.instagram.com\\\/venisecollection\\\/\",\"https:\\\/\\\/fr.pinterest.com\\\/venisecollection\\\/\"]}]}<\/script>\n<!-- \/ Yoast SEO plugin. -->","yoast_head_json":{"title":"Vitello Tejus Marrone - VENISE COLLECTION","robots":{"index":"index","follow":"follow","max-snippet":"max-snippet:-1","max-image-preview":"max-image-preview:large","max-video-preview":"max-video-preview:-1"},"canonical":"https:\/\/www.venisecollection.com\/fr\/shop\/women\/loafers-and-derbies\/vitello-tejus-marrone","og_locale":"fr_FR","og_type":"article","og_title":"Vitello Tejus Marrone - VENISE COLLECTION","og_description":"Les mocassins pour femmes Vitello Tejus Marrone de VENISE COLLECTION allient \u00e9l\u00e9gance et confort ultime. Avec une partie avant textur\u00e9e comme la peau et enti\u00e8rement fabriqu\u00e9s en cuir naturel de haute qualit\u00e9, ces chaussures dans une nuance de marron chaud compl\u00e8tent parfaitement n&rsquo;importe quelle tenue, offrant un look sophistiqu\u00e9 et moderne. Con\u00e7us pour les femmes, &hellip;","og_url":"https:\/\/www.venisecollection.com\/fr\/shop\/women\/loafers-and-derbies\/vitello-tejus-marrone","og_site_name":"VENISE COLLECTION","article_modified_time":"2026-04-30T00:49:51+00:00","og_image":[{"width":1280,"height":1588,"url":"https:\/\/www.venisecollection.com\/cdn\/image.psd-111.webp","type":"image\/webp"}],"twitter_card":"summary_large_image","schema":{"@context":"https:\/\/schema.org","@graph":[{"@type":"WebPage","@id":"https:\/\/www.venisecollection.com\/fr\/shop\/women\/loafers-and-derbies\/vitello-tejus-marrone","url":"https:\/\/www.venisecollection.com\/fr\/shop\/women\/loafers-and-derbies\/vitello-tejus-marrone","name":"Vitello Tejus Marrone - VENISE COLLECTION","isPartOf":{"@id":"https:\/\/www.venisecollection.com\/fr#website"},"primaryImageOfPage":{"@id":"https:\/\/www.venisecollection.com\/fr\/shop\/women\/loafers-and-derbies\/vitello-tejus-marrone#primaryimage"},"image":{"@id":"https:\/\/www.venisecollection.com\/fr\/shop\/women\/loafers-and-derbies\/vitello-tejus-marrone#primaryimage"},"thumbnailUrl":"https:\/\/www.venisecollection.com\/cdn\/image.psd-111.webp","datePublished":"2025-11-20T16:13:47+00:00","dateModified":"2026-04-30T00:49:51+00:00","breadcrumb":{"@id":"https:\/\/www.venisecollection.com\/fr\/shop\/women\/loafers-and-derbies\/vitello-tejus-marrone#breadcrumb"},"inLanguage":"fr-FR","potentialAction":[{"@type":"ReadAction","target":["https:\/\/www.venisecollection.com\/fr\/shop\/women\/loafers-and-derbies\/vitello-tejus-marrone"]}]},{"@type":"ImageObject","inLanguage":"fr-FR","@id":"https:\/\/www.venisecollection.com\/fr\/shop\/women\/loafers-and-derbies\/vitello-tejus-marrone#primaryimage","url":"https:\/\/www.venisecollection.com\/cdn\/image.psd-111.webp","contentUrl":"https:\/\/www.venisecollection.com\/cdn\/image.psd-111.webp","width":1280,"height":1588},{"@type":"BreadcrumbList","@id":"https:\/\/www.venisecollection.com\/fr\/shop\/women\/loafers-and-derbies\/vitello-tejus-marrone#breadcrumb","itemListElement":[{"@type":"ListItem","position":1,"name":"Home","item":"https:\/\/www.venisecollection.com\/fr\/boutique"},{"@type":"ListItem","position":2,"name":"Accueil","item":"https:\/\/www.venisecollection.com\/fr\/boutique"},{"@type":"ListItem","position":3,"name":"Vitello Tejus Marrone"}]},{"@type":"WebSite","@id":"https:\/\/www.venisecollection.com\/fr#website","url":"https:\/\/www.venisecollection.com\/fr","name":"VENISE COLLECTION","description":"","publisher":{"@id":"https:\/\/www.venisecollection.com\/fr#organization"},"potentialAction":[{"@type":"SearchAction","target":{"@type":"EntryPoint","urlTemplate":"https:\/\/www.venisecollection.com\/fr?s={search_term_string}"},"query-input":{"@type":"PropertyValueSpecification","valueRequired":true,"valueName":"search_term_string"}}],"inLanguage":"fr-FR"},{"@type":"Organization","@id":"https:\/\/www.venisecollection.com\/fr#organization","name":"VENISE COLLECTION","url":"https:\/\/www.venisecollection.com\/fr","logo":{"@type":"ImageObject","inLanguage":"fr-FR","@id":"https:\/\/www.venisecollection.com\/fr#\/schema\/logo\/image\/","url":"https:\/\/www.venisecollection.com\/cdn\/seo.png","contentUrl":"https:\/\/www.venisecollection.com\/cdn\/seo.png","width":1080,"height":1080,"caption":"VENISE COLLECTION"},"image":{"@id":"https:\/\/www.venisecollection.com\/fr#\/schema\/logo\/image\/"},"sameAs":["https:\/\/www.instagram.com\/venisecollection\/","https:\/\/fr.pinterest.com\/venisecollection\/"]}]}},"_links":{"self":[{"href":"https:\/\/www.venisecollection.com\/fr\/wp-json\/wp\/v2\/product\/4736","targetHints":{"allow":["GET"]}}],"collection":[{"href":"https:\/\/www.venisecollection.com\/fr\/wp-json\/wp\/v2\/product"}],"about":[{"href":"https:\/\/www.venisecollection.com\/fr\/wp-json\/wp\/v2\/types\/product"}],"wp:featuredmedia":[{"embeddable":true,"href":"https:\/\/www.venisecollection.com\/fr\/wp-json\/wp\/v2\/media\/4732"}],"wp:attachment":[{"href":"https:\/\/www.venisecollection.com\/fr\/wp-json\/wp\/v2\/media?parent=4736"}],"wp:term":[{"taxonomy":"product_brand","embeddable":true,"href":"https:\/\/www.venisecollection.com\/fr\/wp-json\/wp\/v2\/product_brand?post=4736"},{"taxonomy":"product_cat","embeddable":true,"href":"https:\/\/www.venisecollection.com\/fr\/wp-json\/wp\/v2\/product_cat?post=4736"},{"taxonomy":"product_tag","embeddable":true,"href":"https:\/\/www.venisecollection.com\/fr\/wp-json\/wp\/v2\/product_tag?post=4736"}],"curies":[{"name":"wp","href":"https:\/\/api.w.org\/{rel}","templated":true}]}}