{"id":4813,"date":"2025-11-20T16:09:58","date_gmt":"2025-11-20T16:09:58","guid":{"rendered":"https:\/\/www.venisecollection.com\/shop\/women\/non%20class\u00e9\/roberto-festa-axel-velours-gris\/"},"modified":"2026-04-29T01:46:39","modified_gmt":"2026-04-29T01:46:39","slug":"roberto-festa-axel-velours-gris","status":"publish","type":"product","link":"https:\/\/www.venisecollection.com\/fr\/shop\/women\/mocassins-femme\/roberto-festa-axel-velours-gris","title":{"rendered":"ROBERTO FESTA AXEL velours gris"},"content":{"rendered":"<p style=\"text-align: justify;\">Les mocassins pour femmes AXEL de Roberto Festa allient une sophistication intemporelle \u00e0 un confort moderne. Confectionn\u00e9s en \u00e9l\u00e9gant velours gris et bord\u00e9s de cuir d&rsquo;agneau doux, ils pr\u00e9sentent un talon subtil de 3 cm et un raffin\u00e9 ornement mors dor\u00e9 grav\u00e9 du logo RF. Leur silhouette effil\u00e9e assure \u00e0 la fois \u00e9l\u00e9gance et confort tout au long de la journ\u00e9e, parfaite pour le bureau ou les sorties en soir\u00e9e.  <\/p>\n","protected":false},"excerpt":{"rendered":"<p>Les mocassins pour femmes AXEL de Roberto Festa allient une sophistication intemporelle \u00e0 un confort moderne. Confectionn\u00e9s en \u00e9l\u00e9gant velours gris et bord\u00e9s de cuir d&rsquo;agneau doux, ils pr\u00e9sentent un talon subtil de 3 cm et un raffin\u00e9 ornement mors dor\u00e9 grav\u00e9 du logo RF. Leur silhouette effil\u00e9e assure \u00e0 la fois \u00e9l\u00e9gance et confort &hellip;<\/p>\n","protected":false},"featured_media":4809,"template":"","meta":[],"product_brand":[359],"product_cat":[108],"product_tag":[],"class_list":{"0":"post-4813","1":"product","2":"type-product","3":"status-publish","4":"has-post-thumbnail","6":"product_brand-roberto-festa","7":"product_cat-mocassins-femme","9":"first","10":"instock","11":"shipping-taxable","12":"purchasable","13":"product-type-variable","14":"has-default-attributes"},"yoast_head":"<!-- This site is optimized with the Yoast SEO plugin v27.5 - https:\/\/yoast.com\/product\/yoast-seo-wordpress\/ -->\n<title>ROBERTO FESTA AXEL velours gris - VENISE COLLECTION<\/title>\n<meta name=\"robots\" content=\"index, follow, max-snippet:-1, max-image-preview:large, max-video-preview:-1\" \/>\n<link rel=\"canonical\" href=\"https:\/\/www.venisecollection.com\/fr\/shop\/women\/mocassins-femme\/roberto-festa-axel-velours-gris\" \/>\n<meta property=\"og:locale\" content=\"fr_FR\" \/>\n<meta property=\"og:type\" content=\"article\" \/>\n<meta property=\"og:title\" content=\"ROBERTO FESTA AXEL velours gris - VENISE COLLECTION\" \/>\n<meta property=\"og:description\" content=\"Les mocassins pour femmes AXEL de Roberto Festa allient une sophistication intemporelle \u00e0 un confort moderne. Confectionn\u00e9s en \u00e9l\u00e9gant velours gris et bord\u00e9s de cuir d&rsquo;agneau doux, ils pr\u00e9sentent un talon subtil de 3 cm et un raffin\u00e9 ornement mors dor\u00e9 grav\u00e9 du logo RF. Leur silhouette effil\u00e9e assure \u00e0 la fois \u00e9l\u00e9gance et confort &hellip;\" \/>\n<meta property=\"og:url\" content=\"https:\/\/www.venisecollection.com\/fr\/shop\/women\/mocassins-femme\/roberto-festa-axel-velours-gris\" \/>\n<meta property=\"og:site_name\" content=\"VENISE COLLECTION\" \/>\n<meta property=\"article:modified_time\" content=\"2026-04-29T01:46:39+00:00\" \/>\n<meta property=\"og:image\" content=\"https:\/\/www.venisecollection.com\/cdn\/image.psd-184.webp\" \/>\n\t<meta property=\"og:image:width\" content=\"1280\" \/>\n\t<meta property=\"og:image:height\" content=\"1588\" \/>\n\t<meta property=\"og:image:type\" content=\"image\/webp\" \/>\n<meta name=\"twitter:card\" content=\"summary_large_image\" \/>\n<script type=\"application\/ld+json\" class=\"yoast-schema-graph\">{\"@context\":\"https:\\\/\\\/schema.org\",\"@graph\":[{\"@type\":\"WebPage\",\"@id\":\"https:\\\/\\\/www.venisecollection.com\\\/fr\\\/shop\\\/women\\\/mocassins-femme\\\/roberto-festa-axel-velours-gris\",\"url\":\"https:\\\/\\\/www.venisecollection.com\\\/fr\\\/shop\\\/women\\\/mocassins-femme\\\/roberto-festa-axel-velours-gris\",\"name\":\"ROBERTO FESTA AXEL velours gris - VENISE COLLECTION\",\"isPartOf\":{\"@id\":\"https:\\\/\\\/www.venisecollection.com\\\/fr#website\"},\"primaryImageOfPage\":{\"@id\":\"https:\\\/\\\/www.venisecollection.com\\\/fr\\\/shop\\\/women\\\/mocassins-femme\\\/roberto-festa-axel-velours-gris#primaryimage\"},\"image\":{\"@id\":\"https:\\\/\\\/www.venisecollection.com\\\/fr\\\/shop\\\/women\\\/mocassins-femme\\\/roberto-festa-axel-velours-gris#primaryimage\"},\"thumbnailUrl\":\"https:\\\/\\\/www.venisecollection.com\\\/cdn\\\/image.psd-184.webp\",\"datePublished\":\"2025-11-20T16:09:58+00:00\",\"dateModified\":\"2026-04-29T01:46:39+00:00\",\"breadcrumb\":{\"@id\":\"https:\\\/\\\/www.venisecollection.com\\\/fr\\\/shop\\\/women\\\/mocassins-femme\\\/roberto-festa-axel-velours-gris#breadcrumb\"},\"inLanguage\":\"fr-FR\",\"potentialAction\":[{\"@type\":\"ReadAction\",\"target\":[\"https:\\\/\\\/www.venisecollection.com\\\/fr\\\/shop\\\/women\\\/mocassins-femme\\\/roberto-festa-axel-velours-gris\"]}]},{\"@type\":\"ImageObject\",\"inLanguage\":\"fr-FR\",\"@id\":\"https:\\\/\\\/www.venisecollection.com\\\/fr\\\/shop\\\/women\\\/mocassins-femme\\\/roberto-festa-axel-velours-gris#primaryimage\",\"url\":\"https:\\\/\\\/www.venisecollection.com\\\/cdn\\\/image.psd-184.webp\",\"contentUrl\":\"https:\\\/\\\/www.venisecollection.com\\\/cdn\\\/image.psd-184.webp\",\"width\":1280,\"height\":1588},{\"@type\":\"BreadcrumbList\",\"@id\":\"https:\\\/\\\/www.venisecollection.com\\\/fr\\\/shop\\\/women\\\/mocassins-femme\\\/roberto-festa-axel-velours-gris#breadcrumb\",\"itemListElement\":[{\"@type\":\"ListItem\",\"position\":1,\"name\":\"Home\",\"item\":\"https:\\\/\\\/www.venisecollection.com\\\/fr\\\/boutique\"},{\"@type\":\"ListItem\",\"position\":2,\"name\":\"Accueil\",\"item\":\"https:\\\/\\\/www.venisecollection.com\\\/fr\\\/boutique\"},{\"@type\":\"ListItem\",\"position\":3,\"name\":\"ROBERTO FESTA AXEL velours gris\"}]},{\"@type\":\"WebSite\",\"@id\":\"https:\\\/\\\/www.venisecollection.com\\\/fr#website\",\"url\":\"https:\\\/\\\/www.venisecollection.com\\\/fr\",\"name\":\"VENISE COLLECTION\",\"description\":\"\",\"publisher\":{\"@id\":\"https:\\\/\\\/www.venisecollection.com\\\/fr#organization\"},\"potentialAction\":[{\"@type\":\"SearchAction\",\"target\":{\"@type\":\"EntryPoint\",\"urlTemplate\":\"https:\\\/\\\/www.venisecollection.com\\\/fr?s={search_term_string}\"},\"query-input\":{\"@type\":\"PropertyValueSpecification\",\"valueRequired\":true,\"valueName\":\"search_term_string\"}}],\"inLanguage\":\"fr-FR\"},{\"@type\":\"Organization\",\"@id\":\"https:\\\/\\\/www.venisecollection.com\\\/fr#organization\",\"name\":\"VENISE COLLECTION\",\"url\":\"https:\\\/\\\/www.venisecollection.com\\\/fr\",\"logo\":{\"@type\":\"ImageObject\",\"inLanguage\":\"fr-FR\",\"@id\":\"https:\\\/\\\/www.venisecollection.com\\\/fr#\\\/schema\\\/logo\\\/image\\\/\",\"url\":\"https:\\\/\\\/www.venisecollection.com\\\/cdn\\\/seo.png\",\"contentUrl\":\"https:\\\/\\\/www.venisecollection.com\\\/cdn\\\/seo.png\",\"width\":1080,\"height\":1080,\"caption\":\"VENISE COLLECTION\"},\"image\":{\"@id\":\"https:\\\/\\\/www.venisecollection.com\\\/fr#\\\/schema\\\/logo\\\/image\\\/\"},\"sameAs\":[\"https:\\\/\\\/www.instagram.com\\\/venisecollection\\\/\",\"https:\\\/\\\/fr.pinterest.com\\\/venisecollection\\\/\"]}]}<\/script>\n<!-- \/ Yoast SEO plugin. -->","yoast_head_json":{"title":"ROBERTO FESTA AXEL velours gris - VENISE COLLECTION","robots":{"index":"index","follow":"follow","max-snippet":"max-snippet:-1","max-image-preview":"max-image-preview:large","max-video-preview":"max-video-preview:-1"},"canonical":"https:\/\/www.venisecollection.com\/fr\/shop\/women\/mocassins-femme\/roberto-festa-axel-velours-gris","og_locale":"fr_FR","og_type":"article","og_title":"ROBERTO FESTA AXEL velours gris - VENISE COLLECTION","og_description":"Les mocassins pour femmes AXEL de Roberto Festa allient une sophistication intemporelle \u00e0 un confort moderne. Confectionn\u00e9s en \u00e9l\u00e9gant velours gris et bord\u00e9s de cuir d&rsquo;agneau doux, ils pr\u00e9sentent un talon subtil de 3 cm et un raffin\u00e9 ornement mors dor\u00e9 grav\u00e9 du logo RF. Leur silhouette effil\u00e9e assure \u00e0 la fois \u00e9l\u00e9gance et confort &hellip;","og_url":"https:\/\/www.venisecollection.com\/fr\/shop\/women\/mocassins-femme\/roberto-festa-axel-velours-gris","og_site_name":"VENISE COLLECTION","article_modified_time":"2026-04-29T01:46:39+00:00","og_image":[{"width":1280,"height":1588,"url":"https:\/\/www.venisecollection.com\/cdn\/image.psd-184.webp","type":"image\/webp"}],"twitter_card":"summary_large_image","schema":{"@context":"https:\/\/schema.org","@graph":[{"@type":"WebPage","@id":"https:\/\/www.venisecollection.com\/fr\/shop\/women\/mocassins-femme\/roberto-festa-axel-velours-gris","url":"https:\/\/www.venisecollection.com\/fr\/shop\/women\/mocassins-femme\/roberto-festa-axel-velours-gris","name":"ROBERTO FESTA AXEL velours gris - VENISE COLLECTION","isPartOf":{"@id":"https:\/\/www.venisecollection.com\/fr#website"},"primaryImageOfPage":{"@id":"https:\/\/www.venisecollection.com\/fr\/shop\/women\/mocassins-femme\/roberto-festa-axel-velours-gris#primaryimage"},"image":{"@id":"https:\/\/www.venisecollection.com\/fr\/shop\/women\/mocassins-femme\/roberto-festa-axel-velours-gris#primaryimage"},"thumbnailUrl":"https:\/\/www.venisecollection.com\/cdn\/image.psd-184.webp","datePublished":"2025-11-20T16:09:58+00:00","dateModified":"2026-04-29T01:46:39+00:00","breadcrumb":{"@id":"https:\/\/www.venisecollection.com\/fr\/shop\/women\/mocassins-femme\/roberto-festa-axel-velours-gris#breadcrumb"},"inLanguage":"fr-FR","potentialAction":[{"@type":"ReadAction","target":["https:\/\/www.venisecollection.com\/fr\/shop\/women\/mocassins-femme\/roberto-festa-axel-velours-gris"]}]},{"@type":"ImageObject","inLanguage":"fr-FR","@id":"https:\/\/www.venisecollection.com\/fr\/shop\/women\/mocassins-femme\/roberto-festa-axel-velours-gris#primaryimage","url":"https:\/\/www.venisecollection.com\/cdn\/image.psd-184.webp","contentUrl":"https:\/\/www.venisecollection.com\/cdn\/image.psd-184.webp","width":1280,"height":1588},{"@type":"BreadcrumbList","@id":"https:\/\/www.venisecollection.com\/fr\/shop\/women\/mocassins-femme\/roberto-festa-axel-velours-gris#breadcrumb","itemListElement":[{"@type":"ListItem","position":1,"name":"Home","item":"https:\/\/www.venisecollection.com\/fr\/boutique"},{"@type":"ListItem","position":2,"name":"Accueil","item":"https:\/\/www.venisecollection.com\/fr\/boutique"},{"@type":"ListItem","position":3,"name":"ROBERTO FESTA AXEL velours gris"}]},{"@type":"WebSite","@id":"https:\/\/www.venisecollection.com\/fr#website","url":"https:\/\/www.venisecollection.com\/fr","name":"VENISE COLLECTION","description":"","publisher":{"@id":"https:\/\/www.venisecollection.com\/fr#organization"},"potentialAction":[{"@type":"SearchAction","target":{"@type":"EntryPoint","urlTemplate":"https:\/\/www.venisecollection.com\/fr?s={search_term_string}"},"query-input":{"@type":"PropertyValueSpecification","valueRequired":true,"valueName":"search_term_string"}}],"inLanguage":"fr-FR"},{"@type":"Organization","@id":"https:\/\/www.venisecollection.com\/fr#organization","name":"VENISE COLLECTION","url":"https:\/\/www.venisecollection.com\/fr","logo":{"@type":"ImageObject","inLanguage":"fr-FR","@id":"https:\/\/www.venisecollection.com\/fr#\/schema\/logo\/image\/","url":"https:\/\/www.venisecollection.com\/cdn\/seo.png","contentUrl":"https:\/\/www.venisecollection.com\/cdn\/seo.png","width":1080,"height":1080,"caption":"VENISE COLLECTION"},"image":{"@id":"https:\/\/www.venisecollection.com\/fr#\/schema\/logo\/image\/"},"sameAs":["https:\/\/www.instagram.com\/venisecollection\/","https:\/\/fr.pinterest.com\/venisecollection\/"]}]}},"_links":{"self":[{"href":"https:\/\/www.venisecollection.com\/fr\/wp-json\/wp\/v2\/product\/4813","targetHints":{"allow":["GET"]}}],"collection":[{"href":"https:\/\/www.venisecollection.com\/fr\/wp-json\/wp\/v2\/product"}],"about":[{"href":"https:\/\/www.venisecollection.com\/fr\/wp-json\/wp\/v2\/types\/product"}],"wp:featuredmedia":[{"embeddable":true,"href":"https:\/\/www.venisecollection.com\/fr\/wp-json\/wp\/v2\/media\/4809"}],"wp:attachment":[{"href":"https:\/\/www.venisecollection.com\/fr\/wp-json\/wp\/v2\/media?parent=4813"}],"wp:term":[{"taxonomy":"product_brand","embeddable":true,"href":"https:\/\/www.venisecollection.com\/fr\/wp-json\/wp\/v2\/product_brand?post=4813"},{"taxonomy":"product_cat","embeddable":true,"href":"https:\/\/www.venisecollection.com\/fr\/wp-json\/wp\/v2\/product_cat?post=4813"},{"taxonomy":"product_tag","embeddable":true,"href":"https:\/\/www.venisecollection.com\/fr\/wp-json\/wp\/v2\/product_tag?post=4813"}],"curies":[{"name":"wp","href":"https:\/\/api.w.org\/{rel}","templated":true}]}}