{"id":4857,"date":"2025-11-20T16:09:20","date_gmt":"2025-11-20T16:09:20","guid":{"rendered":"https:\/\/www.venisecollection.com\/shop\/women\/non%20class\u00e9\/rock-negro\/"},"modified":"2026-04-30T00:50:03","modified_gmt":"2026-04-30T00:50:03","slug":"rock-negro","status":"publish","type":"product","link":"https:\/\/www.venisecollection.com\/fr\/shop\/women\/loafers-and-derbies\/rock-negro","title":{"rendered":"ROCK NEGRO"},"content":{"rendered":"<p style=\"text-align: justify;\">Les mocassins femme ROCK NEGRO incarnent l&rsquo;\u00e9l\u00e9gance intemporelle avec une touche de sophistication moderne. Fabriqu\u00e9s en cuir noir premium avec un l\u00e9ger brillant, ces mocassins sont orn\u00e9s d&rsquo;un \u00e9l\u00e9gant d\u00e9tail m\u00e9tallique dor\u00e9 sur le devant pour une finition luxueuse. Le talon carr\u00e9 bas offre un excellent confort pour un usage quotidien tout en conservant une silhouette raffin\u00e9e adapt\u00e9e aux looks professionnels ou d\u00e9contract\u00e9s.  <\/p>\n<p style=\"text-align: justify;\">Alliant design minimaliste et savoir-faire exquis, ROCK NEGRO s&rsquo;impose comme un essentiel raffin\u00e9 dans toute garde-robe f\u00e9minine.<\/p>\n<p style=\"text-align: justify;\">Caract\u00e9ristiques : Dessus : Cuir noir v\u00e9ritable \u2013 Doublure : Cuir souple et respirant \u2013 Semelle int\u00e9rieure : Support plantaire anatomique en cuir \u2013 Hauteur du talon : 3 cm \u2013 D\u00e9tail : Accent m\u00e9tallique dor\u00e9 \u00e9l\u00e9gant<\/p>\n","protected":false},"excerpt":{"rendered":"<p>Les mocassins femme ROCK NEGRO incarnent l&rsquo;\u00e9l\u00e9gance intemporelle avec une touche de sophistication moderne. Fabriqu\u00e9s en cuir noir premium avec un l\u00e9ger brillant, ces mocassins sont orn\u00e9s d&rsquo;un \u00e9l\u00e9gant d\u00e9tail m\u00e9tallique dor\u00e9 sur le devant pour une finition luxueuse. Le talon carr\u00e9 bas offre un excellent confort pour un usage quotidien tout en conservant une &hellip;<\/p>\n","protected":false},"featured_media":4853,"template":"","meta":[],"product_brand":[69],"product_cat":[72],"product_tag":[],"class_list":{"0":"post-4857","1":"product","2":"type-product","3":"status-publish","4":"has-post-thumbnail","6":"product_brand-venise-collection","7":"product_cat-loafers-and-derbies","9":"first","10":"instock","11":"shipping-taxable","12":"purchasable","13":"product-type-variable","14":"has-default-attributes"},"yoast_head":"<!-- This site is optimized with the Yoast SEO plugin v27.5 - https:\/\/yoast.com\/product\/yoast-seo-wordpress\/ -->\n<title>ROCK NEGRO - VENISE COLLECTION<\/title>\n<meta name=\"robots\" content=\"index, follow, max-snippet:-1, max-image-preview:large, max-video-preview:-1\" \/>\n<link rel=\"canonical\" href=\"https:\/\/www.venisecollection.com\/fr\/shop\/women\/loafers-and-derbies\/rock-negro\" \/>\n<meta property=\"og:locale\" content=\"fr_FR\" \/>\n<meta property=\"og:type\" content=\"article\" \/>\n<meta property=\"og:title\" content=\"ROCK NEGRO - VENISE COLLECTION\" \/>\n<meta property=\"og:description\" content=\"Les mocassins femme ROCK NEGRO incarnent l&rsquo;\u00e9l\u00e9gance intemporelle avec une touche de sophistication moderne. Fabriqu\u00e9s en cuir noir premium avec un l\u00e9ger brillant, ces mocassins sont orn\u00e9s d&rsquo;un \u00e9l\u00e9gant d\u00e9tail m\u00e9tallique dor\u00e9 sur le devant pour une finition luxueuse. Le talon carr\u00e9 bas offre un excellent confort pour un usage quotidien tout en conservant une &hellip;\" \/>\n<meta property=\"og:url\" content=\"https:\/\/www.venisecollection.com\/fr\/shop\/women\/loafers-and-derbies\/rock-negro\" \/>\n<meta property=\"og:site_name\" content=\"VENISE COLLECTION\" \/>\n<meta property=\"article:modified_time\" content=\"2026-04-30T00:50:03+00:00\" \/>\n<meta property=\"og:image\" content=\"https:\/\/www.venisecollection.com\/cdn\/image.psd-163.webp\" \/>\n\t<meta property=\"og:image:width\" content=\"1280\" \/>\n\t<meta property=\"og:image:height\" content=\"1588\" \/>\n\t<meta property=\"og:image:type\" content=\"image\/webp\" \/>\n<meta name=\"twitter:card\" content=\"summary_large_image\" \/>\n<meta name=\"twitter:label1\" content=\"Dur\u00e9e de lecture estim\u00e9e\" \/>\n\t<meta name=\"twitter:data1\" content=\"1 minute\" \/>\n<script type=\"application\/ld+json\" class=\"yoast-schema-graph\">{\"@context\":\"https:\\\/\\\/schema.org\",\"@graph\":[{\"@type\":\"WebPage\",\"@id\":\"https:\\\/\\\/www.venisecollection.com\\\/fr\\\/shop\\\/women\\\/loafers-and-derbies\\\/rock-negro\",\"url\":\"https:\\\/\\\/www.venisecollection.com\\\/fr\\\/shop\\\/women\\\/loafers-and-derbies\\\/rock-negro\",\"name\":\"ROCK NEGRO - VENISE COLLECTION\",\"isPartOf\":{\"@id\":\"https:\\\/\\\/www.venisecollection.com\\\/fr#website\"},\"primaryImageOfPage\":{\"@id\":\"https:\\\/\\\/www.venisecollection.com\\\/fr\\\/shop\\\/women\\\/loafers-and-derbies\\\/rock-negro#primaryimage\"},\"image\":{\"@id\":\"https:\\\/\\\/www.venisecollection.com\\\/fr\\\/shop\\\/women\\\/loafers-and-derbies\\\/rock-negro#primaryimage\"},\"thumbnailUrl\":\"https:\\\/\\\/www.venisecollection.com\\\/cdn\\\/image.psd-163.webp\",\"datePublished\":\"2025-11-20T16:09:20+00:00\",\"dateModified\":\"2026-04-30T00:50:03+00:00\",\"breadcrumb\":{\"@id\":\"https:\\\/\\\/www.venisecollection.com\\\/fr\\\/shop\\\/women\\\/loafers-and-derbies\\\/rock-negro#breadcrumb\"},\"inLanguage\":\"fr-FR\",\"potentialAction\":[{\"@type\":\"ReadAction\",\"target\":[\"https:\\\/\\\/www.venisecollection.com\\\/fr\\\/shop\\\/women\\\/loafers-and-derbies\\\/rock-negro\"]}]},{\"@type\":\"ImageObject\",\"inLanguage\":\"fr-FR\",\"@id\":\"https:\\\/\\\/www.venisecollection.com\\\/fr\\\/shop\\\/women\\\/loafers-and-derbies\\\/rock-negro#primaryimage\",\"url\":\"https:\\\/\\\/www.venisecollection.com\\\/cdn\\\/image.psd-163.webp\",\"contentUrl\":\"https:\\\/\\\/www.venisecollection.com\\\/cdn\\\/image.psd-163.webp\",\"width\":1280,\"height\":1588},{\"@type\":\"BreadcrumbList\",\"@id\":\"https:\\\/\\\/www.venisecollection.com\\\/fr\\\/shop\\\/women\\\/loafers-and-derbies\\\/rock-negro#breadcrumb\",\"itemListElement\":[{\"@type\":\"ListItem\",\"position\":1,\"name\":\"Home\",\"item\":\"https:\\\/\\\/www.venisecollection.com\\\/fr\\\/boutique\"},{\"@type\":\"ListItem\",\"position\":2,\"name\":\"Accueil\",\"item\":\"https:\\\/\\\/www.venisecollection.com\\\/fr\\\/boutique\"},{\"@type\":\"ListItem\",\"position\":3,\"name\":\"ROCK NEGRO\"}]},{\"@type\":\"WebSite\",\"@id\":\"https:\\\/\\\/www.venisecollection.com\\\/fr#website\",\"url\":\"https:\\\/\\\/www.venisecollection.com\\\/fr\",\"name\":\"VENISE COLLECTION\",\"description\":\"\",\"publisher\":{\"@id\":\"https:\\\/\\\/www.venisecollection.com\\\/fr#organization\"},\"potentialAction\":[{\"@type\":\"SearchAction\",\"target\":{\"@type\":\"EntryPoint\",\"urlTemplate\":\"https:\\\/\\\/www.venisecollection.com\\\/fr?s={search_term_string}\"},\"query-input\":{\"@type\":\"PropertyValueSpecification\",\"valueRequired\":true,\"valueName\":\"search_term_string\"}}],\"inLanguage\":\"fr-FR\"},{\"@type\":\"Organization\",\"@id\":\"https:\\\/\\\/www.venisecollection.com\\\/fr#organization\",\"name\":\"VENISE COLLECTION\",\"url\":\"https:\\\/\\\/www.venisecollection.com\\\/fr\",\"logo\":{\"@type\":\"ImageObject\",\"inLanguage\":\"fr-FR\",\"@id\":\"https:\\\/\\\/www.venisecollection.com\\\/fr#\\\/schema\\\/logo\\\/image\\\/\",\"url\":\"https:\\\/\\\/www.venisecollection.com\\\/cdn\\\/seo.png\",\"contentUrl\":\"https:\\\/\\\/www.venisecollection.com\\\/cdn\\\/seo.png\",\"width\":1080,\"height\":1080,\"caption\":\"VENISE COLLECTION\"},\"image\":{\"@id\":\"https:\\\/\\\/www.venisecollection.com\\\/fr#\\\/schema\\\/logo\\\/image\\\/\"},\"sameAs\":[\"https:\\\/\\\/www.instagram.com\\\/venisecollection\\\/\",\"https:\\\/\\\/fr.pinterest.com\\\/venisecollection\\\/\"]}]}<\/script>\n<!-- \/ Yoast SEO plugin. -->","yoast_head_json":{"title":"ROCK NEGRO - VENISE COLLECTION","robots":{"index":"index","follow":"follow","max-snippet":"max-snippet:-1","max-image-preview":"max-image-preview:large","max-video-preview":"max-video-preview:-1"},"canonical":"https:\/\/www.venisecollection.com\/fr\/shop\/women\/loafers-and-derbies\/rock-negro","og_locale":"fr_FR","og_type":"article","og_title":"ROCK NEGRO - VENISE COLLECTION","og_description":"Les mocassins femme ROCK NEGRO incarnent l&rsquo;\u00e9l\u00e9gance intemporelle avec une touche de sophistication moderne. Fabriqu\u00e9s en cuir noir premium avec un l\u00e9ger brillant, ces mocassins sont orn\u00e9s d&rsquo;un \u00e9l\u00e9gant d\u00e9tail m\u00e9tallique dor\u00e9 sur le devant pour une finition luxueuse. Le talon carr\u00e9 bas offre un excellent confort pour un usage quotidien tout en conservant une &hellip;","og_url":"https:\/\/www.venisecollection.com\/fr\/shop\/women\/loafers-and-derbies\/rock-negro","og_site_name":"VENISE COLLECTION","article_modified_time":"2026-04-30T00:50:03+00:00","og_image":[{"width":1280,"height":1588,"url":"https:\/\/www.venisecollection.com\/cdn\/image.psd-163.webp","type":"image\/webp"}],"twitter_card":"summary_large_image","twitter_misc":{"Dur\u00e9e de lecture estim\u00e9e":"1 minute"},"schema":{"@context":"https:\/\/schema.org","@graph":[{"@type":"WebPage","@id":"https:\/\/www.venisecollection.com\/fr\/shop\/women\/loafers-and-derbies\/rock-negro","url":"https:\/\/www.venisecollection.com\/fr\/shop\/women\/loafers-and-derbies\/rock-negro","name":"ROCK NEGRO - VENISE COLLECTION","isPartOf":{"@id":"https:\/\/www.venisecollection.com\/fr#website"},"primaryImageOfPage":{"@id":"https:\/\/www.venisecollection.com\/fr\/shop\/women\/loafers-and-derbies\/rock-negro#primaryimage"},"image":{"@id":"https:\/\/www.venisecollection.com\/fr\/shop\/women\/loafers-and-derbies\/rock-negro#primaryimage"},"thumbnailUrl":"https:\/\/www.venisecollection.com\/cdn\/image.psd-163.webp","datePublished":"2025-11-20T16:09:20+00:00","dateModified":"2026-04-30T00:50:03+00:00","breadcrumb":{"@id":"https:\/\/www.venisecollection.com\/fr\/shop\/women\/loafers-and-derbies\/rock-negro#breadcrumb"},"inLanguage":"fr-FR","potentialAction":[{"@type":"ReadAction","target":["https:\/\/www.venisecollection.com\/fr\/shop\/women\/loafers-and-derbies\/rock-negro"]}]},{"@type":"ImageObject","inLanguage":"fr-FR","@id":"https:\/\/www.venisecollection.com\/fr\/shop\/women\/loafers-and-derbies\/rock-negro#primaryimage","url":"https:\/\/www.venisecollection.com\/cdn\/image.psd-163.webp","contentUrl":"https:\/\/www.venisecollection.com\/cdn\/image.psd-163.webp","width":1280,"height":1588},{"@type":"BreadcrumbList","@id":"https:\/\/www.venisecollection.com\/fr\/shop\/women\/loafers-and-derbies\/rock-negro#breadcrumb","itemListElement":[{"@type":"ListItem","position":1,"name":"Home","item":"https:\/\/www.venisecollection.com\/fr\/boutique"},{"@type":"ListItem","position":2,"name":"Accueil","item":"https:\/\/www.venisecollection.com\/fr\/boutique"},{"@type":"ListItem","position":3,"name":"ROCK NEGRO"}]},{"@type":"WebSite","@id":"https:\/\/www.venisecollection.com\/fr#website","url":"https:\/\/www.venisecollection.com\/fr","name":"VENISE COLLECTION","description":"","publisher":{"@id":"https:\/\/www.venisecollection.com\/fr#organization"},"potentialAction":[{"@type":"SearchAction","target":{"@type":"EntryPoint","urlTemplate":"https:\/\/www.venisecollection.com\/fr?s={search_term_string}"},"query-input":{"@type":"PropertyValueSpecification","valueRequired":true,"valueName":"search_term_string"}}],"inLanguage":"fr-FR"},{"@type":"Organization","@id":"https:\/\/www.venisecollection.com\/fr#organization","name":"VENISE COLLECTION","url":"https:\/\/www.venisecollection.com\/fr","logo":{"@type":"ImageObject","inLanguage":"fr-FR","@id":"https:\/\/www.venisecollection.com\/fr#\/schema\/logo\/image\/","url":"https:\/\/www.venisecollection.com\/cdn\/seo.png","contentUrl":"https:\/\/www.venisecollection.com\/cdn\/seo.png","width":1080,"height":1080,"caption":"VENISE COLLECTION"},"image":{"@id":"https:\/\/www.venisecollection.com\/fr#\/schema\/logo\/image\/"},"sameAs":["https:\/\/www.instagram.com\/venisecollection\/","https:\/\/fr.pinterest.com\/venisecollection\/"]}]}},"_links":{"self":[{"href":"https:\/\/www.venisecollection.com\/fr\/wp-json\/wp\/v2\/product\/4857","targetHints":{"allow":["GET"]}}],"collection":[{"href":"https:\/\/www.venisecollection.com\/fr\/wp-json\/wp\/v2\/product"}],"about":[{"href":"https:\/\/www.venisecollection.com\/fr\/wp-json\/wp\/v2\/types\/product"}],"wp:featuredmedia":[{"embeddable":true,"href":"https:\/\/www.venisecollection.com\/fr\/wp-json\/wp\/v2\/media\/4853"}],"wp:attachment":[{"href":"https:\/\/www.venisecollection.com\/fr\/wp-json\/wp\/v2\/media?parent=4857"}],"wp:term":[{"taxonomy":"product_brand","embeddable":true,"href":"https:\/\/www.venisecollection.com\/fr\/wp-json\/wp\/v2\/product_brand?post=4857"},{"taxonomy":"product_cat","embeddable":true,"href":"https:\/\/www.venisecollection.com\/fr\/wp-json\/wp\/v2\/product_cat?post=4857"},{"taxonomy":"product_tag","embeddable":true,"href":"https:\/\/www.venisecollection.com\/fr\/wp-json\/wp\/v2\/product_tag?post=4857"}],"curies":[{"name":"wp","href":"https:\/\/api.w.org\/{rel}","templated":true}]}}