{"id":4879,"date":"2025-11-20T16:08:47","date_gmt":"2025-11-20T16:08:47","guid":{"rendered":"https:\/\/www.venisecollection.com\/shop\/women\/non class\u00e9\/jessy-flake-nappa-nero\/"},"modified":"2026-04-30T00:49:56","modified_gmt":"2026-04-30T00:49:56","slug":"jessy-flake-nappa-nero","status":"publish","type":"product","link":"https:\/\/www.venisecollection.com\/fr\/shop\/women\/pumps\/jessy-flake-nappa-nero","title":{"rendered":"JESSY FLAKE &#8211; NAPPA NERO"},"content":{"rendered":"<p style=\"text-align: justify;\">Fabriqu\u00e9es en Italie, les escarpins pour femmes JESSY FLAKE NAPPA NERO allient sophistication intemporelle et design moderne. Confectionn\u00e9s \u00e0 partir de cuir de premi\u00e8re qualit\u00e9 et de fibres textiles, ils offrent un confort et une durabilit\u00e9 exceptionnels. Le talon de 5,94 cm offre un \u00e9quilibre et une \u00e9l\u00e9gance parfaits, id\u00e9aux pour une utilisation quotidienne et les occasions sp\u00e9ciales. Cette pi\u00e8ce de fabrication italienne est une v\u00e9ritable expression de l&rsquo;artisanat et du style contemporain.   <\/p>\n","protected":false},"excerpt":{"rendered":"<p>Fabriqu\u00e9es en Italie, les escarpins pour femmes JESSY FLAKE NAPPA NERO allient sophistication intemporelle et design moderne. Confectionn\u00e9s \u00e0 partir de cuir de premi\u00e8re qualit\u00e9 et de fibres textiles, ils offrent un confort et une durabilit\u00e9 exceptionnels. Le talon de 5,94 cm offre un \u00e9quilibre et une \u00e9l\u00e9gance parfaits, id\u00e9aux pour une utilisation quotidienne et &hellip;<\/p>\n","protected":false},"featured_media":4875,"template":"","meta":[],"product_brand":[69],"product_cat":[73],"product_tag":[],"class_list":{"0":"post-4879","1":"product","2":"type-product","3":"status-publish","4":"has-post-thumbnail","6":"product_brand-venise-collection","7":"product_cat-pumps","9":"first","10":"instock","11":"shipping-taxable","12":"purchasable","13":"product-type-variable"},"yoast_head":"<!-- This site is optimized with the Yoast SEO plugin v27.5 - https:\/\/yoast.com\/product\/yoast-seo-wordpress\/ -->\n<title>JESSY FLAKE - NAPPA NERO - VENISE COLLECTION<\/title>\n<meta name=\"robots\" content=\"index, follow, max-snippet:-1, max-image-preview:large, max-video-preview:-1\" \/>\n<link rel=\"canonical\" href=\"https:\/\/www.venisecollection.com\/fr\/shop\/women\/pumps\/jessy-flake-nappa-nero\" \/>\n<meta property=\"og:locale\" content=\"fr_FR\" \/>\n<meta property=\"og:type\" content=\"article\" \/>\n<meta property=\"og:title\" content=\"JESSY FLAKE - NAPPA NERO - VENISE COLLECTION\" \/>\n<meta property=\"og:description\" content=\"Fabriqu\u00e9es en Italie, les escarpins pour femmes JESSY FLAKE NAPPA NERO allient sophistication intemporelle et design moderne. Confectionn\u00e9s \u00e0 partir de cuir de premi\u00e8re qualit\u00e9 et de fibres textiles, ils offrent un confort et une durabilit\u00e9 exceptionnels. Le talon de 5,94 cm offre un \u00e9quilibre et une \u00e9l\u00e9gance parfaits, id\u00e9aux pour une utilisation quotidienne et &hellip;\" \/>\n<meta property=\"og:url\" content=\"https:\/\/www.venisecollection.com\/fr\/shop\/women\/pumps\/jessy-flake-nappa-nero\" \/>\n<meta property=\"og:site_name\" content=\"VENISE COLLECTION\" \/>\n<meta property=\"article:modified_time\" content=\"2026-04-30T00:49:56+00:00\" \/>\n<meta property=\"og:image\" content=\"https:\/\/www.venisecollection.com\/cdn\/image.psd-167.webp\" \/>\n\t<meta property=\"og:image:width\" content=\"1280\" \/>\n\t<meta property=\"og:image:height\" content=\"1588\" \/>\n\t<meta property=\"og:image:type\" content=\"image\/webp\" \/>\n<meta name=\"twitter:card\" content=\"summary_large_image\" \/>\n<script type=\"application\/ld+json\" class=\"yoast-schema-graph\">{\"@context\":\"https:\\\/\\\/schema.org\",\"@graph\":[{\"@type\":\"WebPage\",\"@id\":\"https:\\\/\\\/www.venisecollection.com\\\/fr\\\/shop\\\/women\\\/pumps\\\/jessy-flake-nappa-nero\",\"url\":\"https:\\\/\\\/www.venisecollection.com\\\/fr\\\/shop\\\/women\\\/pumps\\\/jessy-flake-nappa-nero\",\"name\":\"JESSY FLAKE - NAPPA NERO - VENISE COLLECTION\",\"isPartOf\":{\"@id\":\"https:\\\/\\\/www.venisecollection.com\\\/fr#website\"},\"primaryImageOfPage\":{\"@id\":\"https:\\\/\\\/www.venisecollection.com\\\/fr\\\/shop\\\/women\\\/pumps\\\/jessy-flake-nappa-nero#primaryimage\"},\"image\":{\"@id\":\"https:\\\/\\\/www.venisecollection.com\\\/fr\\\/shop\\\/women\\\/pumps\\\/jessy-flake-nappa-nero#primaryimage\"},\"thumbnailUrl\":\"https:\\\/\\\/www.venisecollection.com\\\/cdn\\\/image.psd-167.webp\",\"datePublished\":\"2025-11-20T16:08:47+00:00\",\"dateModified\":\"2026-04-30T00:49:56+00:00\",\"breadcrumb\":{\"@id\":\"https:\\\/\\\/www.venisecollection.com\\\/fr\\\/shop\\\/women\\\/pumps\\\/jessy-flake-nappa-nero#breadcrumb\"},\"inLanguage\":\"fr-FR\",\"potentialAction\":[{\"@type\":\"ReadAction\",\"target\":[\"https:\\\/\\\/www.venisecollection.com\\\/fr\\\/shop\\\/women\\\/pumps\\\/jessy-flake-nappa-nero\"]}]},{\"@type\":\"ImageObject\",\"inLanguage\":\"fr-FR\",\"@id\":\"https:\\\/\\\/www.venisecollection.com\\\/fr\\\/shop\\\/women\\\/pumps\\\/jessy-flake-nappa-nero#primaryimage\",\"url\":\"https:\\\/\\\/www.venisecollection.com\\\/cdn\\\/image.psd-167.webp\",\"contentUrl\":\"https:\\\/\\\/www.venisecollection.com\\\/cdn\\\/image.psd-167.webp\",\"width\":1280,\"height\":1588},{\"@type\":\"BreadcrumbList\",\"@id\":\"https:\\\/\\\/www.venisecollection.com\\\/fr\\\/shop\\\/women\\\/pumps\\\/jessy-flake-nappa-nero#breadcrumb\",\"itemListElement\":[{\"@type\":\"ListItem\",\"position\":1,\"name\":\"Home\",\"item\":\"https:\\\/\\\/www.venisecollection.com\\\/fr\\\/boutique\"},{\"@type\":\"ListItem\",\"position\":2,\"name\":\"Accueil\",\"item\":\"https:\\\/\\\/www.venisecollection.com\\\/fr\\\/boutique\"},{\"@type\":\"ListItem\",\"position\":3,\"name\":\"JESSY FLAKE &#8211; NAPPA NERO\"}]},{\"@type\":\"WebSite\",\"@id\":\"https:\\\/\\\/www.venisecollection.com\\\/fr#website\",\"url\":\"https:\\\/\\\/www.venisecollection.com\\\/fr\",\"name\":\"VENISE COLLECTION\",\"description\":\"\",\"publisher\":{\"@id\":\"https:\\\/\\\/www.venisecollection.com\\\/fr#organization\"},\"potentialAction\":[{\"@type\":\"SearchAction\",\"target\":{\"@type\":\"EntryPoint\",\"urlTemplate\":\"https:\\\/\\\/www.venisecollection.com\\\/fr?s={search_term_string}\"},\"query-input\":{\"@type\":\"PropertyValueSpecification\",\"valueRequired\":true,\"valueName\":\"search_term_string\"}}],\"inLanguage\":\"fr-FR\"},{\"@type\":\"Organization\",\"@id\":\"https:\\\/\\\/www.venisecollection.com\\\/fr#organization\",\"name\":\"VENISE COLLECTION\",\"url\":\"https:\\\/\\\/www.venisecollection.com\\\/fr\",\"logo\":{\"@type\":\"ImageObject\",\"inLanguage\":\"fr-FR\",\"@id\":\"https:\\\/\\\/www.venisecollection.com\\\/fr#\\\/schema\\\/logo\\\/image\\\/\",\"url\":\"https:\\\/\\\/www.venisecollection.com\\\/cdn\\\/seo.png\",\"contentUrl\":\"https:\\\/\\\/www.venisecollection.com\\\/cdn\\\/seo.png\",\"width\":1080,\"height\":1080,\"caption\":\"VENISE COLLECTION\"},\"image\":{\"@id\":\"https:\\\/\\\/www.venisecollection.com\\\/fr#\\\/schema\\\/logo\\\/image\\\/\"},\"sameAs\":[\"https:\\\/\\\/www.instagram.com\\\/venisecollection\\\/\",\"https:\\\/\\\/fr.pinterest.com\\\/venisecollection\\\/\"]}]}<\/script>\n<!-- \/ Yoast SEO plugin. -->","yoast_head_json":{"title":"JESSY FLAKE - NAPPA NERO - VENISE COLLECTION","robots":{"index":"index","follow":"follow","max-snippet":"max-snippet:-1","max-image-preview":"max-image-preview:large","max-video-preview":"max-video-preview:-1"},"canonical":"https:\/\/www.venisecollection.com\/fr\/shop\/women\/pumps\/jessy-flake-nappa-nero","og_locale":"fr_FR","og_type":"article","og_title":"JESSY FLAKE - NAPPA NERO - VENISE COLLECTION","og_description":"Fabriqu\u00e9es en Italie, les escarpins pour femmes JESSY FLAKE NAPPA NERO allient sophistication intemporelle et design moderne. Confectionn\u00e9s \u00e0 partir de cuir de premi\u00e8re qualit\u00e9 et de fibres textiles, ils offrent un confort et une durabilit\u00e9 exceptionnels. Le talon de 5,94 cm offre un \u00e9quilibre et une \u00e9l\u00e9gance parfaits, id\u00e9aux pour une utilisation quotidienne et &hellip;","og_url":"https:\/\/www.venisecollection.com\/fr\/shop\/women\/pumps\/jessy-flake-nappa-nero","og_site_name":"VENISE COLLECTION","article_modified_time":"2026-04-30T00:49:56+00:00","og_image":[{"width":1280,"height":1588,"url":"https:\/\/www.venisecollection.com\/cdn\/image.psd-167.webp","type":"image\/webp"}],"twitter_card":"summary_large_image","schema":{"@context":"https:\/\/schema.org","@graph":[{"@type":"WebPage","@id":"https:\/\/www.venisecollection.com\/fr\/shop\/women\/pumps\/jessy-flake-nappa-nero","url":"https:\/\/www.venisecollection.com\/fr\/shop\/women\/pumps\/jessy-flake-nappa-nero","name":"JESSY FLAKE - NAPPA NERO - VENISE COLLECTION","isPartOf":{"@id":"https:\/\/www.venisecollection.com\/fr#website"},"primaryImageOfPage":{"@id":"https:\/\/www.venisecollection.com\/fr\/shop\/women\/pumps\/jessy-flake-nappa-nero#primaryimage"},"image":{"@id":"https:\/\/www.venisecollection.com\/fr\/shop\/women\/pumps\/jessy-flake-nappa-nero#primaryimage"},"thumbnailUrl":"https:\/\/www.venisecollection.com\/cdn\/image.psd-167.webp","datePublished":"2025-11-20T16:08:47+00:00","dateModified":"2026-04-30T00:49:56+00:00","breadcrumb":{"@id":"https:\/\/www.venisecollection.com\/fr\/shop\/women\/pumps\/jessy-flake-nappa-nero#breadcrumb"},"inLanguage":"fr-FR","potentialAction":[{"@type":"ReadAction","target":["https:\/\/www.venisecollection.com\/fr\/shop\/women\/pumps\/jessy-flake-nappa-nero"]}]},{"@type":"ImageObject","inLanguage":"fr-FR","@id":"https:\/\/www.venisecollection.com\/fr\/shop\/women\/pumps\/jessy-flake-nappa-nero#primaryimage","url":"https:\/\/www.venisecollection.com\/cdn\/image.psd-167.webp","contentUrl":"https:\/\/www.venisecollection.com\/cdn\/image.psd-167.webp","width":1280,"height":1588},{"@type":"BreadcrumbList","@id":"https:\/\/www.venisecollection.com\/fr\/shop\/women\/pumps\/jessy-flake-nappa-nero#breadcrumb","itemListElement":[{"@type":"ListItem","position":1,"name":"Home","item":"https:\/\/www.venisecollection.com\/fr\/boutique"},{"@type":"ListItem","position":2,"name":"Accueil","item":"https:\/\/www.venisecollection.com\/fr\/boutique"},{"@type":"ListItem","position":3,"name":"JESSY FLAKE &#8211; NAPPA NERO"}]},{"@type":"WebSite","@id":"https:\/\/www.venisecollection.com\/fr#website","url":"https:\/\/www.venisecollection.com\/fr","name":"VENISE COLLECTION","description":"","publisher":{"@id":"https:\/\/www.venisecollection.com\/fr#organization"},"potentialAction":[{"@type":"SearchAction","target":{"@type":"EntryPoint","urlTemplate":"https:\/\/www.venisecollection.com\/fr?s={search_term_string}"},"query-input":{"@type":"PropertyValueSpecification","valueRequired":true,"valueName":"search_term_string"}}],"inLanguage":"fr-FR"},{"@type":"Organization","@id":"https:\/\/www.venisecollection.com\/fr#organization","name":"VENISE COLLECTION","url":"https:\/\/www.venisecollection.com\/fr","logo":{"@type":"ImageObject","inLanguage":"fr-FR","@id":"https:\/\/www.venisecollection.com\/fr#\/schema\/logo\/image\/","url":"https:\/\/www.venisecollection.com\/cdn\/seo.png","contentUrl":"https:\/\/www.venisecollection.com\/cdn\/seo.png","width":1080,"height":1080,"caption":"VENISE COLLECTION"},"image":{"@id":"https:\/\/www.venisecollection.com\/fr#\/schema\/logo\/image\/"},"sameAs":["https:\/\/www.instagram.com\/venisecollection\/","https:\/\/fr.pinterest.com\/venisecollection\/"]}]}},"_links":{"self":[{"href":"https:\/\/www.venisecollection.com\/fr\/wp-json\/wp\/v2\/product\/4879","targetHints":{"allow":["GET"]}}],"collection":[{"href":"https:\/\/www.venisecollection.com\/fr\/wp-json\/wp\/v2\/product"}],"about":[{"href":"https:\/\/www.venisecollection.com\/fr\/wp-json\/wp\/v2\/types\/product"}],"wp:featuredmedia":[{"embeddable":true,"href":"https:\/\/www.venisecollection.com\/fr\/wp-json\/wp\/v2\/media\/4875"}],"wp:attachment":[{"href":"https:\/\/www.venisecollection.com\/fr\/wp-json\/wp\/v2\/media?parent=4879"}],"wp:term":[{"taxonomy":"product_brand","embeddable":true,"href":"https:\/\/www.venisecollection.com\/fr\/wp-json\/wp\/v2\/product_brand?post=4879"},{"taxonomy":"product_cat","embeddable":true,"href":"https:\/\/www.venisecollection.com\/fr\/wp-json\/wp\/v2\/product_cat?post=4879"},{"taxonomy":"product_tag","embeddable":true,"href":"https:\/\/www.venisecollection.com\/fr\/wp-json\/wp\/v2\/product_tag?post=4879"}],"curies":[{"name":"wp","href":"https:\/\/api.w.org\/{rel}","templated":true}]}}