{"id":4890,"date":"2025-12-20T16:08:44","date_gmt":"2025-12-20T16:08:44","guid":{"rendered":"https:\/\/www.venisecollection.com\/shop\/women\/non%20class\u00e9\/sisko-jaguar-miele\/"},"modified":"2026-04-17T00:40:57","modified_gmt":"2026-04-17T00:40:57","slug":"sisko-jaguar-miele","status":"publish","type":"product","link":"https:\/\/www.venisecollection.com\/fr\/shop\/women\/ballerines\/sisko-jaguar-miele","title":{"rendered":"SISKO JAGUAR MIELE"},"content":{"rendered":"<p style=\"text-align: justify;\">Plongez dans l&rsquo;\u00e9l\u00e9gance italienne avec les ballerines SISKO JAGUAR MIELE de VENISE COLLECTION, une d\u00e9claration audacieuse mais raffin\u00e9e en poil de veau imprim\u00e9 l\u00e9opard. Fabriqu\u00e9es \u00e0 la main en Italie avec du cuir fin et des fibres textiles, ces ballerines arborent un charmant n\u0153ud \u00e0 l&rsquo;avant, une pointe arrondie et un petit talon carr\u00e9 pour un confort et une allure tout au long de la journ\u00e9e. La doublure en cuir et la semelle en caoutchouc durable en font le choix parfait pour une sophistication quotidienne. Ce mod\u00e8le est grand ; nous vous recommandons de choisir une taille en dessous.   <\/p>\n","protected":false},"excerpt":{"rendered":"<p>Plongez dans l&rsquo;\u00e9l\u00e9gance italienne avec les ballerines SISKO JAGUAR MIELE de VENISE COLLECTION, une d\u00e9claration audacieuse mais raffin\u00e9e en poil de veau imprim\u00e9 l\u00e9opard. Fabriqu\u00e9es \u00e0 la main en Italie avec du cuir fin et des fibres textiles, ces ballerines arborent un charmant n\u0153ud \u00e0 l&rsquo;avant, une pointe arrondie et un petit talon carr\u00e9 pour &hellip;<\/p>\n","protected":false},"featured_media":4886,"template":"","meta":[],"product_brand":[356],"product_cat":[103],"product_tag":[],"class_list":{"0":"post-4890","1":"product","2":"type-product","3":"status-publish","4":"has-post-thumbnail","6":"product_brand-venise-collection","7":"product_cat-ballerines","9":"first","10":"instock","11":"shipping-taxable","12":"purchasable","13":"product-type-variable","14":"has-default-attributes"},"yoast_head":"<!-- This site is optimized with the Yoast SEO plugin v27.4 - https:\/\/yoast.com\/product\/yoast-seo-wordpress\/ -->\n<title>SISKO JAGUAR MIELE - VENISE COLLECTION<\/title>\n<meta name=\"robots\" content=\"index, follow, max-snippet:-1, max-image-preview:large, max-video-preview:-1\" \/>\n<link rel=\"canonical\" href=\"https:\/\/www.venisecollection.com\/fr\/shop\/women\/ballerines\/sisko-jaguar-miele\" \/>\n<meta property=\"og:locale\" content=\"fr_FR\" \/>\n<meta property=\"og:type\" content=\"article\" \/>\n<meta property=\"og:title\" content=\"SISKO JAGUAR MIELE - VENISE COLLECTION\" \/>\n<meta property=\"og:description\" content=\"Plongez dans l&rsquo;\u00e9l\u00e9gance italienne avec les ballerines SISKO JAGUAR MIELE de VENISE COLLECTION, une d\u00e9claration audacieuse mais raffin\u00e9e en poil de veau imprim\u00e9 l\u00e9opard. Fabriqu\u00e9es \u00e0 la main en Italie avec du cuir fin et des fibres textiles, ces ballerines arborent un charmant n\u0153ud \u00e0 l&rsquo;avant, une pointe arrondie et un petit talon carr\u00e9 pour &hellip;\" \/>\n<meta property=\"og:url\" content=\"https:\/\/www.venisecollection.com\/fr\/shop\/women\/ballerines\/sisko-jaguar-miele\" \/>\n<meta property=\"og:site_name\" content=\"VENISE COLLECTION\" \/>\n<meta property=\"article:modified_time\" content=\"2026-04-17T00:40:57+00:00\" \/>\n<meta property=\"og:image\" content=\"https:\/\/www.venisecollection.com\/cdn\/image.psd-221.webp\" \/>\n\t<meta property=\"og:image:width\" content=\"1280\" \/>\n\t<meta property=\"og:image:height\" content=\"1588\" \/>\n\t<meta property=\"og:image:type\" content=\"image\/webp\" \/>\n<meta name=\"twitter:card\" content=\"summary_large_image\" \/>\n<meta name=\"twitter:label1\" content=\"Dur\u00e9e de lecture estim\u00e9e\" \/>\n\t<meta name=\"twitter:data1\" content=\"1 minute\" \/>\n<script type=\"application\/ld+json\" class=\"yoast-schema-graph\">{\"@context\":\"https:\\\/\\\/schema.org\",\"@graph\":[{\"@type\":\"WebPage\",\"@id\":\"https:\\\/\\\/www.venisecollection.com\\\/fr\\\/shop\\\/women\\\/ballerines\\\/sisko-jaguar-miele\",\"url\":\"https:\\\/\\\/www.venisecollection.com\\\/fr\\\/shop\\\/women\\\/ballerines\\\/sisko-jaguar-miele\",\"name\":\"SISKO JAGUAR MIELE - VENISE COLLECTION\",\"isPartOf\":{\"@id\":\"https:\\\/\\\/www.venisecollection.com\\\/fr#website\"},\"primaryImageOfPage\":{\"@id\":\"https:\\\/\\\/www.venisecollection.com\\\/fr\\\/shop\\\/women\\\/ballerines\\\/sisko-jaguar-miele#primaryimage\"},\"image\":{\"@id\":\"https:\\\/\\\/www.venisecollection.com\\\/fr\\\/shop\\\/women\\\/ballerines\\\/sisko-jaguar-miele#primaryimage\"},\"thumbnailUrl\":\"https:\\\/\\\/www.venisecollection.com\\\/cdn\\\/image.psd-221.webp\",\"datePublished\":\"2025-12-20T16:08:44+00:00\",\"dateModified\":\"2026-04-17T00:40:57+00:00\",\"breadcrumb\":{\"@id\":\"https:\\\/\\\/www.venisecollection.com\\\/fr\\\/shop\\\/women\\\/ballerines\\\/sisko-jaguar-miele#breadcrumb\"},\"inLanguage\":\"fr-FR\",\"potentialAction\":[{\"@type\":\"ReadAction\",\"target\":[\"https:\\\/\\\/www.venisecollection.com\\\/fr\\\/shop\\\/women\\\/ballerines\\\/sisko-jaguar-miele\"]}]},{\"@type\":\"ImageObject\",\"inLanguage\":\"fr-FR\",\"@id\":\"https:\\\/\\\/www.venisecollection.com\\\/fr\\\/shop\\\/women\\\/ballerines\\\/sisko-jaguar-miele#primaryimage\",\"url\":\"https:\\\/\\\/www.venisecollection.com\\\/cdn\\\/image.psd-221.webp\",\"contentUrl\":\"https:\\\/\\\/www.venisecollection.com\\\/cdn\\\/image.psd-221.webp\",\"width\":1280,\"height\":1588},{\"@type\":\"BreadcrumbList\",\"@id\":\"https:\\\/\\\/www.venisecollection.com\\\/fr\\\/shop\\\/women\\\/ballerines\\\/sisko-jaguar-miele#breadcrumb\",\"itemListElement\":[{\"@type\":\"ListItem\",\"position\":1,\"name\":\"Home\",\"item\":\"https:\\\/\\\/www.venisecollection.com\\\/fr\\\/boutique\"},{\"@type\":\"ListItem\",\"position\":2,\"name\":\"Accueil\",\"item\":\"https:\\\/\\\/www.venisecollection.com\\\/fr\\\/boutique\"},{\"@type\":\"ListItem\",\"position\":3,\"name\":\"SISKO JAGUAR MIELE\"}]},{\"@type\":\"WebSite\",\"@id\":\"https:\\\/\\\/www.venisecollection.com\\\/fr#website\",\"url\":\"https:\\\/\\\/www.venisecollection.com\\\/fr\",\"name\":\"VENISE COLLECTION\",\"description\":\"\",\"publisher\":{\"@id\":\"https:\\\/\\\/www.venisecollection.com\\\/fr#organization\"},\"potentialAction\":[{\"@type\":\"SearchAction\",\"target\":{\"@type\":\"EntryPoint\",\"urlTemplate\":\"https:\\\/\\\/www.venisecollection.com\\\/fr?s={search_term_string}\"},\"query-input\":{\"@type\":\"PropertyValueSpecification\",\"valueRequired\":true,\"valueName\":\"search_term_string\"}}],\"inLanguage\":\"fr-FR\"},{\"@type\":\"Organization\",\"@id\":\"https:\\\/\\\/www.venisecollection.com\\\/fr#organization\",\"name\":\"VENISE COLLECTION\",\"url\":\"https:\\\/\\\/www.venisecollection.com\\\/fr\",\"logo\":{\"@type\":\"ImageObject\",\"inLanguage\":\"fr-FR\",\"@id\":\"https:\\\/\\\/www.venisecollection.com\\\/fr#\\\/schema\\\/logo\\\/image\\\/\",\"url\":\"https:\\\/\\\/www.venisecollection.com\\\/cdn\\\/seo.png\",\"contentUrl\":\"https:\\\/\\\/www.venisecollection.com\\\/cdn\\\/seo.png\",\"width\":1080,\"height\":1080,\"caption\":\"VENISE COLLECTION\"},\"image\":{\"@id\":\"https:\\\/\\\/www.venisecollection.com\\\/fr#\\\/schema\\\/logo\\\/image\\\/\"},\"sameAs\":[\"https:\\\/\\\/www.instagram.com\\\/venisecollection\\\/\",\"https:\\\/\\\/fr.pinterest.com\\\/venisecollection\\\/\"]}]}<\/script>\n<!-- \/ Yoast SEO plugin. -->","yoast_head_json":{"title":"SISKO JAGUAR MIELE - VENISE COLLECTION","robots":{"index":"index","follow":"follow","max-snippet":"max-snippet:-1","max-image-preview":"max-image-preview:large","max-video-preview":"max-video-preview:-1"},"canonical":"https:\/\/www.venisecollection.com\/fr\/shop\/women\/ballerines\/sisko-jaguar-miele","og_locale":"fr_FR","og_type":"article","og_title":"SISKO JAGUAR MIELE - VENISE COLLECTION","og_description":"Plongez dans l&rsquo;\u00e9l\u00e9gance italienne avec les ballerines SISKO JAGUAR MIELE de VENISE COLLECTION, une d\u00e9claration audacieuse mais raffin\u00e9e en poil de veau imprim\u00e9 l\u00e9opard. Fabriqu\u00e9es \u00e0 la main en Italie avec du cuir fin et des fibres textiles, ces ballerines arborent un charmant n\u0153ud \u00e0 l&rsquo;avant, une pointe arrondie et un petit talon carr\u00e9 pour &hellip;","og_url":"https:\/\/www.venisecollection.com\/fr\/shop\/women\/ballerines\/sisko-jaguar-miele","og_site_name":"VENISE COLLECTION","article_modified_time":"2026-04-17T00:40:57+00:00","og_image":[{"width":1280,"height":1588,"url":"https:\/\/www.venisecollection.com\/cdn\/image.psd-221.webp","type":"image\/webp"}],"twitter_card":"summary_large_image","twitter_misc":{"Dur\u00e9e de lecture estim\u00e9e":"1 minute"},"schema":{"@context":"https:\/\/schema.org","@graph":[{"@type":"WebPage","@id":"https:\/\/www.venisecollection.com\/fr\/shop\/women\/ballerines\/sisko-jaguar-miele","url":"https:\/\/www.venisecollection.com\/fr\/shop\/women\/ballerines\/sisko-jaguar-miele","name":"SISKO JAGUAR MIELE - VENISE COLLECTION","isPartOf":{"@id":"https:\/\/www.venisecollection.com\/fr#website"},"primaryImageOfPage":{"@id":"https:\/\/www.venisecollection.com\/fr\/shop\/women\/ballerines\/sisko-jaguar-miele#primaryimage"},"image":{"@id":"https:\/\/www.venisecollection.com\/fr\/shop\/women\/ballerines\/sisko-jaguar-miele#primaryimage"},"thumbnailUrl":"https:\/\/www.venisecollection.com\/cdn\/image.psd-221.webp","datePublished":"2025-12-20T16:08:44+00:00","dateModified":"2026-04-17T00:40:57+00:00","breadcrumb":{"@id":"https:\/\/www.venisecollection.com\/fr\/shop\/women\/ballerines\/sisko-jaguar-miele#breadcrumb"},"inLanguage":"fr-FR","potentialAction":[{"@type":"ReadAction","target":["https:\/\/www.venisecollection.com\/fr\/shop\/women\/ballerines\/sisko-jaguar-miele"]}]},{"@type":"ImageObject","inLanguage":"fr-FR","@id":"https:\/\/www.venisecollection.com\/fr\/shop\/women\/ballerines\/sisko-jaguar-miele#primaryimage","url":"https:\/\/www.venisecollection.com\/cdn\/image.psd-221.webp","contentUrl":"https:\/\/www.venisecollection.com\/cdn\/image.psd-221.webp","width":1280,"height":1588},{"@type":"BreadcrumbList","@id":"https:\/\/www.venisecollection.com\/fr\/shop\/women\/ballerines\/sisko-jaguar-miele#breadcrumb","itemListElement":[{"@type":"ListItem","position":1,"name":"Home","item":"https:\/\/www.venisecollection.com\/fr\/boutique"},{"@type":"ListItem","position":2,"name":"Accueil","item":"https:\/\/www.venisecollection.com\/fr\/boutique"},{"@type":"ListItem","position":3,"name":"SISKO JAGUAR MIELE"}]},{"@type":"WebSite","@id":"https:\/\/www.venisecollection.com\/fr#website","url":"https:\/\/www.venisecollection.com\/fr","name":"VENISE COLLECTION","description":"","publisher":{"@id":"https:\/\/www.venisecollection.com\/fr#organization"},"potentialAction":[{"@type":"SearchAction","target":{"@type":"EntryPoint","urlTemplate":"https:\/\/www.venisecollection.com\/fr?s={search_term_string}"},"query-input":{"@type":"PropertyValueSpecification","valueRequired":true,"valueName":"search_term_string"}}],"inLanguage":"fr-FR"},{"@type":"Organization","@id":"https:\/\/www.venisecollection.com\/fr#organization","name":"VENISE COLLECTION","url":"https:\/\/www.venisecollection.com\/fr","logo":{"@type":"ImageObject","inLanguage":"fr-FR","@id":"https:\/\/www.venisecollection.com\/fr#\/schema\/logo\/image\/","url":"https:\/\/www.venisecollection.com\/cdn\/seo.png","contentUrl":"https:\/\/www.venisecollection.com\/cdn\/seo.png","width":1080,"height":1080,"caption":"VENISE COLLECTION"},"image":{"@id":"https:\/\/www.venisecollection.com\/fr#\/schema\/logo\/image\/"},"sameAs":["https:\/\/www.instagram.com\/venisecollection\/","https:\/\/fr.pinterest.com\/venisecollection\/"]}]}},"_links":{"self":[{"href":"https:\/\/www.venisecollection.com\/fr\/wp-json\/wp\/v2\/product\/4890","targetHints":{"allow":["GET"]}}],"collection":[{"href":"https:\/\/www.venisecollection.com\/fr\/wp-json\/wp\/v2\/product"}],"about":[{"href":"https:\/\/www.venisecollection.com\/fr\/wp-json\/wp\/v2\/types\/product"}],"wp:featuredmedia":[{"embeddable":true,"href":"https:\/\/www.venisecollection.com\/fr\/wp-json\/wp\/v2\/media\/4886"}],"wp:attachment":[{"href":"https:\/\/www.venisecollection.com\/fr\/wp-json\/wp\/v2\/media?parent=4890"}],"wp:term":[{"taxonomy":"product_brand","embeddable":true,"href":"https:\/\/www.venisecollection.com\/fr\/wp-json\/wp\/v2\/product_brand?post=4890"},{"taxonomy":"product_cat","embeddable":true,"href":"https:\/\/www.venisecollection.com\/fr\/wp-json\/wp\/v2\/product_cat?post=4890"},{"taxonomy":"product_tag","embeddable":true,"href":"https:\/\/www.venisecollection.com\/fr\/wp-json\/wp\/v2\/product_tag?post=4890"}],"curies":[{"name":"wp","href":"https:\/\/api.w.org\/{rel}","templated":true}]}}