{"id":4945,"date":"2025-11-20T16:07:38","date_gmt":"2025-11-20T16:07:38","guid":{"rendered":"https:\/\/www.venisecollection.com\/shop\/women\/non%20class\u00e9\/botte-haute-moschino\/"},"modified":"2026-04-30T00:50:11","modified_gmt":"2026-04-30T00:50:11","slug":"botte-haute-moschino","status":"publish","type":"product","link":"https:\/\/www.venisecollection.com\/fr\/shop\/women\/tall-boots\/botte-haute-moschino","title":{"rendered":"Botte haute MOSCHINO"},"content":{"rendered":"<p style=\"text-align: justify;\" data-start=\"1116\" data-end=\"1592\">Les bottes noires MOSCHINO capturent l&rsquo;\u00e9l\u00e9gance italienne dans sa forme la plus pure, une fusion de sophistication audacieuse et de confort moderne. Fabriqu\u00e9es \u00e0 partir de cuir lisse de premi\u00e8re qualit\u00e9, ces bottes hauteur genou allongent la silhouette tandis que leur talon bloc de 8 cm offre une \u00e9l\u00e9vation et une stabilit\u00e9 assur\u00e9es. <\/p>\n<p style=\"text-align: justify;\" data-start=\"1116\" data-end=\"1592\">Avec une doublure int\u00e9rieure douce et une structure raffin\u00e9e, elles offrent une \u00e9l\u00e9gance qui se transforme sans effort du jour au soir. Parfaites avec des jupes, des robes ou des pantalons slim pour un look hivernal rehauss\u00e9. <\/p>\n","protected":false},"excerpt":{"rendered":"<p>Les bottes noires MOSCHINO capturent l&rsquo;\u00e9l\u00e9gance italienne dans sa forme la plus pure, une fusion de sophistication audacieuse et de confort moderne. Fabriqu\u00e9es \u00e0 partir de cuir lisse de premi\u00e8re qualit\u00e9, ces bottes hauteur genou allongent la silhouette tandis que leur talon bloc de 8 cm offre une \u00e9l\u00e9vation et une stabilit\u00e9 assur\u00e9es. Avec une &hellip;<\/p>\n","protected":false},"featured_media":4941,"template":"","meta":[],"product_brand":[77],"product_cat":[71],"product_tag":[],"class_list":{"0":"post-4945","1":"product","2":"type-product","3":"status-publish","4":"has-post-thumbnail","6":"product_brand-moschino","7":"product_cat-tall-boots","9":"first","10":"outofstock","11":"shipping-taxable","12":"product-type-variable","13":"has-default-attributes"},"yoast_head":"<!-- This site is optimized with the Yoast SEO plugin v27.5 - https:\/\/yoast.com\/product\/yoast-seo-wordpress\/ -->\n<title>Botte haute MOSCHINO - VENISE COLLECTION<\/title>\n<meta name=\"robots\" content=\"index, follow, max-snippet:-1, max-image-preview:large, max-video-preview:-1\" \/>\n<link rel=\"canonical\" href=\"https:\/\/www.venisecollection.com\/fr\/shop\/women\/tall-boots\/botte-haute-moschino\" \/>\n<meta property=\"og:locale\" content=\"fr_FR\" \/>\n<meta property=\"og:type\" content=\"article\" \/>\n<meta property=\"og:title\" content=\"Botte haute MOSCHINO - VENISE COLLECTION\" \/>\n<meta property=\"og:description\" content=\"Les bottes noires MOSCHINO capturent l&rsquo;\u00e9l\u00e9gance italienne dans sa forme la plus pure, une fusion de sophistication audacieuse et de confort moderne. Fabriqu\u00e9es \u00e0 partir de cuir lisse de premi\u00e8re qualit\u00e9, ces bottes hauteur genou allongent la silhouette tandis que leur talon bloc de 8 cm offre une \u00e9l\u00e9vation et une stabilit\u00e9 assur\u00e9es. Avec une &hellip;\" \/>\n<meta property=\"og:url\" content=\"https:\/\/www.venisecollection.com\/fr\/shop\/women\/tall-boots\/botte-haute-moschino\" \/>\n<meta property=\"og:site_name\" content=\"VENISE COLLECTION\" \/>\n<meta property=\"article:modified_time\" content=\"2026-04-30T00:50:11+00:00\" \/>\n<meta property=\"og:image\" content=\"https:\/\/www.venisecollection.com\/cdn\/image-83.webp\" \/>\n\t<meta property=\"og:image:width\" content=\"1280\" \/>\n\t<meta property=\"og:image:height\" content=\"1588\" \/>\n\t<meta property=\"og:image:type\" content=\"image\/webp\" \/>\n<meta name=\"twitter:card\" content=\"summary_large_image\" \/>\n<script type=\"application\/ld+json\" class=\"yoast-schema-graph\">{\"@context\":\"https:\\\/\\\/schema.org\",\"@graph\":[{\"@type\":\"WebPage\",\"@id\":\"https:\\\/\\\/www.venisecollection.com\\\/fr\\\/shop\\\/women\\\/tall-boots\\\/botte-haute-moschino\",\"url\":\"https:\\\/\\\/www.venisecollection.com\\\/fr\\\/shop\\\/women\\\/tall-boots\\\/botte-haute-moschino\",\"name\":\"Botte haute MOSCHINO - VENISE COLLECTION\",\"isPartOf\":{\"@id\":\"https:\\\/\\\/www.venisecollection.com\\\/fr#website\"},\"primaryImageOfPage\":{\"@id\":\"https:\\\/\\\/www.venisecollection.com\\\/fr\\\/shop\\\/women\\\/tall-boots\\\/botte-haute-moschino#primaryimage\"},\"image\":{\"@id\":\"https:\\\/\\\/www.venisecollection.com\\\/fr\\\/shop\\\/women\\\/tall-boots\\\/botte-haute-moschino#primaryimage\"},\"thumbnailUrl\":\"https:\\\/\\\/www.venisecollection.com\\\/cdn\\\/image-83.webp\",\"datePublished\":\"2025-11-20T16:07:38+00:00\",\"dateModified\":\"2026-04-30T00:50:11+00:00\",\"breadcrumb\":{\"@id\":\"https:\\\/\\\/www.venisecollection.com\\\/fr\\\/shop\\\/women\\\/tall-boots\\\/botte-haute-moschino#breadcrumb\"},\"inLanguage\":\"fr-FR\",\"potentialAction\":[{\"@type\":\"ReadAction\",\"target\":[\"https:\\\/\\\/www.venisecollection.com\\\/fr\\\/shop\\\/women\\\/tall-boots\\\/botte-haute-moschino\"]}]},{\"@type\":\"ImageObject\",\"inLanguage\":\"fr-FR\",\"@id\":\"https:\\\/\\\/www.venisecollection.com\\\/fr\\\/shop\\\/women\\\/tall-boots\\\/botte-haute-moschino#primaryimage\",\"url\":\"https:\\\/\\\/www.venisecollection.com\\\/cdn\\\/image-83.webp\",\"contentUrl\":\"https:\\\/\\\/www.venisecollection.com\\\/cdn\\\/image-83.webp\",\"width\":1280,\"height\":1588},{\"@type\":\"BreadcrumbList\",\"@id\":\"https:\\\/\\\/www.venisecollection.com\\\/fr\\\/shop\\\/women\\\/tall-boots\\\/botte-haute-moschino#breadcrumb\",\"itemListElement\":[{\"@type\":\"ListItem\",\"position\":1,\"name\":\"Home\",\"item\":\"https:\\\/\\\/www.venisecollection.com\\\/fr\\\/boutique\"},{\"@type\":\"ListItem\",\"position\":2,\"name\":\"Accueil\",\"item\":\"https:\\\/\\\/www.venisecollection.com\\\/fr\\\/boutique\"},{\"@type\":\"ListItem\",\"position\":3,\"name\":\"Botte haute MOSCHINO\"}]},{\"@type\":\"WebSite\",\"@id\":\"https:\\\/\\\/www.venisecollection.com\\\/fr#website\",\"url\":\"https:\\\/\\\/www.venisecollection.com\\\/fr\",\"name\":\"VENISE COLLECTION\",\"description\":\"\",\"publisher\":{\"@id\":\"https:\\\/\\\/www.venisecollection.com\\\/fr#organization\"},\"potentialAction\":[{\"@type\":\"SearchAction\",\"target\":{\"@type\":\"EntryPoint\",\"urlTemplate\":\"https:\\\/\\\/www.venisecollection.com\\\/fr?s={search_term_string}\"},\"query-input\":{\"@type\":\"PropertyValueSpecification\",\"valueRequired\":true,\"valueName\":\"search_term_string\"}}],\"inLanguage\":\"fr-FR\"},{\"@type\":\"Organization\",\"@id\":\"https:\\\/\\\/www.venisecollection.com\\\/fr#organization\",\"name\":\"VENISE COLLECTION\",\"url\":\"https:\\\/\\\/www.venisecollection.com\\\/fr\",\"logo\":{\"@type\":\"ImageObject\",\"inLanguage\":\"fr-FR\",\"@id\":\"https:\\\/\\\/www.venisecollection.com\\\/fr#\\\/schema\\\/logo\\\/image\\\/\",\"url\":\"https:\\\/\\\/www.venisecollection.com\\\/cdn\\\/seo.png\",\"contentUrl\":\"https:\\\/\\\/www.venisecollection.com\\\/cdn\\\/seo.png\",\"width\":1080,\"height\":1080,\"caption\":\"VENISE COLLECTION\"},\"image\":{\"@id\":\"https:\\\/\\\/www.venisecollection.com\\\/fr#\\\/schema\\\/logo\\\/image\\\/\"},\"sameAs\":[\"https:\\\/\\\/www.instagram.com\\\/venisecollection\\\/\",\"https:\\\/\\\/fr.pinterest.com\\\/venisecollection\\\/\"]}]}<\/script>\n<!-- \/ Yoast SEO plugin. -->","yoast_head_json":{"title":"Botte haute MOSCHINO - VENISE COLLECTION","robots":{"index":"index","follow":"follow","max-snippet":"max-snippet:-1","max-image-preview":"max-image-preview:large","max-video-preview":"max-video-preview:-1"},"canonical":"https:\/\/www.venisecollection.com\/fr\/shop\/women\/tall-boots\/botte-haute-moschino","og_locale":"fr_FR","og_type":"article","og_title":"Botte haute MOSCHINO - VENISE COLLECTION","og_description":"Les bottes noires MOSCHINO capturent l&rsquo;\u00e9l\u00e9gance italienne dans sa forme la plus pure, une fusion de sophistication audacieuse et de confort moderne. Fabriqu\u00e9es \u00e0 partir de cuir lisse de premi\u00e8re qualit\u00e9, ces bottes hauteur genou allongent la silhouette tandis que leur talon bloc de 8 cm offre une \u00e9l\u00e9vation et une stabilit\u00e9 assur\u00e9es. Avec une &hellip;","og_url":"https:\/\/www.venisecollection.com\/fr\/shop\/women\/tall-boots\/botte-haute-moschino","og_site_name":"VENISE COLLECTION","article_modified_time":"2026-04-30T00:50:11+00:00","og_image":[{"width":1280,"height":1588,"url":"https:\/\/www.venisecollection.com\/cdn\/image-83.webp","type":"image\/webp"}],"twitter_card":"summary_large_image","schema":{"@context":"https:\/\/schema.org","@graph":[{"@type":"WebPage","@id":"https:\/\/www.venisecollection.com\/fr\/shop\/women\/tall-boots\/botte-haute-moschino","url":"https:\/\/www.venisecollection.com\/fr\/shop\/women\/tall-boots\/botte-haute-moschino","name":"Botte haute MOSCHINO - VENISE COLLECTION","isPartOf":{"@id":"https:\/\/www.venisecollection.com\/fr#website"},"primaryImageOfPage":{"@id":"https:\/\/www.venisecollection.com\/fr\/shop\/women\/tall-boots\/botte-haute-moschino#primaryimage"},"image":{"@id":"https:\/\/www.venisecollection.com\/fr\/shop\/women\/tall-boots\/botte-haute-moschino#primaryimage"},"thumbnailUrl":"https:\/\/www.venisecollection.com\/cdn\/image-83.webp","datePublished":"2025-11-20T16:07:38+00:00","dateModified":"2026-04-30T00:50:11+00:00","breadcrumb":{"@id":"https:\/\/www.venisecollection.com\/fr\/shop\/women\/tall-boots\/botte-haute-moschino#breadcrumb"},"inLanguage":"fr-FR","potentialAction":[{"@type":"ReadAction","target":["https:\/\/www.venisecollection.com\/fr\/shop\/women\/tall-boots\/botte-haute-moschino"]}]},{"@type":"ImageObject","inLanguage":"fr-FR","@id":"https:\/\/www.venisecollection.com\/fr\/shop\/women\/tall-boots\/botte-haute-moschino#primaryimage","url":"https:\/\/www.venisecollection.com\/cdn\/image-83.webp","contentUrl":"https:\/\/www.venisecollection.com\/cdn\/image-83.webp","width":1280,"height":1588},{"@type":"BreadcrumbList","@id":"https:\/\/www.venisecollection.com\/fr\/shop\/women\/tall-boots\/botte-haute-moschino#breadcrumb","itemListElement":[{"@type":"ListItem","position":1,"name":"Home","item":"https:\/\/www.venisecollection.com\/fr\/boutique"},{"@type":"ListItem","position":2,"name":"Accueil","item":"https:\/\/www.venisecollection.com\/fr\/boutique"},{"@type":"ListItem","position":3,"name":"Botte haute MOSCHINO"}]},{"@type":"WebSite","@id":"https:\/\/www.venisecollection.com\/fr#website","url":"https:\/\/www.venisecollection.com\/fr","name":"VENISE COLLECTION","description":"","publisher":{"@id":"https:\/\/www.venisecollection.com\/fr#organization"},"potentialAction":[{"@type":"SearchAction","target":{"@type":"EntryPoint","urlTemplate":"https:\/\/www.venisecollection.com\/fr?s={search_term_string}"},"query-input":{"@type":"PropertyValueSpecification","valueRequired":true,"valueName":"search_term_string"}}],"inLanguage":"fr-FR"},{"@type":"Organization","@id":"https:\/\/www.venisecollection.com\/fr#organization","name":"VENISE COLLECTION","url":"https:\/\/www.venisecollection.com\/fr","logo":{"@type":"ImageObject","inLanguage":"fr-FR","@id":"https:\/\/www.venisecollection.com\/fr#\/schema\/logo\/image\/","url":"https:\/\/www.venisecollection.com\/cdn\/seo.png","contentUrl":"https:\/\/www.venisecollection.com\/cdn\/seo.png","width":1080,"height":1080,"caption":"VENISE COLLECTION"},"image":{"@id":"https:\/\/www.venisecollection.com\/fr#\/schema\/logo\/image\/"},"sameAs":["https:\/\/www.instagram.com\/venisecollection\/","https:\/\/fr.pinterest.com\/venisecollection\/"]}]}},"_links":{"self":[{"href":"https:\/\/www.venisecollection.com\/fr\/wp-json\/wp\/v2\/product\/4945","targetHints":{"allow":["GET"]}}],"collection":[{"href":"https:\/\/www.venisecollection.com\/fr\/wp-json\/wp\/v2\/product"}],"about":[{"href":"https:\/\/www.venisecollection.com\/fr\/wp-json\/wp\/v2\/types\/product"}],"wp:featuredmedia":[{"embeddable":true,"href":"https:\/\/www.venisecollection.com\/fr\/wp-json\/wp\/v2\/media\/4941"}],"wp:attachment":[{"href":"https:\/\/www.venisecollection.com\/fr\/wp-json\/wp\/v2\/media?parent=4945"}],"wp:term":[{"taxonomy":"product_brand","embeddable":true,"href":"https:\/\/www.venisecollection.com\/fr\/wp-json\/wp\/v2\/product_brand?post=4945"},{"taxonomy":"product_cat","embeddable":true,"href":"https:\/\/www.venisecollection.com\/fr\/wp-json\/wp\/v2\/product_cat?post=4945"},{"taxonomy":"product_tag","embeddable":true,"href":"https:\/\/www.venisecollection.com\/fr\/wp-json\/wp\/v2\/product_tag?post=4945"}],"curies":[{"name":"wp","href":"https:\/\/api.w.org\/{rel}","templated":true}]}}