{"id":4967,"date":"2025-12-20T16:07:11","date_gmt":"2025-12-20T16:07:11","guid":{"rendered":"https:\/\/www.venisecollection.com\/shop\/women\/non%20class\u00e9\/moka-noir\/"},"modified":"2026-04-17T00:41:39","modified_gmt":"2026-04-17T00:41:39","slug":"moka-noir","status":"publish","type":"product","link":"https:\/\/www.venisecollection.com\/fr\/shop\/women\/mocassins-femme\/moka-noir","title":{"rendered":"CAMOSCIO NERO"},"content":{"rendered":"<p style=\"text-align: justify;\" data-start=\"1087\" data-end=\"1727\">Sublimez votre style quotidien avec MOKA NOIR, le mocassin plateforme pour femmes confectionn\u00e9 en luxueux daim noir. Con\u00e7u avec une semelle crant\u00e9e \u00e9paisse, il offre un \u00e9quilibre parfait entre hauteur, confort et assurance. Que ce soit associ\u00e9 \u00e0 un pantalon tailleur pour un look de bureau \u00e9l\u00e9gant ou \u00e0 un jean court pour des promenades d\u00e9contract\u00e9es en ville, ces mocassins apportent une \u00e9l\u00e9gance raffin\u00e9e et une \u00e9nergie urbaine.  <\/p>\n<p style=\"text-align: justify;\" data-start=\"1087\" data-end=\"1727\">Avec son bout rond, son design sans lacets et son d\u00e9tail de passant m\u00e9tallique, MOKA NOIR red\u00e9finit la sophistication sans effort.<\/p>\n<p style=\"text-align: justify;\" data-start=\"1729\" data-end=\"1743\">D\u00e9tails : Dessus : Cuir v\u00e9ritable en daim noir &#8211; Doublure : Synth\u00e9tique &#8211; Semelle : Caoutchouc avec bande de roulement crant\u00e9e &#8211; Style : Mocassin pour femmes &#8211; Caract\u00e9ristiques : Bout rond, semelle plateforme, d\u00e9tail de passant m\u00e9tallique<\/p>\n","protected":false},"excerpt":{"rendered":"<p>Sublimez votre style quotidien avec MOKA NOIR, le mocassin plateforme pour femmes confectionn\u00e9 en luxueux daim noir. Con\u00e7u avec une semelle crant\u00e9e \u00e9paisse, il offre un \u00e9quilibre parfait entre hauteur, confort et assurance. Que ce soit associ\u00e9 \u00e0 un pantalon tailleur pour un look de bureau \u00e9l\u00e9gant ou \u00e0 un jean court pour des promenades &hellip;<\/p>\n","protected":false},"featured_media":4963,"template":"","meta":[],"product_brand":[356],"product_cat":[108],"product_tag":[],"class_list":{"0":"post-4967","1":"product","2":"type-product","3":"status-publish","4":"has-post-thumbnail","6":"product_brand-venise-collection","7":"product_cat-mocassins-femme","9":"first","10":"instock","11":"shipping-taxable","12":"purchasable","13":"product-type-variable","14":"has-default-attributes"},"yoast_head":"<!-- This site is optimized with the Yoast SEO plugin v27.4 - https:\/\/yoast.com\/product\/yoast-seo-wordpress\/ -->\n<title>CAMOSCIO NERO - VENISE COLLECTION<\/title>\n<meta name=\"robots\" content=\"index, follow, max-snippet:-1, max-image-preview:large, max-video-preview:-1\" \/>\n<link rel=\"canonical\" href=\"https:\/\/www.venisecollection.com\/fr\/shop\/women\/mocassins-femme\/moka-noir\" \/>\n<meta property=\"og:locale\" content=\"fr_FR\" \/>\n<meta property=\"og:type\" content=\"article\" \/>\n<meta property=\"og:title\" content=\"CAMOSCIO NERO - VENISE COLLECTION\" \/>\n<meta property=\"og:description\" content=\"Sublimez votre style quotidien avec MOKA NOIR, le mocassin plateforme pour femmes confectionn\u00e9 en luxueux daim noir. Con\u00e7u avec une semelle crant\u00e9e \u00e9paisse, il offre un \u00e9quilibre parfait entre hauteur, confort et assurance. Que ce soit associ\u00e9 \u00e0 un pantalon tailleur pour un look de bureau \u00e9l\u00e9gant ou \u00e0 un jean court pour des promenades &hellip;\" \/>\n<meta property=\"og:url\" content=\"https:\/\/www.venisecollection.com\/fr\/shop\/women\/mocassins-femme\/moka-noir\" \/>\n<meta property=\"og:site_name\" content=\"VENISE COLLECTION\" \/>\n<meta property=\"article:modified_time\" content=\"2026-04-17T00:41:39+00:00\" \/>\n<meta property=\"og:image\" content=\"https:\/\/www.venisecollection.com\/cdn\/image-59-6.webp\" \/>\n\t<meta property=\"og:image:width\" content=\"1280\" \/>\n\t<meta property=\"og:image:height\" content=\"1588\" \/>\n\t<meta property=\"og:image:type\" content=\"image\/webp\" \/>\n<meta name=\"twitter:card\" content=\"summary_large_image\" \/>\n<meta name=\"twitter:label1\" content=\"Dur\u00e9e de lecture estim\u00e9e\" \/>\n\t<meta name=\"twitter:data1\" content=\"1 minute\" \/>\n<script type=\"application\/ld+json\" class=\"yoast-schema-graph\">{\"@context\":\"https:\\\/\\\/schema.org\",\"@graph\":[{\"@type\":\"WebPage\",\"@id\":\"https:\\\/\\\/www.venisecollection.com\\\/fr\\\/shop\\\/women\\\/mocassins-femme\\\/moka-noir\",\"url\":\"https:\\\/\\\/www.venisecollection.com\\\/fr\\\/shop\\\/women\\\/mocassins-femme\\\/moka-noir\",\"name\":\"CAMOSCIO NERO - VENISE COLLECTION\",\"isPartOf\":{\"@id\":\"https:\\\/\\\/www.venisecollection.com\\\/fr#website\"},\"primaryImageOfPage\":{\"@id\":\"https:\\\/\\\/www.venisecollection.com\\\/fr\\\/shop\\\/women\\\/mocassins-femme\\\/moka-noir#primaryimage\"},\"image\":{\"@id\":\"https:\\\/\\\/www.venisecollection.com\\\/fr\\\/shop\\\/women\\\/mocassins-femme\\\/moka-noir#primaryimage\"},\"thumbnailUrl\":\"https:\\\/\\\/www.venisecollection.com\\\/cdn\\\/image-59-6.webp\",\"datePublished\":\"2025-12-20T16:07:11+00:00\",\"dateModified\":\"2026-04-17T00:41:39+00:00\",\"breadcrumb\":{\"@id\":\"https:\\\/\\\/www.venisecollection.com\\\/fr\\\/shop\\\/women\\\/mocassins-femme\\\/moka-noir#breadcrumb\"},\"inLanguage\":\"fr-FR\",\"potentialAction\":[{\"@type\":\"ReadAction\",\"target\":[\"https:\\\/\\\/www.venisecollection.com\\\/fr\\\/shop\\\/women\\\/mocassins-femme\\\/moka-noir\"]}]},{\"@type\":\"ImageObject\",\"inLanguage\":\"fr-FR\",\"@id\":\"https:\\\/\\\/www.venisecollection.com\\\/fr\\\/shop\\\/women\\\/mocassins-femme\\\/moka-noir#primaryimage\",\"url\":\"https:\\\/\\\/www.venisecollection.com\\\/cdn\\\/image-59-6.webp\",\"contentUrl\":\"https:\\\/\\\/www.venisecollection.com\\\/cdn\\\/image-59-6.webp\",\"width\":1280,\"height\":1588},{\"@type\":\"BreadcrumbList\",\"@id\":\"https:\\\/\\\/www.venisecollection.com\\\/fr\\\/shop\\\/women\\\/mocassins-femme\\\/moka-noir#breadcrumb\",\"itemListElement\":[{\"@type\":\"ListItem\",\"position\":1,\"name\":\"Home\",\"item\":\"https:\\\/\\\/www.venisecollection.com\\\/fr\\\/boutique\"},{\"@type\":\"ListItem\",\"position\":2,\"name\":\"Accueil\",\"item\":\"https:\\\/\\\/www.venisecollection.com\\\/fr\\\/boutique\"},{\"@type\":\"ListItem\",\"position\":3,\"name\":\"CAMOSCIO NERO\"}]},{\"@type\":\"WebSite\",\"@id\":\"https:\\\/\\\/www.venisecollection.com\\\/fr#website\",\"url\":\"https:\\\/\\\/www.venisecollection.com\\\/fr\",\"name\":\"VENISE COLLECTION\",\"description\":\"\",\"publisher\":{\"@id\":\"https:\\\/\\\/www.venisecollection.com\\\/fr#organization\"},\"potentialAction\":[{\"@type\":\"SearchAction\",\"target\":{\"@type\":\"EntryPoint\",\"urlTemplate\":\"https:\\\/\\\/www.venisecollection.com\\\/fr?s={search_term_string}\"},\"query-input\":{\"@type\":\"PropertyValueSpecification\",\"valueRequired\":true,\"valueName\":\"search_term_string\"}}],\"inLanguage\":\"fr-FR\"},{\"@type\":\"Organization\",\"@id\":\"https:\\\/\\\/www.venisecollection.com\\\/fr#organization\",\"name\":\"VENISE COLLECTION\",\"url\":\"https:\\\/\\\/www.venisecollection.com\\\/fr\",\"logo\":{\"@type\":\"ImageObject\",\"inLanguage\":\"fr-FR\",\"@id\":\"https:\\\/\\\/www.venisecollection.com\\\/fr#\\\/schema\\\/logo\\\/image\\\/\",\"url\":\"https:\\\/\\\/www.venisecollection.com\\\/cdn\\\/seo.png\",\"contentUrl\":\"https:\\\/\\\/www.venisecollection.com\\\/cdn\\\/seo.png\",\"width\":1080,\"height\":1080,\"caption\":\"VENISE COLLECTION\"},\"image\":{\"@id\":\"https:\\\/\\\/www.venisecollection.com\\\/fr#\\\/schema\\\/logo\\\/image\\\/\"},\"sameAs\":[\"https:\\\/\\\/www.instagram.com\\\/venisecollection\\\/\",\"https:\\\/\\\/fr.pinterest.com\\\/venisecollection\\\/\"]}]}<\/script>\n<!-- \/ Yoast SEO plugin. -->","yoast_head_json":{"title":"CAMOSCIO NERO - VENISE COLLECTION","robots":{"index":"index","follow":"follow","max-snippet":"max-snippet:-1","max-image-preview":"max-image-preview:large","max-video-preview":"max-video-preview:-1"},"canonical":"https:\/\/www.venisecollection.com\/fr\/shop\/women\/mocassins-femme\/moka-noir","og_locale":"fr_FR","og_type":"article","og_title":"CAMOSCIO NERO - VENISE COLLECTION","og_description":"Sublimez votre style quotidien avec MOKA NOIR, le mocassin plateforme pour femmes confectionn\u00e9 en luxueux daim noir. Con\u00e7u avec une semelle crant\u00e9e \u00e9paisse, il offre un \u00e9quilibre parfait entre hauteur, confort et assurance. Que ce soit associ\u00e9 \u00e0 un pantalon tailleur pour un look de bureau \u00e9l\u00e9gant ou \u00e0 un jean court pour des promenades &hellip;","og_url":"https:\/\/www.venisecollection.com\/fr\/shop\/women\/mocassins-femme\/moka-noir","og_site_name":"VENISE COLLECTION","article_modified_time":"2026-04-17T00:41:39+00:00","og_image":[{"width":1280,"height":1588,"url":"https:\/\/www.venisecollection.com\/cdn\/image-59-6.webp","type":"image\/webp"}],"twitter_card":"summary_large_image","twitter_misc":{"Dur\u00e9e de lecture estim\u00e9e":"1 minute"},"schema":{"@context":"https:\/\/schema.org","@graph":[{"@type":"WebPage","@id":"https:\/\/www.venisecollection.com\/fr\/shop\/women\/mocassins-femme\/moka-noir","url":"https:\/\/www.venisecollection.com\/fr\/shop\/women\/mocassins-femme\/moka-noir","name":"CAMOSCIO NERO - VENISE COLLECTION","isPartOf":{"@id":"https:\/\/www.venisecollection.com\/fr#website"},"primaryImageOfPage":{"@id":"https:\/\/www.venisecollection.com\/fr\/shop\/women\/mocassins-femme\/moka-noir#primaryimage"},"image":{"@id":"https:\/\/www.venisecollection.com\/fr\/shop\/women\/mocassins-femme\/moka-noir#primaryimage"},"thumbnailUrl":"https:\/\/www.venisecollection.com\/cdn\/image-59-6.webp","datePublished":"2025-12-20T16:07:11+00:00","dateModified":"2026-04-17T00:41:39+00:00","breadcrumb":{"@id":"https:\/\/www.venisecollection.com\/fr\/shop\/women\/mocassins-femme\/moka-noir#breadcrumb"},"inLanguage":"fr-FR","potentialAction":[{"@type":"ReadAction","target":["https:\/\/www.venisecollection.com\/fr\/shop\/women\/mocassins-femme\/moka-noir"]}]},{"@type":"ImageObject","inLanguage":"fr-FR","@id":"https:\/\/www.venisecollection.com\/fr\/shop\/women\/mocassins-femme\/moka-noir#primaryimage","url":"https:\/\/www.venisecollection.com\/cdn\/image-59-6.webp","contentUrl":"https:\/\/www.venisecollection.com\/cdn\/image-59-6.webp","width":1280,"height":1588},{"@type":"BreadcrumbList","@id":"https:\/\/www.venisecollection.com\/fr\/shop\/women\/mocassins-femme\/moka-noir#breadcrumb","itemListElement":[{"@type":"ListItem","position":1,"name":"Home","item":"https:\/\/www.venisecollection.com\/fr\/boutique"},{"@type":"ListItem","position":2,"name":"Accueil","item":"https:\/\/www.venisecollection.com\/fr\/boutique"},{"@type":"ListItem","position":3,"name":"CAMOSCIO NERO"}]},{"@type":"WebSite","@id":"https:\/\/www.venisecollection.com\/fr#website","url":"https:\/\/www.venisecollection.com\/fr","name":"VENISE COLLECTION","description":"","publisher":{"@id":"https:\/\/www.venisecollection.com\/fr#organization"},"potentialAction":[{"@type":"SearchAction","target":{"@type":"EntryPoint","urlTemplate":"https:\/\/www.venisecollection.com\/fr?s={search_term_string}"},"query-input":{"@type":"PropertyValueSpecification","valueRequired":true,"valueName":"search_term_string"}}],"inLanguage":"fr-FR"},{"@type":"Organization","@id":"https:\/\/www.venisecollection.com\/fr#organization","name":"VENISE COLLECTION","url":"https:\/\/www.venisecollection.com\/fr","logo":{"@type":"ImageObject","inLanguage":"fr-FR","@id":"https:\/\/www.venisecollection.com\/fr#\/schema\/logo\/image\/","url":"https:\/\/www.venisecollection.com\/cdn\/seo.png","contentUrl":"https:\/\/www.venisecollection.com\/cdn\/seo.png","width":1080,"height":1080,"caption":"VENISE COLLECTION"},"image":{"@id":"https:\/\/www.venisecollection.com\/fr#\/schema\/logo\/image\/"},"sameAs":["https:\/\/www.instagram.com\/venisecollection\/","https:\/\/fr.pinterest.com\/venisecollection\/"]}]}},"_links":{"self":[{"href":"https:\/\/www.venisecollection.com\/fr\/wp-json\/wp\/v2\/product\/4967","targetHints":{"allow":["GET"]}}],"collection":[{"href":"https:\/\/www.venisecollection.com\/fr\/wp-json\/wp\/v2\/product"}],"about":[{"href":"https:\/\/www.venisecollection.com\/fr\/wp-json\/wp\/v2\/types\/product"}],"wp:featuredmedia":[{"embeddable":true,"href":"https:\/\/www.venisecollection.com\/fr\/wp-json\/wp\/v2\/media\/4963"}],"wp:attachment":[{"href":"https:\/\/www.venisecollection.com\/fr\/wp-json\/wp\/v2\/media?parent=4967"}],"wp:term":[{"taxonomy":"product_brand","embeddable":true,"href":"https:\/\/www.venisecollection.com\/fr\/wp-json\/wp\/v2\/product_brand?post=4967"},{"taxonomy":"product_cat","embeddable":true,"href":"https:\/\/www.venisecollection.com\/fr\/wp-json\/wp\/v2\/product_cat?post=4967"},{"taxonomy":"product_tag","embeddable":true,"href":"https:\/\/www.venisecollection.com\/fr\/wp-json\/wp\/v2\/product_tag?post=4967"}],"curies":[{"name":"wp","href":"https:\/\/api.w.org\/{rel}","templated":true}]}}