{"id":5048,"date":"2025-11-20T16:02:42","date_gmt":"2025-11-20T16:02:42","guid":{"rendered":"https:\/\/www.venisecollection.com\/shop\/women\/non%20class\u00e9\/bottes-hautes-marvella-pour-femmes\/"},"modified":"2025-12-26T15:02:49","modified_gmt":"2025-12-26T15:02:49","slug":"bottes-hautes-marvella-pour-femmes","status":"publish","type":"product","link":"https:\/\/www.venisecollection.com\/fr\/shop\/women\/bottes-hautes\/bottes-hautes-marvella-pour-femmes","title":{"rendered":"Bottes hautes Marvella pour femmes"},"content":{"rendered":"<p style=\"text-align: justify;\" data-start=\"1183\" data-end=\"1662\">Les bottes hautes Marvella pour femmes sont confectionn\u00e9es en daim marron profond, alliant savoir-faire italien et sophistication moderne.<\/p>\n<p style=\"text-align: justify;\" data-start=\"1183\" data-end=\"1662\">Dot\u00e9es d&rsquo;un bout pointu, d&rsquo;un talon angulaire de 70 mm et d&rsquo;une \u00e9l\u00e9gante boucle d\u00e9corative sur le haut, ces bottes incarnent l&rsquo;\u00e9l\u00e9gance intemporelle. Chaque paire est finie \u00e0 la main avec une technique de lavage unique, les rendant v\u00e9ritablement uniques. La doublure en cuir assure douceur et confort tout au long de la journ\u00e9e.  <\/p>\n<p style=\"text-align: justify;\" data-start=\"1664\" data-end=\"1678\">D\u00e9tails : Cuir daim de premi\u00e8re qualit\u00e9 &#8211; Bout pointu et talon bloc angulaire &#8211; D\u00e9tail de boucle d\u00e9corative &#8211; Doublure et semelle en cuir &#8211; Fabriqu\u00e9 en Italie<\/p>\n","protected":false},"excerpt":{"rendered":"<p>Les bottes hautes Marvella pour femmes sont confectionn\u00e9es en daim marron profond, alliant savoir-faire italien et sophistication moderne. Dot\u00e9es d&rsquo;un bout pointu, d&rsquo;un talon angulaire de 70 mm et d&rsquo;une \u00e9l\u00e9gante boucle d\u00e9corative sur le haut, ces bottes incarnent l&rsquo;\u00e9l\u00e9gance intemporelle. Chaque paire est finie \u00e0 la main avec une technique de lavage unique, les &hellip;<\/p>\n","protected":false},"featured_media":5044,"template":"","meta":[],"product_brand":[356],"product_cat":[104],"product_tag":[],"class_list":{"0":"post-5048","1":"product","2":"type-product","3":"status-publish","4":"has-post-thumbnail","6":"product_brand-venise-collection","7":"product_cat-bottes-hautes","9":"first","10":"outofstock","11":"shipping-taxable","12":"product-type-variable","13":"has-default-attributes"},"yoast_head":"<!-- This site is optimized with the Yoast SEO plugin v27.4 - https:\/\/yoast.com\/product\/yoast-seo-wordpress\/ -->\n<title>Bottes hautes Marvella pour femmes - VENISE COLLECTION<\/title>\n<meta name=\"robots\" content=\"index, follow, max-snippet:-1, max-image-preview:large, max-video-preview:-1\" \/>\n<link rel=\"canonical\" href=\"https:\/\/www.venisecollection.com\/fr\/shop\/women\/bottes-hautes\/bottes-hautes-marvella-pour-femmes\" \/>\n<meta property=\"og:locale\" content=\"fr_FR\" \/>\n<meta property=\"og:type\" content=\"article\" \/>\n<meta property=\"og:title\" content=\"Bottes hautes Marvella pour femmes - VENISE COLLECTION\" \/>\n<meta property=\"og:description\" content=\"Les bottes hautes Marvella pour femmes sont confectionn\u00e9es en daim marron profond, alliant savoir-faire italien et sophistication moderne. Dot\u00e9es d&rsquo;un bout pointu, d&rsquo;un talon angulaire de 70 mm et d&rsquo;une \u00e9l\u00e9gante boucle d\u00e9corative sur le haut, ces bottes incarnent l&rsquo;\u00e9l\u00e9gance intemporelle. Chaque paire est finie \u00e0 la main avec une technique de lavage unique, les &hellip;\" \/>\n<meta property=\"og:url\" content=\"https:\/\/www.venisecollection.com\/fr\/shop\/women\/bottes-hautes\/bottes-hautes-marvella-pour-femmes\" \/>\n<meta property=\"og:site_name\" content=\"VENISE COLLECTION\" \/>\n<meta property=\"article:modified_time\" content=\"2025-12-26T15:02:49+00:00\" \/>\n<meta property=\"og:image\" content=\"https:\/\/www.venisecollection.com\/cdn\/image.psd-250.webp\" \/>\n\t<meta property=\"og:image:width\" content=\"1280\" \/>\n\t<meta property=\"og:image:height\" content=\"1588\" \/>\n\t<meta property=\"og:image:type\" content=\"image\/webp\" \/>\n<meta name=\"twitter:card\" content=\"summary_large_image\" \/>\n<meta name=\"twitter:label1\" content=\"Dur\u00e9e de lecture estim\u00e9e\" \/>\n\t<meta name=\"twitter:data1\" content=\"1 minute\" \/>\n<script type=\"application\/ld+json\" class=\"yoast-schema-graph\">{\"@context\":\"https:\\\/\\\/schema.org\",\"@graph\":[{\"@type\":\"WebPage\",\"@id\":\"https:\\\/\\\/www.venisecollection.com\\\/fr\\\/shop\\\/women\\\/bottes-hautes\\\/bottes-hautes-marvella-pour-femmes\",\"url\":\"https:\\\/\\\/www.venisecollection.com\\\/fr\\\/shop\\\/women\\\/bottes-hautes\\\/bottes-hautes-marvella-pour-femmes\",\"name\":\"Bottes hautes Marvella pour femmes - VENISE COLLECTION\",\"isPartOf\":{\"@id\":\"https:\\\/\\\/www.venisecollection.com\\\/fr#website\"},\"primaryImageOfPage\":{\"@id\":\"https:\\\/\\\/www.venisecollection.com\\\/fr\\\/shop\\\/women\\\/bottes-hautes\\\/bottes-hautes-marvella-pour-femmes#primaryimage\"},\"image\":{\"@id\":\"https:\\\/\\\/www.venisecollection.com\\\/fr\\\/shop\\\/women\\\/bottes-hautes\\\/bottes-hautes-marvella-pour-femmes#primaryimage\"},\"thumbnailUrl\":\"https:\\\/\\\/www.venisecollection.com\\\/cdn\\\/image.psd-250.webp\",\"datePublished\":\"2025-11-20T16:02:42+00:00\",\"dateModified\":\"2025-12-26T15:02:49+00:00\",\"breadcrumb\":{\"@id\":\"https:\\\/\\\/www.venisecollection.com\\\/fr\\\/shop\\\/women\\\/bottes-hautes\\\/bottes-hautes-marvella-pour-femmes#breadcrumb\"},\"inLanguage\":\"fr-FR\",\"potentialAction\":[{\"@type\":\"ReadAction\",\"target\":[\"https:\\\/\\\/www.venisecollection.com\\\/fr\\\/shop\\\/women\\\/bottes-hautes\\\/bottes-hautes-marvella-pour-femmes\"]}]},{\"@type\":\"ImageObject\",\"inLanguage\":\"fr-FR\",\"@id\":\"https:\\\/\\\/www.venisecollection.com\\\/fr\\\/shop\\\/women\\\/bottes-hautes\\\/bottes-hautes-marvella-pour-femmes#primaryimage\",\"url\":\"https:\\\/\\\/www.venisecollection.com\\\/cdn\\\/image.psd-250.webp\",\"contentUrl\":\"https:\\\/\\\/www.venisecollection.com\\\/cdn\\\/image.psd-250.webp\",\"width\":1280,\"height\":1588},{\"@type\":\"BreadcrumbList\",\"@id\":\"https:\\\/\\\/www.venisecollection.com\\\/fr\\\/shop\\\/women\\\/bottes-hautes\\\/bottes-hautes-marvella-pour-femmes#breadcrumb\",\"itemListElement\":[{\"@type\":\"ListItem\",\"position\":1,\"name\":\"Home\",\"item\":\"https:\\\/\\\/www.venisecollection.com\\\/fr\\\/boutique\"},{\"@type\":\"ListItem\",\"position\":2,\"name\":\"Accueil\",\"item\":\"https:\\\/\\\/www.venisecollection.com\\\/fr\\\/boutique\"},{\"@type\":\"ListItem\",\"position\":3,\"name\":\"Bottes hautes Marvella pour femmes\"}]},{\"@type\":\"WebSite\",\"@id\":\"https:\\\/\\\/www.venisecollection.com\\\/fr#website\",\"url\":\"https:\\\/\\\/www.venisecollection.com\\\/fr\",\"name\":\"VENISE COLLECTION\",\"description\":\"\",\"publisher\":{\"@id\":\"https:\\\/\\\/www.venisecollection.com\\\/fr#organization\"},\"potentialAction\":[{\"@type\":\"SearchAction\",\"target\":{\"@type\":\"EntryPoint\",\"urlTemplate\":\"https:\\\/\\\/www.venisecollection.com\\\/fr?s={search_term_string}\"},\"query-input\":{\"@type\":\"PropertyValueSpecification\",\"valueRequired\":true,\"valueName\":\"search_term_string\"}}],\"inLanguage\":\"fr-FR\"},{\"@type\":\"Organization\",\"@id\":\"https:\\\/\\\/www.venisecollection.com\\\/fr#organization\",\"name\":\"VENISE COLLECTION\",\"url\":\"https:\\\/\\\/www.venisecollection.com\\\/fr\",\"logo\":{\"@type\":\"ImageObject\",\"inLanguage\":\"fr-FR\",\"@id\":\"https:\\\/\\\/www.venisecollection.com\\\/fr#\\\/schema\\\/logo\\\/image\\\/\",\"url\":\"https:\\\/\\\/www.venisecollection.com\\\/cdn\\\/seo.png\",\"contentUrl\":\"https:\\\/\\\/www.venisecollection.com\\\/cdn\\\/seo.png\",\"width\":1080,\"height\":1080,\"caption\":\"VENISE COLLECTION\"},\"image\":{\"@id\":\"https:\\\/\\\/www.venisecollection.com\\\/fr#\\\/schema\\\/logo\\\/image\\\/\"},\"sameAs\":[\"https:\\\/\\\/www.instagram.com\\\/venisecollection\\\/\",\"https:\\\/\\\/fr.pinterest.com\\\/venisecollection\\\/\"]}]}<\/script>\n<!-- \/ Yoast SEO plugin. -->","yoast_head_json":{"title":"Bottes hautes Marvella pour femmes - VENISE COLLECTION","robots":{"index":"index","follow":"follow","max-snippet":"max-snippet:-1","max-image-preview":"max-image-preview:large","max-video-preview":"max-video-preview:-1"},"canonical":"https:\/\/www.venisecollection.com\/fr\/shop\/women\/bottes-hautes\/bottes-hautes-marvella-pour-femmes","og_locale":"fr_FR","og_type":"article","og_title":"Bottes hautes Marvella pour femmes - VENISE COLLECTION","og_description":"Les bottes hautes Marvella pour femmes sont confectionn\u00e9es en daim marron profond, alliant savoir-faire italien et sophistication moderne. Dot\u00e9es d&rsquo;un bout pointu, d&rsquo;un talon angulaire de 70 mm et d&rsquo;une \u00e9l\u00e9gante boucle d\u00e9corative sur le haut, ces bottes incarnent l&rsquo;\u00e9l\u00e9gance intemporelle. Chaque paire est finie \u00e0 la main avec une technique de lavage unique, les &hellip;","og_url":"https:\/\/www.venisecollection.com\/fr\/shop\/women\/bottes-hautes\/bottes-hautes-marvella-pour-femmes","og_site_name":"VENISE COLLECTION","article_modified_time":"2025-12-26T15:02:49+00:00","og_image":[{"width":1280,"height":1588,"url":"https:\/\/www.venisecollection.com\/cdn\/image.psd-250.webp","type":"image\/webp"}],"twitter_card":"summary_large_image","twitter_misc":{"Dur\u00e9e de lecture estim\u00e9e":"1 minute"},"schema":{"@context":"https:\/\/schema.org","@graph":[{"@type":"WebPage","@id":"https:\/\/www.venisecollection.com\/fr\/shop\/women\/bottes-hautes\/bottes-hautes-marvella-pour-femmes","url":"https:\/\/www.venisecollection.com\/fr\/shop\/women\/bottes-hautes\/bottes-hautes-marvella-pour-femmes","name":"Bottes hautes Marvella pour femmes - VENISE COLLECTION","isPartOf":{"@id":"https:\/\/www.venisecollection.com\/fr#website"},"primaryImageOfPage":{"@id":"https:\/\/www.venisecollection.com\/fr\/shop\/women\/bottes-hautes\/bottes-hautes-marvella-pour-femmes#primaryimage"},"image":{"@id":"https:\/\/www.venisecollection.com\/fr\/shop\/women\/bottes-hautes\/bottes-hautes-marvella-pour-femmes#primaryimage"},"thumbnailUrl":"https:\/\/www.venisecollection.com\/cdn\/image.psd-250.webp","datePublished":"2025-11-20T16:02:42+00:00","dateModified":"2025-12-26T15:02:49+00:00","breadcrumb":{"@id":"https:\/\/www.venisecollection.com\/fr\/shop\/women\/bottes-hautes\/bottes-hautes-marvella-pour-femmes#breadcrumb"},"inLanguage":"fr-FR","potentialAction":[{"@type":"ReadAction","target":["https:\/\/www.venisecollection.com\/fr\/shop\/women\/bottes-hautes\/bottes-hautes-marvella-pour-femmes"]}]},{"@type":"ImageObject","inLanguage":"fr-FR","@id":"https:\/\/www.venisecollection.com\/fr\/shop\/women\/bottes-hautes\/bottes-hautes-marvella-pour-femmes#primaryimage","url":"https:\/\/www.venisecollection.com\/cdn\/image.psd-250.webp","contentUrl":"https:\/\/www.venisecollection.com\/cdn\/image.psd-250.webp","width":1280,"height":1588},{"@type":"BreadcrumbList","@id":"https:\/\/www.venisecollection.com\/fr\/shop\/women\/bottes-hautes\/bottes-hautes-marvella-pour-femmes#breadcrumb","itemListElement":[{"@type":"ListItem","position":1,"name":"Home","item":"https:\/\/www.venisecollection.com\/fr\/boutique"},{"@type":"ListItem","position":2,"name":"Accueil","item":"https:\/\/www.venisecollection.com\/fr\/boutique"},{"@type":"ListItem","position":3,"name":"Bottes hautes Marvella pour femmes"}]},{"@type":"WebSite","@id":"https:\/\/www.venisecollection.com\/fr#website","url":"https:\/\/www.venisecollection.com\/fr","name":"VENISE COLLECTION","description":"","publisher":{"@id":"https:\/\/www.venisecollection.com\/fr#organization"},"potentialAction":[{"@type":"SearchAction","target":{"@type":"EntryPoint","urlTemplate":"https:\/\/www.venisecollection.com\/fr?s={search_term_string}"},"query-input":{"@type":"PropertyValueSpecification","valueRequired":true,"valueName":"search_term_string"}}],"inLanguage":"fr-FR"},{"@type":"Organization","@id":"https:\/\/www.venisecollection.com\/fr#organization","name":"VENISE COLLECTION","url":"https:\/\/www.venisecollection.com\/fr","logo":{"@type":"ImageObject","inLanguage":"fr-FR","@id":"https:\/\/www.venisecollection.com\/fr#\/schema\/logo\/image\/","url":"https:\/\/www.venisecollection.com\/cdn\/seo.png","contentUrl":"https:\/\/www.venisecollection.com\/cdn\/seo.png","width":1080,"height":1080,"caption":"VENISE COLLECTION"},"image":{"@id":"https:\/\/www.venisecollection.com\/fr#\/schema\/logo\/image\/"},"sameAs":["https:\/\/www.instagram.com\/venisecollection\/","https:\/\/fr.pinterest.com\/venisecollection\/"]}]}},"_links":{"self":[{"href":"https:\/\/www.venisecollection.com\/fr\/wp-json\/wp\/v2\/product\/5048","targetHints":{"allow":["GET"]}}],"collection":[{"href":"https:\/\/www.venisecollection.com\/fr\/wp-json\/wp\/v2\/product"}],"about":[{"href":"https:\/\/www.venisecollection.com\/fr\/wp-json\/wp\/v2\/types\/product"}],"wp:featuredmedia":[{"embeddable":true,"href":"https:\/\/www.venisecollection.com\/fr\/wp-json\/wp\/v2\/media\/5044"}],"wp:attachment":[{"href":"https:\/\/www.venisecollection.com\/fr\/wp-json\/wp\/v2\/media?parent=5048"}],"wp:term":[{"taxonomy":"product_brand","embeddable":true,"href":"https:\/\/www.venisecollection.com\/fr\/wp-json\/wp\/v2\/product_brand?post=5048"},{"taxonomy":"product_cat","embeddable":true,"href":"https:\/\/www.venisecollection.com\/fr\/wp-json\/wp\/v2\/product_cat?post=5048"},{"taxonomy":"product_tag","embeddable":true,"href":"https:\/\/www.venisecollection.com\/fr\/wp-json\/wp\/v2\/product_tag?post=5048"}],"curies":[{"name":"wp","href":"https:\/\/api.w.org\/{rel}","templated":true}]}}