{"id":5133,"date":"2025-11-20T16:03:54","date_gmt":"2025-11-20T16:03:54","guid":{"rendered":"https:\/\/www.venisecollection.com\/shop\/women\/non%20class\u00e9\/celesta-bleu\/"},"modified":"2026-04-30T00:49:57","modified_gmt":"2026-04-30T00:49:57","slug":"celesta-bleu","status":"publish","type":"product","link":"https:\/\/www.venisecollection.com\/fr\/shop\/women\/boots\/celesta-bleu","title":{"rendered":"Celesta bleu"},"content":{"rendered":"<p style=\"text-align: justify;\" data-start=\"1251\" data-end=\"1761\">Adoptez une \u00e9l\u00e9gance discr\u00e8te avec les bottines femme Celesta Bleu, confectionn\u00e9es en daim bleu doux avec une doublure en cuir premium pour un confort durable. Leurs panneaux \u00e9lastiques lat\u00e9raux les rendent faciles \u00e0 enfiler et \u00e0 retirer, tandis que le design minimaliste s&rsquo;associe sans effort avec des jeans, des jupes ou des pantalons ajust\u00e9s. Parfaites pour ajouter une touche raffin\u00e9e \u00e0 vos tenues quotidiennes ou casual-chic. Prot\u00e9gez le daim avec un spray imperm\u00e9abilisant avant la premi\u00e8re utilisation.   <\/p>\n<p style=\"text-align: justify;\" data-start=\"1763\" data-end=\"1781\">D\u00e9tails cl\u00e9s : Tige : Daim premium \u2013 Doublure et semelle int\u00e9rieure : Cuir v\u00e9ritable \u2013 Semelle : Caoutchouc naturel \u2013 Hauteur de talon : 2,2 cm \u2013 Design slip-on avec bande \u00e9lastique \u2013 Couleur : Bleu \u00e9l\u00e9gant<\/p>\n","protected":false},"excerpt":{"rendered":"<p>Adoptez une \u00e9l\u00e9gance discr\u00e8te avec les bottines femme Celesta Bleu, confectionn\u00e9es en daim bleu doux avec une doublure en cuir premium pour un confort durable. Leurs panneaux \u00e9lastiques lat\u00e9raux les rendent faciles \u00e0 enfiler et \u00e0 retirer, tandis que le design minimaliste s&rsquo;associe sans effort avec des jeans, des jupes ou des pantalons ajust\u00e9s. Parfaites &hellip;<\/p>\n","protected":false},"featured_media":5129,"template":"","meta":[],"product_brand":[69],"product_cat":[63],"product_tag":[],"class_list":{"0":"post-5133","1":"product","2":"type-product","3":"status-publish","4":"has-post-thumbnail","6":"product_brand-venise-collection","7":"product_cat-boots","9":"first","10":"instock","11":"shipping-taxable","12":"purchasable","13":"product-type-variable","14":"has-default-attributes"},"yoast_head":"<!-- This site is optimized with the Yoast SEO plugin v27.5 - https:\/\/yoast.com\/product\/yoast-seo-wordpress\/ -->\n<title>Celesta bleu - VENISE COLLECTION<\/title>\n<meta name=\"robots\" content=\"index, follow, max-snippet:-1, max-image-preview:large, max-video-preview:-1\" \/>\n<link rel=\"canonical\" href=\"https:\/\/www.venisecollection.com\/fr\/shop\/women\/boots\/celesta-bleu\" \/>\n<meta property=\"og:locale\" content=\"fr_FR\" \/>\n<meta property=\"og:type\" content=\"article\" \/>\n<meta property=\"og:title\" content=\"Celesta bleu - VENISE COLLECTION\" \/>\n<meta property=\"og:description\" content=\"Adoptez une \u00e9l\u00e9gance discr\u00e8te avec les bottines femme Celesta Bleu, confectionn\u00e9es en daim bleu doux avec une doublure en cuir premium pour un confort durable. Leurs panneaux \u00e9lastiques lat\u00e9raux les rendent faciles \u00e0 enfiler et \u00e0 retirer, tandis que le design minimaliste s&rsquo;associe sans effort avec des jeans, des jupes ou des pantalons ajust\u00e9s. Parfaites &hellip;\" \/>\n<meta property=\"og:url\" content=\"https:\/\/www.venisecollection.com\/fr\/shop\/women\/boots\/celesta-bleu\" \/>\n<meta property=\"og:site_name\" content=\"VENISE COLLECTION\" \/>\n<meta property=\"article:modified_time\" content=\"2026-04-30T00:49:57+00:00\" \/>\n<meta property=\"og:image\" content=\"https:\/\/www.venisecollection.com\/cdn\/image-25-2.webp\" \/>\n\t<meta property=\"og:image:width\" content=\"1280\" \/>\n\t<meta property=\"og:image:height\" content=\"1588\" \/>\n\t<meta property=\"og:image:type\" content=\"image\/webp\" \/>\n<meta name=\"twitter:card\" content=\"summary_large_image\" \/>\n<meta name=\"twitter:label1\" content=\"Dur\u00e9e de lecture estim\u00e9e\" \/>\n\t<meta name=\"twitter:data1\" content=\"1 minute\" \/>\n<script type=\"application\/ld+json\" class=\"yoast-schema-graph\">{\"@context\":\"https:\\\/\\\/schema.org\",\"@graph\":[{\"@type\":\"WebPage\",\"@id\":\"https:\\\/\\\/www.venisecollection.com\\\/fr\\\/shop\\\/women\\\/boots\\\/celesta-bleu\",\"url\":\"https:\\\/\\\/www.venisecollection.com\\\/fr\\\/shop\\\/women\\\/boots\\\/celesta-bleu\",\"name\":\"Celesta bleu - VENISE COLLECTION\",\"isPartOf\":{\"@id\":\"https:\\\/\\\/www.venisecollection.com\\\/fr#website\"},\"primaryImageOfPage\":{\"@id\":\"https:\\\/\\\/www.venisecollection.com\\\/fr\\\/shop\\\/women\\\/boots\\\/celesta-bleu#primaryimage\"},\"image\":{\"@id\":\"https:\\\/\\\/www.venisecollection.com\\\/fr\\\/shop\\\/women\\\/boots\\\/celesta-bleu#primaryimage\"},\"thumbnailUrl\":\"https:\\\/\\\/www.venisecollection.com\\\/cdn\\\/image-25-2.webp\",\"datePublished\":\"2025-11-20T16:03:54+00:00\",\"dateModified\":\"2026-04-30T00:49:57+00:00\",\"breadcrumb\":{\"@id\":\"https:\\\/\\\/www.venisecollection.com\\\/fr\\\/shop\\\/women\\\/boots\\\/celesta-bleu#breadcrumb\"},\"inLanguage\":\"fr-FR\",\"potentialAction\":[{\"@type\":\"ReadAction\",\"target\":[\"https:\\\/\\\/www.venisecollection.com\\\/fr\\\/shop\\\/women\\\/boots\\\/celesta-bleu\"]}]},{\"@type\":\"ImageObject\",\"inLanguage\":\"fr-FR\",\"@id\":\"https:\\\/\\\/www.venisecollection.com\\\/fr\\\/shop\\\/women\\\/boots\\\/celesta-bleu#primaryimage\",\"url\":\"https:\\\/\\\/www.venisecollection.com\\\/cdn\\\/image-25-2.webp\",\"contentUrl\":\"https:\\\/\\\/www.venisecollection.com\\\/cdn\\\/image-25-2.webp\",\"width\":1280,\"height\":1588},{\"@type\":\"BreadcrumbList\",\"@id\":\"https:\\\/\\\/www.venisecollection.com\\\/fr\\\/shop\\\/women\\\/boots\\\/celesta-bleu#breadcrumb\",\"itemListElement\":[{\"@type\":\"ListItem\",\"position\":1,\"name\":\"Home\",\"item\":\"https:\\\/\\\/www.venisecollection.com\\\/fr\\\/boutique\"},{\"@type\":\"ListItem\",\"position\":2,\"name\":\"Accueil\",\"item\":\"https:\\\/\\\/www.venisecollection.com\\\/fr\\\/boutique\"},{\"@type\":\"ListItem\",\"position\":3,\"name\":\"Celesta bleu\"}]},{\"@type\":\"WebSite\",\"@id\":\"https:\\\/\\\/www.venisecollection.com\\\/fr#website\",\"url\":\"https:\\\/\\\/www.venisecollection.com\\\/fr\",\"name\":\"VENISE COLLECTION\",\"description\":\"\",\"publisher\":{\"@id\":\"https:\\\/\\\/www.venisecollection.com\\\/fr#organization\"},\"potentialAction\":[{\"@type\":\"SearchAction\",\"target\":{\"@type\":\"EntryPoint\",\"urlTemplate\":\"https:\\\/\\\/www.venisecollection.com\\\/fr?s={search_term_string}\"},\"query-input\":{\"@type\":\"PropertyValueSpecification\",\"valueRequired\":true,\"valueName\":\"search_term_string\"}}],\"inLanguage\":\"fr-FR\"},{\"@type\":\"Organization\",\"@id\":\"https:\\\/\\\/www.venisecollection.com\\\/fr#organization\",\"name\":\"VENISE COLLECTION\",\"url\":\"https:\\\/\\\/www.venisecollection.com\\\/fr\",\"logo\":{\"@type\":\"ImageObject\",\"inLanguage\":\"fr-FR\",\"@id\":\"https:\\\/\\\/www.venisecollection.com\\\/fr#\\\/schema\\\/logo\\\/image\\\/\",\"url\":\"https:\\\/\\\/www.venisecollection.com\\\/cdn\\\/seo.png\",\"contentUrl\":\"https:\\\/\\\/www.venisecollection.com\\\/cdn\\\/seo.png\",\"width\":1080,\"height\":1080,\"caption\":\"VENISE COLLECTION\"},\"image\":{\"@id\":\"https:\\\/\\\/www.venisecollection.com\\\/fr#\\\/schema\\\/logo\\\/image\\\/\"},\"sameAs\":[\"https:\\\/\\\/www.instagram.com\\\/venisecollection\\\/\",\"https:\\\/\\\/fr.pinterest.com\\\/venisecollection\\\/\"]}]}<\/script>\n<!-- \/ Yoast SEO plugin. -->","yoast_head_json":{"title":"Celesta bleu - VENISE COLLECTION","robots":{"index":"index","follow":"follow","max-snippet":"max-snippet:-1","max-image-preview":"max-image-preview:large","max-video-preview":"max-video-preview:-1"},"canonical":"https:\/\/www.venisecollection.com\/fr\/shop\/women\/boots\/celesta-bleu","og_locale":"fr_FR","og_type":"article","og_title":"Celesta bleu - VENISE COLLECTION","og_description":"Adoptez une \u00e9l\u00e9gance discr\u00e8te avec les bottines femme Celesta Bleu, confectionn\u00e9es en daim bleu doux avec une doublure en cuir premium pour un confort durable. Leurs panneaux \u00e9lastiques lat\u00e9raux les rendent faciles \u00e0 enfiler et \u00e0 retirer, tandis que le design minimaliste s&rsquo;associe sans effort avec des jeans, des jupes ou des pantalons ajust\u00e9s. Parfaites &hellip;","og_url":"https:\/\/www.venisecollection.com\/fr\/shop\/women\/boots\/celesta-bleu","og_site_name":"VENISE COLLECTION","article_modified_time":"2026-04-30T00:49:57+00:00","og_image":[{"width":1280,"height":1588,"url":"https:\/\/www.venisecollection.com\/cdn\/image-25-2.webp","type":"image\/webp"}],"twitter_card":"summary_large_image","twitter_misc":{"Dur\u00e9e de lecture estim\u00e9e":"1 minute"},"schema":{"@context":"https:\/\/schema.org","@graph":[{"@type":"WebPage","@id":"https:\/\/www.venisecollection.com\/fr\/shop\/women\/boots\/celesta-bleu","url":"https:\/\/www.venisecollection.com\/fr\/shop\/women\/boots\/celesta-bleu","name":"Celesta bleu - VENISE COLLECTION","isPartOf":{"@id":"https:\/\/www.venisecollection.com\/fr#website"},"primaryImageOfPage":{"@id":"https:\/\/www.venisecollection.com\/fr\/shop\/women\/boots\/celesta-bleu#primaryimage"},"image":{"@id":"https:\/\/www.venisecollection.com\/fr\/shop\/women\/boots\/celesta-bleu#primaryimage"},"thumbnailUrl":"https:\/\/www.venisecollection.com\/cdn\/image-25-2.webp","datePublished":"2025-11-20T16:03:54+00:00","dateModified":"2026-04-30T00:49:57+00:00","breadcrumb":{"@id":"https:\/\/www.venisecollection.com\/fr\/shop\/women\/boots\/celesta-bleu#breadcrumb"},"inLanguage":"fr-FR","potentialAction":[{"@type":"ReadAction","target":["https:\/\/www.venisecollection.com\/fr\/shop\/women\/boots\/celesta-bleu"]}]},{"@type":"ImageObject","inLanguage":"fr-FR","@id":"https:\/\/www.venisecollection.com\/fr\/shop\/women\/boots\/celesta-bleu#primaryimage","url":"https:\/\/www.venisecollection.com\/cdn\/image-25-2.webp","contentUrl":"https:\/\/www.venisecollection.com\/cdn\/image-25-2.webp","width":1280,"height":1588},{"@type":"BreadcrumbList","@id":"https:\/\/www.venisecollection.com\/fr\/shop\/women\/boots\/celesta-bleu#breadcrumb","itemListElement":[{"@type":"ListItem","position":1,"name":"Home","item":"https:\/\/www.venisecollection.com\/fr\/boutique"},{"@type":"ListItem","position":2,"name":"Accueil","item":"https:\/\/www.venisecollection.com\/fr\/boutique"},{"@type":"ListItem","position":3,"name":"Celesta bleu"}]},{"@type":"WebSite","@id":"https:\/\/www.venisecollection.com\/fr#website","url":"https:\/\/www.venisecollection.com\/fr","name":"VENISE COLLECTION","description":"","publisher":{"@id":"https:\/\/www.venisecollection.com\/fr#organization"},"potentialAction":[{"@type":"SearchAction","target":{"@type":"EntryPoint","urlTemplate":"https:\/\/www.venisecollection.com\/fr?s={search_term_string}"},"query-input":{"@type":"PropertyValueSpecification","valueRequired":true,"valueName":"search_term_string"}}],"inLanguage":"fr-FR"},{"@type":"Organization","@id":"https:\/\/www.venisecollection.com\/fr#organization","name":"VENISE COLLECTION","url":"https:\/\/www.venisecollection.com\/fr","logo":{"@type":"ImageObject","inLanguage":"fr-FR","@id":"https:\/\/www.venisecollection.com\/fr#\/schema\/logo\/image\/","url":"https:\/\/www.venisecollection.com\/cdn\/seo.png","contentUrl":"https:\/\/www.venisecollection.com\/cdn\/seo.png","width":1080,"height":1080,"caption":"VENISE COLLECTION"},"image":{"@id":"https:\/\/www.venisecollection.com\/fr#\/schema\/logo\/image\/"},"sameAs":["https:\/\/www.instagram.com\/venisecollection\/","https:\/\/fr.pinterest.com\/venisecollection\/"]}]}},"_links":{"self":[{"href":"https:\/\/www.venisecollection.com\/fr\/wp-json\/wp\/v2\/product\/5133","targetHints":{"allow":["GET"]}}],"collection":[{"href":"https:\/\/www.venisecollection.com\/fr\/wp-json\/wp\/v2\/product"}],"about":[{"href":"https:\/\/www.venisecollection.com\/fr\/wp-json\/wp\/v2\/types\/product"}],"wp:featuredmedia":[{"embeddable":true,"href":"https:\/\/www.venisecollection.com\/fr\/wp-json\/wp\/v2\/media\/5129"}],"wp:attachment":[{"href":"https:\/\/www.venisecollection.com\/fr\/wp-json\/wp\/v2\/media?parent=5133"}],"wp:term":[{"taxonomy":"product_brand","embeddable":true,"href":"https:\/\/www.venisecollection.com\/fr\/wp-json\/wp\/v2\/product_brand?post=5133"},{"taxonomy":"product_cat","embeddable":true,"href":"https:\/\/www.venisecollection.com\/fr\/wp-json\/wp\/v2\/product_cat?post=5133"},{"taxonomy":"product_tag","embeddable":true,"href":"https:\/\/www.venisecollection.com\/fr\/wp-json\/wp\/v2\/product_tag?post=5133"}],"curies":[{"name":"wp","href":"https:\/\/api.w.org\/{rel}","templated":true}]}}