{"id":5199,"date":"2025-12-20T16:04:58","date_gmt":"2025-12-20T16:04:58","guid":{"rendered":"https:\/\/www.venisecollection.com\/shop\/women\/non%20class\u00e9\/lianna\/"},"modified":"2026-04-17T00:42:04","modified_gmt":"2026-04-17T00:42:04","slug":"lianna","status":"publish","type":"product","link":"https:\/\/www.venisecollection.com\/fr\/shop\/women\/mocassins-femme\/lianna","title":{"rendered":"Lianna"},"content":{"rendered":"<p style=\"text-align: justify;\">Rehaussez votre style avec Lianna, une paire de mocassins en tweed blanc pour femmes, fabriqu\u00e9s \u00e0 la main en Italie pour une sophistication intemporelle. La boucle argent\u00e9e ajoute une touche moderne \u00e0 la texture boucl\u00e9e douce, tandis que le bout arrondi et le talon bloc de 3 cm cr\u00e9ent une silhouette raffin\u00e9e. <\/p>\n<p style=\"text-align: justify;\">Avec une doublure en cuir de veau lisse pour un confort sup\u00e9rieur, ces mocassins allient sans effort \u00e9l\u00e9gance et portabilit\u00e9 au quotidien. Parfaits pour habiller un jean ou compl\u00e9ter une tenue de bureau avec une touche de luxe discr\u00e8te. <\/p>\n","protected":false},"excerpt":{"rendered":"<p>Rehaussez votre style avec Lianna, une paire de mocassins en tweed blanc pour femmes, fabriqu\u00e9s \u00e0 la main en Italie pour une sophistication intemporelle. La boucle argent\u00e9e ajoute une touche moderne \u00e0 la texture boucl\u00e9e douce, tandis que le bout arrondi et le talon bloc de 3 cm cr\u00e9ent une silhouette raffin\u00e9e. Avec une doublure &hellip;<\/p>\n","protected":false},"featured_media":5195,"template":"","meta":[],"product_brand":[356],"product_cat":[108],"product_tag":[],"class_list":{"0":"post-5199","1":"product","2":"type-product","3":"status-publish","4":"has-post-thumbnail","6":"product_brand-venise-collection","7":"product_cat-mocassins-femme","9":"first","10":"instock","11":"shipping-taxable","12":"purchasable","13":"product-type-variable","14":"has-default-attributes"},"yoast_head":"<!-- This site is optimized with the Yoast SEO plugin v27.4 - https:\/\/yoast.com\/product\/yoast-seo-wordpress\/ -->\n<title>Lianna - VENISE COLLECTION<\/title>\n<meta name=\"robots\" content=\"index, follow, max-snippet:-1, max-image-preview:large, max-video-preview:-1\" \/>\n<link rel=\"canonical\" href=\"https:\/\/www.venisecollection.com\/fr\/shop\/women\/mocassins-femme\/lianna\" \/>\n<meta property=\"og:locale\" content=\"fr_FR\" \/>\n<meta property=\"og:type\" content=\"article\" \/>\n<meta property=\"og:title\" content=\"Lianna - VENISE COLLECTION\" \/>\n<meta property=\"og:description\" content=\"Rehaussez votre style avec Lianna, une paire de mocassins en tweed blanc pour femmes, fabriqu\u00e9s \u00e0 la main en Italie pour une sophistication intemporelle. La boucle argent\u00e9e ajoute une touche moderne \u00e0 la texture boucl\u00e9e douce, tandis que le bout arrondi et le talon bloc de 3 cm cr\u00e9ent une silhouette raffin\u00e9e. Avec une doublure &hellip;\" \/>\n<meta property=\"og:url\" content=\"https:\/\/www.venisecollection.com\/fr\/shop\/women\/mocassins-femme\/lianna\" \/>\n<meta property=\"og:site_name\" content=\"VENISE COLLECTION\" \/>\n<meta property=\"article:modified_time\" content=\"2026-04-17T00:42:04+00:00\" \/>\n<meta property=\"og:image\" content=\"https:\/\/www.venisecollection.com\/cdn\/image-51-1.webp\" \/>\n\t<meta property=\"og:image:width\" content=\"1280\" \/>\n\t<meta property=\"og:image:height\" content=\"1588\" \/>\n\t<meta property=\"og:image:type\" content=\"image\/webp\" \/>\n<meta name=\"twitter:card\" content=\"summary_large_image\" \/>\n<script type=\"application\/ld+json\" class=\"yoast-schema-graph\">{\"@context\":\"https:\\\/\\\/schema.org\",\"@graph\":[{\"@type\":\"WebPage\",\"@id\":\"https:\\\/\\\/www.venisecollection.com\\\/fr\\\/shop\\\/women\\\/mocassins-femme\\\/lianna\",\"url\":\"https:\\\/\\\/www.venisecollection.com\\\/fr\\\/shop\\\/women\\\/mocassins-femme\\\/lianna\",\"name\":\"Lianna - VENISE COLLECTION\",\"isPartOf\":{\"@id\":\"https:\\\/\\\/www.venisecollection.com\\\/fr#website\"},\"primaryImageOfPage\":{\"@id\":\"https:\\\/\\\/www.venisecollection.com\\\/fr\\\/shop\\\/women\\\/mocassins-femme\\\/lianna#primaryimage\"},\"image\":{\"@id\":\"https:\\\/\\\/www.venisecollection.com\\\/fr\\\/shop\\\/women\\\/mocassins-femme\\\/lianna#primaryimage\"},\"thumbnailUrl\":\"https:\\\/\\\/www.venisecollection.com\\\/cdn\\\/image-51-1.webp\",\"datePublished\":\"2025-12-20T16:04:58+00:00\",\"dateModified\":\"2026-04-17T00:42:04+00:00\",\"breadcrumb\":{\"@id\":\"https:\\\/\\\/www.venisecollection.com\\\/fr\\\/shop\\\/women\\\/mocassins-femme\\\/lianna#breadcrumb\"},\"inLanguage\":\"fr-FR\",\"potentialAction\":[{\"@type\":\"ReadAction\",\"target\":[\"https:\\\/\\\/www.venisecollection.com\\\/fr\\\/shop\\\/women\\\/mocassins-femme\\\/lianna\"]}]},{\"@type\":\"ImageObject\",\"inLanguage\":\"fr-FR\",\"@id\":\"https:\\\/\\\/www.venisecollection.com\\\/fr\\\/shop\\\/women\\\/mocassins-femme\\\/lianna#primaryimage\",\"url\":\"https:\\\/\\\/www.venisecollection.com\\\/cdn\\\/image-51-1.webp\",\"contentUrl\":\"https:\\\/\\\/www.venisecollection.com\\\/cdn\\\/image-51-1.webp\",\"width\":1280,\"height\":1588},{\"@type\":\"BreadcrumbList\",\"@id\":\"https:\\\/\\\/www.venisecollection.com\\\/fr\\\/shop\\\/women\\\/mocassins-femme\\\/lianna#breadcrumb\",\"itemListElement\":[{\"@type\":\"ListItem\",\"position\":1,\"name\":\"Home\",\"item\":\"https:\\\/\\\/www.venisecollection.com\\\/fr\\\/boutique\"},{\"@type\":\"ListItem\",\"position\":2,\"name\":\"Accueil\",\"item\":\"https:\\\/\\\/www.venisecollection.com\\\/fr\\\/boutique\"},{\"@type\":\"ListItem\",\"position\":3,\"name\":\"Lianna\"}]},{\"@type\":\"WebSite\",\"@id\":\"https:\\\/\\\/www.venisecollection.com\\\/fr#website\",\"url\":\"https:\\\/\\\/www.venisecollection.com\\\/fr\",\"name\":\"VENISE COLLECTION\",\"description\":\"\",\"publisher\":{\"@id\":\"https:\\\/\\\/www.venisecollection.com\\\/fr#organization\"},\"potentialAction\":[{\"@type\":\"SearchAction\",\"target\":{\"@type\":\"EntryPoint\",\"urlTemplate\":\"https:\\\/\\\/www.venisecollection.com\\\/fr?s={search_term_string}\"},\"query-input\":{\"@type\":\"PropertyValueSpecification\",\"valueRequired\":true,\"valueName\":\"search_term_string\"}}],\"inLanguage\":\"fr-FR\"},{\"@type\":\"Organization\",\"@id\":\"https:\\\/\\\/www.venisecollection.com\\\/fr#organization\",\"name\":\"VENISE COLLECTION\",\"url\":\"https:\\\/\\\/www.venisecollection.com\\\/fr\",\"logo\":{\"@type\":\"ImageObject\",\"inLanguage\":\"fr-FR\",\"@id\":\"https:\\\/\\\/www.venisecollection.com\\\/fr#\\\/schema\\\/logo\\\/image\\\/\",\"url\":\"https:\\\/\\\/www.venisecollection.com\\\/cdn\\\/seo.png\",\"contentUrl\":\"https:\\\/\\\/www.venisecollection.com\\\/cdn\\\/seo.png\",\"width\":1080,\"height\":1080,\"caption\":\"VENISE COLLECTION\"},\"image\":{\"@id\":\"https:\\\/\\\/www.venisecollection.com\\\/fr#\\\/schema\\\/logo\\\/image\\\/\"},\"sameAs\":[\"https:\\\/\\\/www.instagram.com\\\/venisecollection\\\/\",\"https:\\\/\\\/fr.pinterest.com\\\/venisecollection\\\/\"]}]}<\/script>\n<!-- \/ Yoast SEO plugin. -->","yoast_head_json":{"title":"Lianna - VENISE COLLECTION","robots":{"index":"index","follow":"follow","max-snippet":"max-snippet:-1","max-image-preview":"max-image-preview:large","max-video-preview":"max-video-preview:-1"},"canonical":"https:\/\/www.venisecollection.com\/fr\/shop\/women\/mocassins-femme\/lianna","og_locale":"fr_FR","og_type":"article","og_title":"Lianna - VENISE COLLECTION","og_description":"Rehaussez votre style avec Lianna, une paire de mocassins en tweed blanc pour femmes, fabriqu\u00e9s \u00e0 la main en Italie pour une sophistication intemporelle. La boucle argent\u00e9e ajoute une touche moderne \u00e0 la texture boucl\u00e9e douce, tandis que le bout arrondi et le talon bloc de 3 cm cr\u00e9ent une silhouette raffin\u00e9e. Avec une doublure &hellip;","og_url":"https:\/\/www.venisecollection.com\/fr\/shop\/women\/mocassins-femme\/lianna","og_site_name":"VENISE COLLECTION","article_modified_time":"2026-04-17T00:42:04+00:00","og_image":[{"width":1280,"height":1588,"url":"https:\/\/www.venisecollection.com\/cdn\/image-51-1.webp","type":"image\/webp"}],"twitter_card":"summary_large_image","schema":{"@context":"https:\/\/schema.org","@graph":[{"@type":"WebPage","@id":"https:\/\/www.venisecollection.com\/fr\/shop\/women\/mocassins-femme\/lianna","url":"https:\/\/www.venisecollection.com\/fr\/shop\/women\/mocassins-femme\/lianna","name":"Lianna - VENISE COLLECTION","isPartOf":{"@id":"https:\/\/www.venisecollection.com\/fr#website"},"primaryImageOfPage":{"@id":"https:\/\/www.venisecollection.com\/fr\/shop\/women\/mocassins-femme\/lianna#primaryimage"},"image":{"@id":"https:\/\/www.venisecollection.com\/fr\/shop\/women\/mocassins-femme\/lianna#primaryimage"},"thumbnailUrl":"https:\/\/www.venisecollection.com\/cdn\/image-51-1.webp","datePublished":"2025-12-20T16:04:58+00:00","dateModified":"2026-04-17T00:42:04+00:00","breadcrumb":{"@id":"https:\/\/www.venisecollection.com\/fr\/shop\/women\/mocassins-femme\/lianna#breadcrumb"},"inLanguage":"fr-FR","potentialAction":[{"@type":"ReadAction","target":["https:\/\/www.venisecollection.com\/fr\/shop\/women\/mocassins-femme\/lianna"]}]},{"@type":"ImageObject","inLanguage":"fr-FR","@id":"https:\/\/www.venisecollection.com\/fr\/shop\/women\/mocassins-femme\/lianna#primaryimage","url":"https:\/\/www.venisecollection.com\/cdn\/image-51-1.webp","contentUrl":"https:\/\/www.venisecollection.com\/cdn\/image-51-1.webp","width":1280,"height":1588},{"@type":"BreadcrumbList","@id":"https:\/\/www.venisecollection.com\/fr\/shop\/women\/mocassins-femme\/lianna#breadcrumb","itemListElement":[{"@type":"ListItem","position":1,"name":"Home","item":"https:\/\/www.venisecollection.com\/fr\/boutique"},{"@type":"ListItem","position":2,"name":"Accueil","item":"https:\/\/www.venisecollection.com\/fr\/boutique"},{"@type":"ListItem","position":3,"name":"Lianna"}]},{"@type":"WebSite","@id":"https:\/\/www.venisecollection.com\/fr#website","url":"https:\/\/www.venisecollection.com\/fr","name":"VENISE COLLECTION","description":"","publisher":{"@id":"https:\/\/www.venisecollection.com\/fr#organization"},"potentialAction":[{"@type":"SearchAction","target":{"@type":"EntryPoint","urlTemplate":"https:\/\/www.venisecollection.com\/fr?s={search_term_string}"},"query-input":{"@type":"PropertyValueSpecification","valueRequired":true,"valueName":"search_term_string"}}],"inLanguage":"fr-FR"},{"@type":"Organization","@id":"https:\/\/www.venisecollection.com\/fr#organization","name":"VENISE COLLECTION","url":"https:\/\/www.venisecollection.com\/fr","logo":{"@type":"ImageObject","inLanguage":"fr-FR","@id":"https:\/\/www.venisecollection.com\/fr#\/schema\/logo\/image\/","url":"https:\/\/www.venisecollection.com\/cdn\/seo.png","contentUrl":"https:\/\/www.venisecollection.com\/cdn\/seo.png","width":1080,"height":1080,"caption":"VENISE COLLECTION"},"image":{"@id":"https:\/\/www.venisecollection.com\/fr#\/schema\/logo\/image\/"},"sameAs":["https:\/\/www.instagram.com\/venisecollection\/","https:\/\/fr.pinterest.com\/venisecollection\/"]}]}},"_links":{"self":[{"href":"https:\/\/www.venisecollection.com\/fr\/wp-json\/wp\/v2\/product\/5199","targetHints":{"allow":["GET"]}}],"collection":[{"href":"https:\/\/www.venisecollection.com\/fr\/wp-json\/wp\/v2\/product"}],"about":[{"href":"https:\/\/www.venisecollection.com\/fr\/wp-json\/wp\/v2\/types\/product"}],"wp:featuredmedia":[{"embeddable":true,"href":"https:\/\/www.venisecollection.com\/fr\/wp-json\/wp\/v2\/media\/5195"}],"wp:attachment":[{"href":"https:\/\/www.venisecollection.com\/fr\/wp-json\/wp\/v2\/media?parent=5199"}],"wp:term":[{"taxonomy":"product_brand","embeddable":true,"href":"https:\/\/www.venisecollection.com\/fr\/wp-json\/wp\/v2\/product_brand?post=5199"},{"taxonomy":"product_cat","embeddable":true,"href":"https:\/\/www.venisecollection.com\/fr\/wp-json\/wp\/v2\/product_cat?post=5199"},{"taxonomy":"product_tag","embeddable":true,"href":"https:\/\/www.venisecollection.com\/fr\/wp-json\/wp\/v2\/product_tag?post=5199"}],"curies":[{"name":"wp","href":"https:\/\/api.w.org\/{rel}","templated":true}]}}