{"id":5243,"date":"2025-11-20T16:05:56","date_gmt":"2025-11-20T16:05:56","guid":{"rendered":"https:\/\/www.venisecollection.com\/shop\/women\/non%20class\u00e9\/daim-cuir\/"},"modified":"2025-12-26T15:03:32","modified_gmt":"2025-12-26T15:03:32","slug":"daim-cuir","status":"publish","type":"product","link":"https:\/\/www.venisecollection.com\/fr\/shop\/women\/mocassins-femme\/daim-cuir","title":{"rendered":"DAIM CUIR"},"content":{"rendered":"<p style=\"text-align: justify;\">De Venise Collection, les mocassins CAMOSCIO CUOIO incarnent le raffinement de l&rsquo;artisanat italien et l&rsquo;\u00e9l\u00e9gance au quotidien. Fabriqu\u00e9s en Italie, ces mocassins pour femmes sont confectionn\u00e9s en cuir su\u00e9d\u00e9 100% v\u00e9ritable avec une doublure en cuir naturel souple qui am\u00e9liore la respirabilit\u00e9 et le confort. <\/p>\n<p style=\"text-align: justify;\">La semelle orthop\u00e9dique et la semelle thermoplastique flexible et antid\u00e9rapante offrent un soutien et une durabilit\u00e9 sup\u00e9rieurs.<br \/>\nAvec un talon plat de 1 cm et une taille fid\u00e8le, ils sont parfaits pour le travail et les tenues d\u00e9contract\u00e9es. Le ton riche du daim cuir ajoute une touche chaleureuse et intemporelle \u00e0 votre garde-robe. <\/p>\n<p style=\"text-align: justify;\">Caract\u00e9ristiques principales : Marque : Venise Collection \u2013 Fabriqu\u00e9 en Italie \u2013 R\u00e9f\u00e9rence : 2532 \u2013 Type : Mocassins pour femmes \u2013 Dessus : Cuir su\u00e9d\u00e9 100% v\u00e9ritable \u2013 Doublure : Cuir v\u00e9ritable \u2013 Semelle : Thermoplastique antid\u00e9rapante \u2013 Hauteur du talon : 1 cm \u2013 Type de talon : Plat \u2013 Taille : Fid\u00e8le \u00e0 la pointure \u2013 Couleur : Cuir \u2013 Caract\u00e9ristique suppl\u00e9mentaire : Semelle orthop\u00e9dique<\/p>\n","protected":false},"excerpt":{"rendered":"<p>De Venise Collection, les mocassins CAMOSCIO CUOIO incarnent le raffinement de l&rsquo;artisanat italien et l&rsquo;\u00e9l\u00e9gance au quotidien. Fabriqu\u00e9s en Italie, ces mocassins pour femmes sont confectionn\u00e9s en cuir su\u00e9d\u00e9 100% v\u00e9ritable avec une doublure en cuir naturel souple qui am\u00e9liore la respirabilit\u00e9 et le confort. La semelle orthop\u00e9dique et la semelle thermoplastique flexible et antid\u00e9rapante &hellip;<\/p>\n","protected":false},"featured_media":5239,"template":"","meta":[],"product_brand":[356],"product_cat":[108],"product_tag":[],"class_list":{"0":"post-5243","1":"product","2":"type-product","3":"status-publish","4":"has-post-thumbnail","6":"product_brand-venise-collection","7":"product_cat-mocassins-femme","9":"first","10":"outofstock","11":"shipping-taxable","12":"product-type-variable","13":"has-default-attributes"},"yoast_head":"<!-- This site is optimized with the Yoast SEO plugin v27.4 - https:\/\/yoast.com\/product\/yoast-seo-wordpress\/ -->\n<title>DAIM CUIR - VENISE COLLECTION<\/title>\n<meta name=\"robots\" content=\"index, follow, max-snippet:-1, max-image-preview:large, max-video-preview:-1\" \/>\n<link rel=\"canonical\" href=\"https:\/\/www.venisecollection.com\/fr\/shop\/women\/mocassins-femme\/daim-cuir\" \/>\n<meta property=\"og:locale\" content=\"fr_FR\" \/>\n<meta property=\"og:type\" content=\"article\" \/>\n<meta property=\"og:title\" content=\"DAIM CUIR - VENISE COLLECTION\" \/>\n<meta property=\"og:description\" content=\"De Venise Collection, les mocassins CAMOSCIO CUOIO incarnent le raffinement de l&rsquo;artisanat italien et l&rsquo;\u00e9l\u00e9gance au quotidien. Fabriqu\u00e9s en Italie, ces mocassins pour femmes sont confectionn\u00e9s en cuir su\u00e9d\u00e9 100% v\u00e9ritable avec une doublure en cuir naturel souple qui am\u00e9liore la respirabilit\u00e9 et le confort. La semelle orthop\u00e9dique et la semelle thermoplastique flexible et antid\u00e9rapante &hellip;\" \/>\n<meta property=\"og:url\" content=\"https:\/\/www.venisecollection.com\/fr\/shop\/women\/mocassins-femme\/daim-cuir\" \/>\n<meta property=\"og:site_name\" content=\"VENISE COLLECTION\" \/>\n<meta property=\"article:modified_time\" content=\"2025-12-26T15:03:32+00:00\" \/>\n<meta property=\"og:image\" content=\"https:\/\/www.venisecollection.com\/cdn\/image-67.webp\" \/>\n\t<meta property=\"og:image:width\" content=\"1280\" \/>\n\t<meta property=\"og:image:height\" content=\"1588\" \/>\n\t<meta property=\"og:image:type\" content=\"image\/webp\" \/>\n<meta name=\"twitter:card\" content=\"summary_large_image\" \/>\n<meta name=\"twitter:label1\" content=\"Dur\u00e9e de lecture estim\u00e9e\" \/>\n\t<meta name=\"twitter:data1\" content=\"1 minute\" \/>\n<script type=\"application\/ld+json\" class=\"yoast-schema-graph\">{\"@context\":\"https:\\\/\\\/schema.org\",\"@graph\":[{\"@type\":\"WebPage\",\"@id\":\"https:\\\/\\\/www.venisecollection.com\\\/fr\\\/shop\\\/women\\\/mocassins-femme\\\/daim-cuir\",\"url\":\"https:\\\/\\\/www.venisecollection.com\\\/fr\\\/shop\\\/women\\\/mocassins-femme\\\/daim-cuir\",\"name\":\"DAIM CUIR - VENISE COLLECTION\",\"isPartOf\":{\"@id\":\"https:\\\/\\\/www.venisecollection.com\\\/fr#website\"},\"primaryImageOfPage\":{\"@id\":\"https:\\\/\\\/www.venisecollection.com\\\/fr\\\/shop\\\/women\\\/mocassins-femme\\\/daim-cuir#primaryimage\"},\"image\":{\"@id\":\"https:\\\/\\\/www.venisecollection.com\\\/fr\\\/shop\\\/women\\\/mocassins-femme\\\/daim-cuir#primaryimage\"},\"thumbnailUrl\":\"https:\\\/\\\/www.venisecollection.com\\\/cdn\\\/image-67.webp\",\"datePublished\":\"2025-11-20T16:05:56+00:00\",\"dateModified\":\"2025-12-26T15:03:32+00:00\",\"breadcrumb\":{\"@id\":\"https:\\\/\\\/www.venisecollection.com\\\/fr\\\/shop\\\/women\\\/mocassins-femme\\\/daim-cuir#breadcrumb\"},\"inLanguage\":\"fr-FR\",\"potentialAction\":[{\"@type\":\"ReadAction\",\"target\":[\"https:\\\/\\\/www.venisecollection.com\\\/fr\\\/shop\\\/women\\\/mocassins-femme\\\/daim-cuir\"]}]},{\"@type\":\"ImageObject\",\"inLanguage\":\"fr-FR\",\"@id\":\"https:\\\/\\\/www.venisecollection.com\\\/fr\\\/shop\\\/women\\\/mocassins-femme\\\/daim-cuir#primaryimage\",\"url\":\"https:\\\/\\\/www.venisecollection.com\\\/cdn\\\/image-67.webp\",\"contentUrl\":\"https:\\\/\\\/www.venisecollection.com\\\/cdn\\\/image-67.webp\",\"width\":1280,\"height\":1588},{\"@type\":\"BreadcrumbList\",\"@id\":\"https:\\\/\\\/www.venisecollection.com\\\/fr\\\/shop\\\/women\\\/mocassins-femme\\\/daim-cuir#breadcrumb\",\"itemListElement\":[{\"@type\":\"ListItem\",\"position\":1,\"name\":\"Home\",\"item\":\"https:\\\/\\\/www.venisecollection.com\\\/fr\\\/boutique\"},{\"@type\":\"ListItem\",\"position\":2,\"name\":\"Accueil\",\"item\":\"https:\\\/\\\/www.venisecollection.com\\\/fr\\\/boutique\"},{\"@type\":\"ListItem\",\"position\":3,\"name\":\"DAIM CUIR\"}]},{\"@type\":\"WebSite\",\"@id\":\"https:\\\/\\\/www.venisecollection.com\\\/fr#website\",\"url\":\"https:\\\/\\\/www.venisecollection.com\\\/fr\",\"name\":\"VENISE COLLECTION\",\"description\":\"\",\"publisher\":{\"@id\":\"https:\\\/\\\/www.venisecollection.com\\\/fr#organization\"},\"potentialAction\":[{\"@type\":\"SearchAction\",\"target\":{\"@type\":\"EntryPoint\",\"urlTemplate\":\"https:\\\/\\\/www.venisecollection.com\\\/fr?s={search_term_string}\"},\"query-input\":{\"@type\":\"PropertyValueSpecification\",\"valueRequired\":true,\"valueName\":\"search_term_string\"}}],\"inLanguage\":\"fr-FR\"},{\"@type\":\"Organization\",\"@id\":\"https:\\\/\\\/www.venisecollection.com\\\/fr#organization\",\"name\":\"VENISE COLLECTION\",\"url\":\"https:\\\/\\\/www.venisecollection.com\\\/fr\",\"logo\":{\"@type\":\"ImageObject\",\"inLanguage\":\"fr-FR\",\"@id\":\"https:\\\/\\\/www.venisecollection.com\\\/fr#\\\/schema\\\/logo\\\/image\\\/\",\"url\":\"https:\\\/\\\/www.venisecollection.com\\\/cdn\\\/seo.png\",\"contentUrl\":\"https:\\\/\\\/www.venisecollection.com\\\/cdn\\\/seo.png\",\"width\":1080,\"height\":1080,\"caption\":\"VENISE COLLECTION\"},\"image\":{\"@id\":\"https:\\\/\\\/www.venisecollection.com\\\/fr#\\\/schema\\\/logo\\\/image\\\/\"},\"sameAs\":[\"https:\\\/\\\/www.instagram.com\\\/venisecollection\\\/\",\"https:\\\/\\\/fr.pinterest.com\\\/venisecollection\\\/\"]}]}<\/script>\n<!-- \/ Yoast SEO plugin. -->","yoast_head_json":{"title":"DAIM CUIR - VENISE COLLECTION","robots":{"index":"index","follow":"follow","max-snippet":"max-snippet:-1","max-image-preview":"max-image-preview:large","max-video-preview":"max-video-preview:-1"},"canonical":"https:\/\/www.venisecollection.com\/fr\/shop\/women\/mocassins-femme\/daim-cuir","og_locale":"fr_FR","og_type":"article","og_title":"DAIM CUIR - VENISE COLLECTION","og_description":"De Venise Collection, les mocassins CAMOSCIO CUOIO incarnent le raffinement de l&rsquo;artisanat italien et l&rsquo;\u00e9l\u00e9gance au quotidien. Fabriqu\u00e9s en Italie, ces mocassins pour femmes sont confectionn\u00e9s en cuir su\u00e9d\u00e9 100% v\u00e9ritable avec une doublure en cuir naturel souple qui am\u00e9liore la respirabilit\u00e9 et le confort. La semelle orthop\u00e9dique et la semelle thermoplastique flexible et antid\u00e9rapante &hellip;","og_url":"https:\/\/www.venisecollection.com\/fr\/shop\/women\/mocassins-femme\/daim-cuir","og_site_name":"VENISE COLLECTION","article_modified_time":"2025-12-26T15:03:32+00:00","og_image":[{"width":1280,"height":1588,"url":"https:\/\/www.venisecollection.com\/cdn\/image-67.webp","type":"image\/webp"}],"twitter_card":"summary_large_image","twitter_misc":{"Dur\u00e9e de lecture estim\u00e9e":"1 minute"},"schema":{"@context":"https:\/\/schema.org","@graph":[{"@type":"WebPage","@id":"https:\/\/www.venisecollection.com\/fr\/shop\/women\/mocassins-femme\/daim-cuir","url":"https:\/\/www.venisecollection.com\/fr\/shop\/women\/mocassins-femme\/daim-cuir","name":"DAIM CUIR - VENISE COLLECTION","isPartOf":{"@id":"https:\/\/www.venisecollection.com\/fr#website"},"primaryImageOfPage":{"@id":"https:\/\/www.venisecollection.com\/fr\/shop\/women\/mocassins-femme\/daim-cuir#primaryimage"},"image":{"@id":"https:\/\/www.venisecollection.com\/fr\/shop\/women\/mocassins-femme\/daim-cuir#primaryimage"},"thumbnailUrl":"https:\/\/www.venisecollection.com\/cdn\/image-67.webp","datePublished":"2025-11-20T16:05:56+00:00","dateModified":"2025-12-26T15:03:32+00:00","breadcrumb":{"@id":"https:\/\/www.venisecollection.com\/fr\/shop\/women\/mocassins-femme\/daim-cuir#breadcrumb"},"inLanguage":"fr-FR","potentialAction":[{"@type":"ReadAction","target":["https:\/\/www.venisecollection.com\/fr\/shop\/women\/mocassins-femme\/daim-cuir"]}]},{"@type":"ImageObject","inLanguage":"fr-FR","@id":"https:\/\/www.venisecollection.com\/fr\/shop\/women\/mocassins-femme\/daim-cuir#primaryimage","url":"https:\/\/www.venisecollection.com\/cdn\/image-67.webp","contentUrl":"https:\/\/www.venisecollection.com\/cdn\/image-67.webp","width":1280,"height":1588},{"@type":"BreadcrumbList","@id":"https:\/\/www.venisecollection.com\/fr\/shop\/women\/mocassins-femme\/daim-cuir#breadcrumb","itemListElement":[{"@type":"ListItem","position":1,"name":"Home","item":"https:\/\/www.venisecollection.com\/fr\/boutique"},{"@type":"ListItem","position":2,"name":"Accueil","item":"https:\/\/www.venisecollection.com\/fr\/boutique"},{"@type":"ListItem","position":3,"name":"DAIM CUIR"}]},{"@type":"WebSite","@id":"https:\/\/www.venisecollection.com\/fr#website","url":"https:\/\/www.venisecollection.com\/fr","name":"VENISE COLLECTION","description":"","publisher":{"@id":"https:\/\/www.venisecollection.com\/fr#organization"},"potentialAction":[{"@type":"SearchAction","target":{"@type":"EntryPoint","urlTemplate":"https:\/\/www.venisecollection.com\/fr?s={search_term_string}"},"query-input":{"@type":"PropertyValueSpecification","valueRequired":true,"valueName":"search_term_string"}}],"inLanguage":"fr-FR"},{"@type":"Organization","@id":"https:\/\/www.venisecollection.com\/fr#organization","name":"VENISE COLLECTION","url":"https:\/\/www.venisecollection.com\/fr","logo":{"@type":"ImageObject","inLanguage":"fr-FR","@id":"https:\/\/www.venisecollection.com\/fr#\/schema\/logo\/image\/","url":"https:\/\/www.venisecollection.com\/cdn\/seo.png","contentUrl":"https:\/\/www.venisecollection.com\/cdn\/seo.png","width":1080,"height":1080,"caption":"VENISE COLLECTION"},"image":{"@id":"https:\/\/www.venisecollection.com\/fr#\/schema\/logo\/image\/"},"sameAs":["https:\/\/www.instagram.com\/venisecollection\/","https:\/\/fr.pinterest.com\/venisecollection\/"]}]}},"_links":{"self":[{"href":"https:\/\/www.venisecollection.com\/fr\/wp-json\/wp\/v2\/product\/5243","targetHints":{"allow":["GET"]}}],"collection":[{"href":"https:\/\/www.venisecollection.com\/fr\/wp-json\/wp\/v2\/product"}],"about":[{"href":"https:\/\/www.venisecollection.com\/fr\/wp-json\/wp\/v2\/types\/product"}],"wp:featuredmedia":[{"embeddable":true,"href":"https:\/\/www.venisecollection.com\/fr\/wp-json\/wp\/v2\/media\/5239"}],"wp:attachment":[{"href":"https:\/\/www.venisecollection.com\/fr\/wp-json\/wp\/v2\/media?parent=5243"}],"wp:term":[{"taxonomy":"product_brand","embeddable":true,"href":"https:\/\/www.venisecollection.com\/fr\/wp-json\/wp\/v2\/product_brand?post=5243"},{"taxonomy":"product_cat","embeddable":true,"href":"https:\/\/www.venisecollection.com\/fr\/wp-json\/wp\/v2\/product_cat?post=5243"},{"taxonomy":"product_tag","embeddable":true,"href":"https:\/\/www.venisecollection.com\/fr\/wp-json\/wp\/v2\/product_tag?post=5243"}],"curies":[{"name":"wp","href":"https:\/\/api.w.org\/{rel}","templated":true}]}}