{"id":5288,"date":"2025-11-20T16:06:32","date_gmt":"2025-11-20T16:06:32","guid":{"rendered":"https:\/\/www.venisecollection.com\/shop\/women\/non%20class\u00e9\/naplak-bleu-marine-fonce\/"},"modified":"2026-04-29T01:42:11","modified_gmt":"2026-04-29T01:42:11","slug":"naplak-bleu-marine-fonce","status":"publish","type":"product","link":"https:\/\/www.venisecollection.com\/fr\/shop\/women\/bottes-hautes\/naplak-bleu-marine-fonce","title":{"rendered":"ST1690\/G N\u2019aplatit Dark Navy"},"content":{"rendered":"<p style=\"text-align: justify;\">Les bottes longues en cuir NAPLAK BLEU MARINE FONC\u00c9 de Venise Collection combinent \u00e0 la perfection l&rsquo;artisanat italien, un design raffin\u00e9 et le confort au quotidien. Fabriqu\u00e9 en Italie \u00e0 partir de cuir v\u00e9ritable naplak brillant, ce mod\u00e8le bleu marine profond rayonne d&rsquo;\u00e9l\u00e9gance et de confiance contemporaines.<\/p>\n<p style=\"text-align: justify;\">Sa structure distinctive \u00e0 panneaux chevrons rehausse la silhouette, tandis que le talon \u00e9pais arrondi offre un \u00e9quilibre, une stabilit\u00e9 et un confort am\u00e9lior\u00e9s, permettant une libert\u00e9 de mouvement tout au long de la journ\u00e9e. Cette construction unique rend ces bottes id\u00e9ales pour les femmes dynamiques qui appr\u00e9cient \u00e0 la fois le style et la praticit\u00e9.<\/p>\n<p style=\"text-align: justify;\">Caract\u00e9ristiques : 100 % cuir naplak italien v\u00e9ritable \u2013 Couleur bleu marine fonc\u00e9 avec motif \u00e0 chevrons \u2013 Talon \u00e9pais arrondi pour l&rsquo;\u00e9quilibre et la facilit\u00e9 de marche \u2013 Coutures artisanales pour la durabilit\u00e9 \u2013 Convient pour un usage quotidien et des tenues de ville chics<\/p>\n","protected":false},"excerpt":{"rendered":"<p>Les bottes longues en cuir NAPLAK BLEU MARINE FONC\u00c9 de Venise Collection combinent \u00e0 la perfection l&rsquo;artisanat italien, un design raffin\u00e9 et le confort au quotidien. Fabriqu\u00e9 en Italie \u00e0 partir de cuir v\u00e9ritable naplak brillant, ce mod\u00e8le bleu marine profond rayonne d&rsquo;\u00e9l\u00e9gance et de confiance contemporaines. Sa structure distinctive \u00e0 panneaux chevrons rehausse la &hellip;<\/p>\n","protected":false},"featured_media":5284,"template":"","meta":[],"product_brand":[356],"product_cat":[104],"product_tag":[],"class_list":{"0":"post-5288","1":"product","2":"type-product","3":"status-publish","4":"has-post-thumbnail","6":"product_brand-venise-collection","7":"product_cat-bottes-hautes","9":"first","10":"instock","11":"shipping-taxable","12":"purchasable","13":"product-type-variable","14":"has-default-attributes"},"yoast_head":"<!-- This site is optimized with the Yoast SEO plugin v27.5 - https:\/\/yoast.com\/product\/yoast-seo-wordpress\/ -->\n<title>ST1690\/G N\u2019aplatit Dark Navy - VENISE COLLECTION<\/title>\n<meta name=\"robots\" content=\"index, follow, max-snippet:-1, max-image-preview:large, max-video-preview:-1\" \/>\n<link rel=\"canonical\" href=\"https:\/\/www.venisecollection.com\/fr\/shop\/women\/bottes-hautes\/naplak-bleu-marine-fonce\" \/>\n<meta property=\"og:locale\" content=\"fr_FR\" \/>\n<meta property=\"og:type\" content=\"article\" \/>\n<meta property=\"og:title\" content=\"ST1690\/G N\u2019aplatit Dark Navy - VENISE COLLECTION\" \/>\n<meta property=\"og:description\" content=\"Les bottes longues en cuir NAPLAK BLEU MARINE FONC\u00c9 de Venise Collection combinent \u00e0 la perfection l&rsquo;artisanat italien, un design raffin\u00e9 et le confort au quotidien. Fabriqu\u00e9 en Italie \u00e0 partir de cuir v\u00e9ritable naplak brillant, ce mod\u00e8le bleu marine profond rayonne d&rsquo;\u00e9l\u00e9gance et de confiance contemporaines. Sa structure distinctive \u00e0 panneaux chevrons rehausse la &hellip;\" \/>\n<meta property=\"og:url\" content=\"https:\/\/www.venisecollection.com\/fr\/shop\/women\/bottes-hautes\/naplak-bleu-marine-fonce\" \/>\n<meta property=\"og:site_name\" content=\"VENISE COLLECTION\" \/>\n<meta property=\"article:modified_time\" content=\"2026-04-29T01:42:11+00:00\" \/>\n<meta property=\"og:image\" content=\"https:\/\/www.venisecollection.com\/cdn\/image.psd-42.webp\" \/>\n\t<meta property=\"og:image:width\" content=\"1280\" \/>\n\t<meta property=\"og:image:height\" content=\"1588\" \/>\n\t<meta property=\"og:image:type\" content=\"image\/webp\" \/>\n<meta name=\"twitter:card\" content=\"summary_large_image\" \/>\n<meta name=\"twitter:label1\" content=\"Dur\u00e9e de lecture estim\u00e9e\" \/>\n\t<meta name=\"twitter:data1\" content=\"1 minute\" \/>\n<script type=\"application\/ld+json\" class=\"yoast-schema-graph\">{\"@context\":\"https:\\\/\\\/schema.org\",\"@graph\":[{\"@type\":\"WebPage\",\"@id\":\"https:\\\/\\\/www.venisecollection.com\\\/fr\\\/shop\\\/women\\\/bottes-hautes\\\/naplak-bleu-marine-fonce\",\"url\":\"https:\\\/\\\/www.venisecollection.com\\\/fr\\\/shop\\\/women\\\/bottes-hautes\\\/naplak-bleu-marine-fonce\",\"name\":\"ST1690\\\/G N\u2019aplatit Dark Navy - VENISE COLLECTION\",\"isPartOf\":{\"@id\":\"https:\\\/\\\/www.venisecollection.com\\\/fr#website\"},\"primaryImageOfPage\":{\"@id\":\"https:\\\/\\\/www.venisecollection.com\\\/fr\\\/shop\\\/women\\\/bottes-hautes\\\/naplak-bleu-marine-fonce#primaryimage\"},\"image\":{\"@id\":\"https:\\\/\\\/www.venisecollection.com\\\/fr\\\/shop\\\/women\\\/bottes-hautes\\\/naplak-bleu-marine-fonce#primaryimage\"},\"thumbnailUrl\":\"https:\\\/\\\/www.venisecollection.com\\\/cdn\\\/image.psd-42.webp\",\"datePublished\":\"2025-11-20T16:06:32+00:00\",\"dateModified\":\"2026-04-29T01:42:11+00:00\",\"breadcrumb\":{\"@id\":\"https:\\\/\\\/www.venisecollection.com\\\/fr\\\/shop\\\/women\\\/bottes-hautes\\\/naplak-bleu-marine-fonce#breadcrumb\"},\"inLanguage\":\"fr-FR\",\"potentialAction\":[{\"@type\":\"ReadAction\",\"target\":[\"https:\\\/\\\/www.venisecollection.com\\\/fr\\\/shop\\\/women\\\/bottes-hautes\\\/naplak-bleu-marine-fonce\"]}]},{\"@type\":\"ImageObject\",\"inLanguage\":\"fr-FR\",\"@id\":\"https:\\\/\\\/www.venisecollection.com\\\/fr\\\/shop\\\/women\\\/bottes-hautes\\\/naplak-bleu-marine-fonce#primaryimage\",\"url\":\"https:\\\/\\\/www.venisecollection.com\\\/cdn\\\/image.psd-42.webp\",\"contentUrl\":\"https:\\\/\\\/www.venisecollection.com\\\/cdn\\\/image.psd-42.webp\",\"width\":1280,\"height\":1588},{\"@type\":\"BreadcrumbList\",\"@id\":\"https:\\\/\\\/www.venisecollection.com\\\/fr\\\/shop\\\/women\\\/bottes-hautes\\\/naplak-bleu-marine-fonce#breadcrumb\",\"itemListElement\":[{\"@type\":\"ListItem\",\"position\":1,\"name\":\"Home\",\"item\":\"https:\\\/\\\/www.venisecollection.com\\\/fr\\\/boutique\"},{\"@type\":\"ListItem\",\"position\":2,\"name\":\"Accueil\",\"item\":\"https:\\\/\\\/www.venisecollection.com\\\/fr\\\/boutique\"},{\"@type\":\"ListItem\",\"position\":3,\"name\":\"ST1690\\\/G N\u2019aplatit Dark Navy\"}]},{\"@type\":\"WebSite\",\"@id\":\"https:\\\/\\\/www.venisecollection.com\\\/fr#website\",\"url\":\"https:\\\/\\\/www.venisecollection.com\\\/fr\",\"name\":\"VENISE COLLECTION\",\"description\":\"\",\"publisher\":{\"@id\":\"https:\\\/\\\/www.venisecollection.com\\\/fr#organization\"},\"potentialAction\":[{\"@type\":\"SearchAction\",\"target\":{\"@type\":\"EntryPoint\",\"urlTemplate\":\"https:\\\/\\\/www.venisecollection.com\\\/fr?s={search_term_string}\"},\"query-input\":{\"@type\":\"PropertyValueSpecification\",\"valueRequired\":true,\"valueName\":\"search_term_string\"}}],\"inLanguage\":\"fr-FR\"},{\"@type\":\"Organization\",\"@id\":\"https:\\\/\\\/www.venisecollection.com\\\/fr#organization\",\"name\":\"VENISE COLLECTION\",\"url\":\"https:\\\/\\\/www.venisecollection.com\\\/fr\",\"logo\":{\"@type\":\"ImageObject\",\"inLanguage\":\"fr-FR\",\"@id\":\"https:\\\/\\\/www.venisecollection.com\\\/fr#\\\/schema\\\/logo\\\/image\\\/\",\"url\":\"https:\\\/\\\/www.venisecollection.com\\\/cdn\\\/seo.png\",\"contentUrl\":\"https:\\\/\\\/www.venisecollection.com\\\/cdn\\\/seo.png\",\"width\":1080,\"height\":1080,\"caption\":\"VENISE COLLECTION\"},\"image\":{\"@id\":\"https:\\\/\\\/www.venisecollection.com\\\/fr#\\\/schema\\\/logo\\\/image\\\/\"},\"sameAs\":[\"https:\\\/\\\/www.instagram.com\\\/venisecollection\\\/\",\"https:\\\/\\\/fr.pinterest.com\\\/venisecollection\\\/\"]}]}<\/script>\n<!-- \/ Yoast SEO plugin. -->","yoast_head_json":{"title":"ST1690\/G N\u2019aplatit Dark Navy - VENISE COLLECTION","robots":{"index":"index","follow":"follow","max-snippet":"max-snippet:-1","max-image-preview":"max-image-preview:large","max-video-preview":"max-video-preview:-1"},"canonical":"https:\/\/www.venisecollection.com\/fr\/shop\/women\/bottes-hautes\/naplak-bleu-marine-fonce","og_locale":"fr_FR","og_type":"article","og_title":"ST1690\/G N\u2019aplatit Dark Navy - VENISE COLLECTION","og_description":"Les bottes longues en cuir NAPLAK BLEU MARINE FONC\u00c9 de Venise Collection combinent \u00e0 la perfection l&rsquo;artisanat italien, un design raffin\u00e9 et le confort au quotidien. Fabriqu\u00e9 en Italie \u00e0 partir de cuir v\u00e9ritable naplak brillant, ce mod\u00e8le bleu marine profond rayonne d&rsquo;\u00e9l\u00e9gance et de confiance contemporaines. Sa structure distinctive \u00e0 panneaux chevrons rehausse la &hellip;","og_url":"https:\/\/www.venisecollection.com\/fr\/shop\/women\/bottes-hautes\/naplak-bleu-marine-fonce","og_site_name":"VENISE COLLECTION","article_modified_time":"2026-04-29T01:42:11+00:00","og_image":[{"width":1280,"height":1588,"url":"https:\/\/www.venisecollection.com\/cdn\/image.psd-42.webp","type":"image\/webp"}],"twitter_card":"summary_large_image","twitter_misc":{"Dur\u00e9e de lecture estim\u00e9e":"1 minute"},"schema":{"@context":"https:\/\/schema.org","@graph":[{"@type":"WebPage","@id":"https:\/\/www.venisecollection.com\/fr\/shop\/women\/bottes-hautes\/naplak-bleu-marine-fonce","url":"https:\/\/www.venisecollection.com\/fr\/shop\/women\/bottes-hautes\/naplak-bleu-marine-fonce","name":"ST1690\/G N\u2019aplatit Dark Navy - VENISE COLLECTION","isPartOf":{"@id":"https:\/\/www.venisecollection.com\/fr#website"},"primaryImageOfPage":{"@id":"https:\/\/www.venisecollection.com\/fr\/shop\/women\/bottes-hautes\/naplak-bleu-marine-fonce#primaryimage"},"image":{"@id":"https:\/\/www.venisecollection.com\/fr\/shop\/women\/bottes-hautes\/naplak-bleu-marine-fonce#primaryimage"},"thumbnailUrl":"https:\/\/www.venisecollection.com\/cdn\/image.psd-42.webp","datePublished":"2025-11-20T16:06:32+00:00","dateModified":"2026-04-29T01:42:11+00:00","breadcrumb":{"@id":"https:\/\/www.venisecollection.com\/fr\/shop\/women\/bottes-hautes\/naplak-bleu-marine-fonce#breadcrumb"},"inLanguage":"fr-FR","potentialAction":[{"@type":"ReadAction","target":["https:\/\/www.venisecollection.com\/fr\/shop\/women\/bottes-hautes\/naplak-bleu-marine-fonce"]}]},{"@type":"ImageObject","inLanguage":"fr-FR","@id":"https:\/\/www.venisecollection.com\/fr\/shop\/women\/bottes-hautes\/naplak-bleu-marine-fonce#primaryimage","url":"https:\/\/www.venisecollection.com\/cdn\/image.psd-42.webp","contentUrl":"https:\/\/www.venisecollection.com\/cdn\/image.psd-42.webp","width":1280,"height":1588},{"@type":"BreadcrumbList","@id":"https:\/\/www.venisecollection.com\/fr\/shop\/women\/bottes-hautes\/naplak-bleu-marine-fonce#breadcrumb","itemListElement":[{"@type":"ListItem","position":1,"name":"Home","item":"https:\/\/www.venisecollection.com\/fr\/boutique"},{"@type":"ListItem","position":2,"name":"Accueil","item":"https:\/\/www.venisecollection.com\/fr\/boutique"},{"@type":"ListItem","position":3,"name":"ST1690\/G N\u2019aplatit Dark Navy"}]},{"@type":"WebSite","@id":"https:\/\/www.venisecollection.com\/fr#website","url":"https:\/\/www.venisecollection.com\/fr","name":"VENISE COLLECTION","description":"","publisher":{"@id":"https:\/\/www.venisecollection.com\/fr#organization"},"potentialAction":[{"@type":"SearchAction","target":{"@type":"EntryPoint","urlTemplate":"https:\/\/www.venisecollection.com\/fr?s={search_term_string}"},"query-input":{"@type":"PropertyValueSpecification","valueRequired":true,"valueName":"search_term_string"}}],"inLanguage":"fr-FR"},{"@type":"Organization","@id":"https:\/\/www.venisecollection.com\/fr#organization","name":"VENISE COLLECTION","url":"https:\/\/www.venisecollection.com\/fr","logo":{"@type":"ImageObject","inLanguage":"fr-FR","@id":"https:\/\/www.venisecollection.com\/fr#\/schema\/logo\/image\/","url":"https:\/\/www.venisecollection.com\/cdn\/seo.png","contentUrl":"https:\/\/www.venisecollection.com\/cdn\/seo.png","width":1080,"height":1080,"caption":"VENISE COLLECTION"},"image":{"@id":"https:\/\/www.venisecollection.com\/fr#\/schema\/logo\/image\/"},"sameAs":["https:\/\/www.instagram.com\/venisecollection\/","https:\/\/fr.pinterest.com\/venisecollection\/"]}]}},"_links":{"self":[{"href":"https:\/\/www.venisecollection.com\/fr\/wp-json\/wp\/v2\/product\/5288","targetHints":{"allow":["GET"]}}],"collection":[{"href":"https:\/\/www.venisecollection.com\/fr\/wp-json\/wp\/v2\/product"}],"about":[{"href":"https:\/\/www.venisecollection.com\/fr\/wp-json\/wp\/v2\/types\/product"}],"wp:featuredmedia":[{"embeddable":true,"href":"https:\/\/www.venisecollection.com\/fr\/wp-json\/wp\/v2\/media\/5284"}],"wp:attachment":[{"href":"https:\/\/www.venisecollection.com\/fr\/wp-json\/wp\/v2\/media?parent=5288"}],"wp:term":[{"taxonomy":"product_brand","embeddable":true,"href":"https:\/\/www.venisecollection.com\/fr\/wp-json\/wp\/v2\/product_brand?post=5288"},{"taxonomy":"product_cat","embeddable":true,"href":"https:\/\/www.venisecollection.com\/fr\/wp-json\/wp\/v2\/product_cat?post=5288"},{"taxonomy":"product_tag","embeddable":true,"href":"https:\/\/www.venisecollection.com\/fr\/wp-json\/wp\/v2\/product_tag?post=5288"}],"curies":[{"name":"wp","href":"https:\/\/api.w.org\/{rel}","templated":true}]}}