{"id":5299,"date":"2025-11-20T16:06:29","date_gmt":"2025-11-20T16:06:29","guid":{"rendered":"https:\/\/www.venisecollection.com\/shop\/women\/non%20class\u00e9\/berlino-rosso-ancora\/"},"modified":"2025-12-26T15:04:53","modified_gmt":"2025-12-26T15:04:53","slug":"berlino-rosso-ancora","status":"publish","type":"product","link":"https:\/\/www.venisecollection.com\/fr\/shop\/women\/bottes-hautes\/berlino-rosso-ancora","title":{"rendered":"BERLINO ROSSO ANCORA"},"content":{"rendered":"<p style=\"text-align: justify;\">Les bottes hautes en cuir CAMOSCIO MARSALA de Venise Collection sont le symbole ultime de l&rsquo;\u00e9l\u00e9gance intemporelle et du savoir-faire raffin\u00e9. Fabriqu\u00e9e \u00e0 la main en Italie \u00e0 partir de cuir v\u00e9ritable de premi\u00e8re qualit\u00e9, cette paire allie luxe, durabilit\u00e9 et confort dans un design sophistiqu\u00e9. <\/p>\n<p style=\"text-align: justify;\">Les panneaux en forme de chevrons dans des tons marsala\/bordeaux profonds cr\u00e9ent un effet visuel saisissant gr\u00e2ce au contraste des textures de cuir mates et brillantes. Sa silhouette fine et f\u00e9minine avec un talon parfaitement \u00e9quilibr\u00e9 offre \u00e0 la fois hauteur et confort, tandis que le bout effil\u00e9 ajoute une touche de gr\u00e2ce. <\/p>\n<p style=\"text-align: justify;\">Parfaites pour les \u00e9v\u00e9nements formels, les promenades en ville ou les sorties en soir\u00e9e, ces bottes en cuir pour femmes rehaussent toute tenue avec leur allure italienne et leur sophistication moderne.<\/p>\n<p style=\"text-align: justify;\">Caract\u00e9ristiques : 100 % cuir italien v\u00e9ritable \u2013 Conception de panneaux \u00e0 chevrons dans les tons marsala \u2013 Coupe ergonomique pour un confort durable \u2013 Talon fin et \u00e9l\u00e9gant avec une hauteur id\u00e9ale \u2013 Coutures artisanales et finition raffin\u00e9e<\/p>\n","protected":false},"excerpt":{"rendered":"<p>Les bottes hautes en cuir CAMOSCIO MARSALA de Venise Collection sont le symbole ultime de l&rsquo;\u00e9l\u00e9gance intemporelle et du savoir-faire raffin\u00e9. Fabriqu\u00e9e \u00e0 la main en Italie \u00e0 partir de cuir v\u00e9ritable de premi\u00e8re qualit\u00e9, cette paire allie luxe, durabilit\u00e9 et confort dans un design sophistiqu\u00e9. Les panneaux en forme de chevrons dans des tons &hellip;<\/p>\n","protected":false},"featured_media":5295,"template":"","meta":[],"product_brand":[356],"product_cat":[104],"product_tag":[],"class_list":{"0":"post-5299","1":"product","2":"type-product","3":"status-publish","4":"has-post-thumbnail","6":"product_brand-venise-collection","7":"product_cat-bottes-hautes","9":"first","10":"outofstock","11":"shipping-taxable","12":"product-type-variable","13":"has-default-attributes"},"yoast_head":"<!-- This site is optimized with the Yoast SEO plugin v27.4 - https:\/\/yoast.com\/product\/yoast-seo-wordpress\/ -->\n<title>BERLINO ROSSO ANCORA - VENISE COLLECTION<\/title>\n<meta name=\"robots\" content=\"index, follow, max-snippet:-1, max-image-preview:large, max-video-preview:-1\" \/>\n<link rel=\"canonical\" href=\"https:\/\/www.venisecollection.com\/fr\/shop\/women\/bottes-hautes\/berlino-rosso-ancora\" \/>\n<meta property=\"og:locale\" content=\"fr_FR\" \/>\n<meta property=\"og:type\" content=\"article\" \/>\n<meta property=\"og:title\" content=\"BERLINO ROSSO ANCORA - VENISE COLLECTION\" \/>\n<meta property=\"og:description\" content=\"Les bottes hautes en cuir CAMOSCIO MARSALA de Venise Collection sont le symbole ultime de l&rsquo;\u00e9l\u00e9gance intemporelle et du savoir-faire raffin\u00e9. Fabriqu\u00e9e \u00e0 la main en Italie \u00e0 partir de cuir v\u00e9ritable de premi\u00e8re qualit\u00e9, cette paire allie luxe, durabilit\u00e9 et confort dans un design sophistiqu\u00e9. Les panneaux en forme de chevrons dans des tons &hellip;\" \/>\n<meta property=\"og:url\" content=\"https:\/\/www.venisecollection.com\/fr\/shop\/women\/bottes-hautes\/berlino-rosso-ancora\" \/>\n<meta property=\"og:site_name\" content=\"VENISE COLLECTION\" \/>\n<meta property=\"article:modified_time\" content=\"2025-12-26T15:04:53+00:00\" \/>\n<meta property=\"og:image\" content=\"https:\/\/www.venisecollection.com\/cdn\/image.psd-38.webp\" \/>\n\t<meta property=\"og:image:width\" content=\"1280\" \/>\n\t<meta property=\"og:image:height\" content=\"1588\" \/>\n\t<meta property=\"og:image:type\" content=\"image\/webp\" \/>\n<meta name=\"twitter:card\" content=\"summary_large_image\" \/>\n<meta name=\"twitter:label1\" content=\"Dur\u00e9e de lecture estim\u00e9e\" \/>\n\t<meta name=\"twitter:data1\" content=\"1 minute\" \/>\n<script type=\"application\/ld+json\" class=\"yoast-schema-graph\">{\"@context\":\"https:\\\/\\\/schema.org\",\"@graph\":[{\"@type\":\"WebPage\",\"@id\":\"https:\\\/\\\/www.venisecollection.com\\\/fr\\\/shop\\\/women\\\/bottes-hautes\\\/berlino-rosso-ancora\",\"url\":\"https:\\\/\\\/www.venisecollection.com\\\/fr\\\/shop\\\/women\\\/bottes-hautes\\\/berlino-rosso-ancora\",\"name\":\"BERLINO ROSSO ANCORA - VENISE COLLECTION\",\"isPartOf\":{\"@id\":\"https:\\\/\\\/www.venisecollection.com\\\/fr#website\"},\"primaryImageOfPage\":{\"@id\":\"https:\\\/\\\/www.venisecollection.com\\\/fr\\\/shop\\\/women\\\/bottes-hautes\\\/berlino-rosso-ancora#primaryimage\"},\"image\":{\"@id\":\"https:\\\/\\\/www.venisecollection.com\\\/fr\\\/shop\\\/women\\\/bottes-hautes\\\/berlino-rosso-ancora#primaryimage\"},\"thumbnailUrl\":\"https:\\\/\\\/www.venisecollection.com\\\/cdn\\\/image.psd-38.webp\",\"datePublished\":\"2025-11-20T16:06:29+00:00\",\"dateModified\":\"2025-12-26T15:04:53+00:00\",\"breadcrumb\":{\"@id\":\"https:\\\/\\\/www.venisecollection.com\\\/fr\\\/shop\\\/women\\\/bottes-hautes\\\/berlino-rosso-ancora#breadcrumb\"},\"inLanguage\":\"fr-FR\",\"potentialAction\":[{\"@type\":\"ReadAction\",\"target\":[\"https:\\\/\\\/www.venisecollection.com\\\/fr\\\/shop\\\/women\\\/bottes-hautes\\\/berlino-rosso-ancora\"]}]},{\"@type\":\"ImageObject\",\"inLanguage\":\"fr-FR\",\"@id\":\"https:\\\/\\\/www.venisecollection.com\\\/fr\\\/shop\\\/women\\\/bottes-hautes\\\/berlino-rosso-ancora#primaryimage\",\"url\":\"https:\\\/\\\/www.venisecollection.com\\\/cdn\\\/image.psd-38.webp\",\"contentUrl\":\"https:\\\/\\\/www.venisecollection.com\\\/cdn\\\/image.psd-38.webp\",\"width\":1280,\"height\":1588},{\"@type\":\"BreadcrumbList\",\"@id\":\"https:\\\/\\\/www.venisecollection.com\\\/fr\\\/shop\\\/women\\\/bottes-hautes\\\/berlino-rosso-ancora#breadcrumb\",\"itemListElement\":[{\"@type\":\"ListItem\",\"position\":1,\"name\":\"Home\",\"item\":\"https:\\\/\\\/www.venisecollection.com\\\/fr\\\/boutique\"},{\"@type\":\"ListItem\",\"position\":2,\"name\":\"Accueil\",\"item\":\"https:\\\/\\\/www.venisecollection.com\\\/fr\\\/boutique\"},{\"@type\":\"ListItem\",\"position\":3,\"name\":\"BERLINO ROSSO ANCORA\"}]},{\"@type\":\"WebSite\",\"@id\":\"https:\\\/\\\/www.venisecollection.com\\\/fr#website\",\"url\":\"https:\\\/\\\/www.venisecollection.com\\\/fr\",\"name\":\"VENISE COLLECTION\",\"description\":\"\",\"publisher\":{\"@id\":\"https:\\\/\\\/www.venisecollection.com\\\/fr#organization\"},\"potentialAction\":[{\"@type\":\"SearchAction\",\"target\":{\"@type\":\"EntryPoint\",\"urlTemplate\":\"https:\\\/\\\/www.venisecollection.com\\\/fr?s={search_term_string}\"},\"query-input\":{\"@type\":\"PropertyValueSpecification\",\"valueRequired\":true,\"valueName\":\"search_term_string\"}}],\"inLanguage\":\"fr-FR\"},{\"@type\":\"Organization\",\"@id\":\"https:\\\/\\\/www.venisecollection.com\\\/fr#organization\",\"name\":\"VENISE COLLECTION\",\"url\":\"https:\\\/\\\/www.venisecollection.com\\\/fr\",\"logo\":{\"@type\":\"ImageObject\",\"inLanguage\":\"fr-FR\",\"@id\":\"https:\\\/\\\/www.venisecollection.com\\\/fr#\\\/schema\\\/logo\\\/image\\\/\",\"url\":\"https:\\\/\\\/www.venisecollection.com\\\/cdn\\\/seo.png\",\"contentUrl\":\"https:\\\/\\\/www.venisecollection.com\\\/cdn\\\/seo.png\",\"width\":1080,\"height\":1080,\"caption\":\"VENISE COLLECTION\"},\"image\":{\"@id\":\"https:\\\/\\\/www.venisecollection.com\\\/fr#\\\/schema\\\/logo\\\/image\\\/\"},\"sameAs\":[\"https:\\\/\\\/www.instagram.com\\\/venisecollection\\\/\",\"https:\\\/\\\/fr.pinterest.com\\\/venisecollection\\\/\"]}]}<\/script>\n<!-- \/ Yoast SEO plugin. -->","yoast_head_json":{"title":"BERLINO ROSSO ANCORA - VENISE COLLECTION","robots":{"index":"index","follow":"follow","max-snippet":"max-snippet:-1","max-image-preview":"max-image-preview:large","max-video-preview":"max-video-preview:-1"},"canonical":"https:\/\/www.venisecollection.com\/fr\/shop\/women\/bottes-hautes\/berlino-rosso-ancora","og_locale":"fr_FR","og_type":"article","og_title":"BERLINO ROSSO ANCORA - VENISE COLLECTION","og_description":"Les bottes hautes en cuir CAMOSCIO MARSALA de Venise Collection sont le symbole ultime de l&rsquo;\u00e9l\u00e9gance intemporelle et du savoir-faire raffin\u00e9. Fabriqu\u00e9e \u00e0 la main en Italie \u00e0 partir de cuir v\u00e9ritable de premi\u00e8re qualit\u00e9, cette paire allie luxe, durabilit\u00e9 et confort dans un design sophistiqu\u00e9. Les panneaux en forme de chevrons dans des tons &hellip;","og_url":"https:\/\/www.venisecollection.com\/fr\/shop\/women\/bottes-hautes\/berlino-rosso-ancora","og_site_name":"VENISE COLLECTION","article_modified_time":"2025-12-26T15:04:53+00:00","og_image":[{"width":1280,"height":1588,"url":"https:\/\/www.venisecollection.com\/cdn\/image.psd-38.webp","type":"image\/webp"}],"twitter_card":"summary_large_image","twitter_misc":{"Dur\u00e9e de lecture estim\u00e9e":"1 minute"},"schema":{"@context":"https:\/\/schema.org","@graph":[{"@type":"WebPage","@id":"https:\/\/www.venisecollection.com\/fr\/shop\/women\/bottes-hautes\/berlino-rosso-ancora","url":"https:\/\/www.venisecollection.com\/fr\/shop\/women\/bottes-hautes\/berlino-rosso-ancora","name":"BERLINO ROSSO ANCORA - VENISE COLLECTION","isPartOf":{"@id":"https:\/\/www.venisecollection.com\/fr#website"},"primaryImageOfPage":{"@id":"https:\/\/www.venisecollection.com\/fr\/shop\/women\/bottes-hautes\/berlino-rosso-ancora#primaryimage"},"image":{"@id":"https:\/\/www.venisecollection.com\/fr\/shop\/women\/bottes-hautes\/berlino-rosso-ancora#primaryimage"},"thumbnailUrl":"https:\/\/www.venisecollection.com\/cdn\/image.psd-38.webp","datePublished":"2025-11-20T16:06:29+00:00","dateModified":"2025-12-26T15:04:53+00:00","breadcrumb":{"@id":"https:\/\/www.venisecollection.com\/fr\/shop\/women\/bottes-hautes\/berlino-rosso-ancora#breadcrumb"},"inLanguage":"fr-FR","potentialAction":[{"@type":"ReadAction","target":["https:\/\/www.venisecollection.com\/fr\/shop\/women\/bottes-hautes\/berlino-rosso-ancora"]}]},{"@type":"ImageObject","inLanguage":"fr-FR","@id":"https:\/\/www.venisecollection.com\/fr\/shop\/women\/bottes-hautes\/berlino-rosso-ancora#primaryimage","url":"https:\/\/www.venisecollection.com\/cdn\/image.psd-38.webp","contentUrl":"https:\/\/www.venisecollection.com\/cdn\/image.psd-38.webp","width":1280,"height":1588},{"@type":"BreadcrumbList","@id":"https:\/\/www.venisecollection.com\/fr\/shop\/women\/bottes-hautes\/berlino-rosso-ancora#breadcrumb","itemListElement":[{"@type":"ListItem","position":1,"name":"Home","item":"https:\/\/www.venisecollection.com\/fr\/boutique"},{"@type":"ListItem","position":2,"name":"Accueil","item":"https:\/\/www.venisecollection.com\/fr\/boutique"},{"@type":"ListItem","position":3,"name":"BERLINO ROSSO ANCORA"}]},{"@type":"WebSite","@id":"https:\/\/www.venisecollection.com\/fr#website","url":"https:\/\/www.venisecollection.com\/fr","name":"VENISE COLLECTION","description":"","publisher":{"@id":"https:\/\/www.venisecollection.com\/fr#organization"},"potentialAction":[{"@type":"SearchAction","target":{"@type":"EntryPoint","urlTemplate":"https:\/\/www.venisecollection.com\/fr?s={search_term_string}"},"query-input":{"@type":"PropertyValueSpecification","valueRequired":true,"valueName":"search_term_string"}}],"inLanguage":"fr-FR"},{"@type":"Organization","@id":"https:\/\/www.venisecollection.com\/fr#organization","name":"VENISE COLLECTION","url":"https:\/\/www.venisecollection.com\/fr","logo":{"@type":"ImageObject","inLanguage":"fr-FR","@id":"https:\/\/www.venisecollection.com\/fr#\/schema\/logo\/image\/","url":"https:\/\/www.venisecollection.com\/cdn\/seo.png","contentUrl":"https:\/\/www.venisecollection.com\/cdn\/seo.png","width":1080,"height":1080,"caption":"VENISE COLLECTION"},"image":{"@id":"https:\/\/www.venisecollection.com\/fr#\/schema\/logo\/image\/"},"sameAs":["https:\/\/www.instagram.com\/venisecollection\/","https:\/\/fr.pinterest.com\/venisecollection\/"]}]}},"_links":{"self":[{"href":"https:\/\/www.venisecollection.com\/fr\/wp-json\/wp\/v2\/product\/5299","targetHints":{"allow":["GET"]}}],"collection":[{"href":"https:\/\/www.venisecollection.com\/fr\/wp-json\/wp\/v2\/product"}],"about":[{"href":"https:\/\/www.venisecollection.com\/fr\/wp-json\/wp\/v2\/types\/product"}],"wp:featuredmedia":[{"embeddable":true,"href":"https:\/\/www.venisecollection.com\/fr\/wp-json\/wp\/v2\/media\/5295"}],"wp:attachment":[{"href":"https:\/\/www.venisecollection.com\/fr\/wp-json\/wp\/v2\/media?parent=5299"}],"wp:term":[{"taxonomy":"product_brand","embeddable":true,"href":"https:\/\/www.venisecollection.com\/fr\/wp-json\/wp\/v2\/product_brand?post=5299"},{"taxonomy":"product_cat","embeddable":true,"href":"https:\/\/www.venisecollection.com\/fr\/wp-json\/wp\/v2\/product_cat?post=5299"},{"taxonomy":"product_tag","embeddable":true,"href":"https:\/\/www.venisecollection.com\/fr\/wp-json\/wp\/v2\/product_tag?post=5299"}],"curies":[{"name":"wp","href":"https:\/\/api.w.org\/{rel}","templated":true}]}}