{"id":5343,"date":"2025-11-20T15:59:55","date_gmt":"2025-11-20T15:59:55","guid":{"rendered":"https:\/\/www.venisecollection.com\/shop\/women\/non%20class\u00e9\/lunara\/"},"modified":"2025-12-26T15:02:34","modified_gmt":"2025-12-26T15:02:34","slug":"lunara","status":"publish","type":"product","link":"https:\/\/www.venisecollection.com\/fr\/shop\/women\/mocassins-femme\/lunara","title":{"rendered":"LUNARA"},"content":{"rendered":"<p style=\"text-align: justify;\" data-start=\"1336\" data-end=\"1780\">Les chaussures \u00e0 lacets LUNARA sont con\u00e7ues pour les femmes qui appr\u00e9cient l&rsquo;\u00e9l\u00e9gance raffin\u00e9e et le confort quotidien. Fabriqu\u00e9e en cuir v\u00e9ritable de qualit\u00e9 sup\u00e9rieure, cette paire noire pr\u00e9sente une silhouette intemporelle avec un talon de 2 cm, offrant un \u00e9quilibre parfait entre sophistication et praticit\u00e9. <\/p>\n<p style=\"text-align: justify;\" data-start=\"1336\" data-end=\"1780\">La semelle en caoutchouc durable garantit une usure longue dur\u00e9e et une stabilit\u00e9, la rendant id\u00e9ale pour le travail comme pour les sorties d\u00e9contract\u00e9es. Un choix polyvalent et \u00e9l\u00e9gant pour toute garde-robe moderne. <\/p>\n<p style=\"text-align: justify;\" data-start=\"1782\" data-end=\"1796\">D\u00e9tails : Tige : Cuir v\u00e9ritable \u2013 Couleur : Noir \u2013 Semelle : Caoutchouc durable \u2013 Hauteur de talon : 2 cm \u2013 Design : Classique moderne.<\/p>\n","protected":false},"excerpt":{"rendered":"<p>Les chaussures \u00e0 lacets LUNARA sont con\u00e7ues pour les femmes qui appr\u00e9cient l&rsquo;\u00e9l\u00e9gance raffin\u00e9e et le confort quotidien. Fabriqu\u00e9e en cuir v\u00e9ritable de qualit\u00e9 sup\u00e9rieure, cette paire noire pr\u00e9sente une silhouette intemporelle avec un talon de 2 cm, offrant un \u00e9quilibre parfait entre sophistication et praticit\u00e9. La semelle en caoutchouc durable garantit une usure longue &hellip;<\/p>\n","protected":false},"featured_media":5339,"template":"","meta":[],"product_brand":[356],"product_cat":[108],"product_tag":[],"class_list":{"0":"post-5343","1":"product","2":"type-product","3":"status-publish","4":"has-post-thumbnail","6":"product_brand-venise-collection","7":"product_cat-mocassins-femme","9":"first","10":"outofstock","11":"shipping-taxable","12":"product-type-variable","13":"has-default-attributes"},"yoast_head":"<!-- This site is optimized with the Yoast SEO plugin v27.4 - https:\/\/yoast.com\/product\/yoast-seo-wordpress\/ -->\n<title>LUNARA - VENISE COLLECTION<\/title>\n<meta name=\"robots\" content=\"index, follow, max-snippet:-1, max-image-preview:large, max-video-preview:-1\" \/>\n<link rel=\"canonical\" href=\"https:\/\/www.venisecollection.com\/fr\/shop\/women\/mocassins-femme\/lunara\" \/>\n<meta property=\"og:locale\" content=\"fr_FR\" \/>\n<meta property=\"og:type\" content=\"article\" \/>\n<meta property=\"og:title\" content=\"LUNARA - VENISE COLLECTION\" \/>\n<meta property=\"og:description\" content=\"Les chaussures \u00e0 lacets LUNARA sont con\u00e7ues pour les femmes qui appr\u00e9cient l&rsquo;\u00e9l\u00e9gance raffin\u00e9e et le confort quotidien. Fabriqu\u00e9e en cuir v\u00e9ritable de qualit\u00e9 sup\u00e9rieure, cette paire noire pr\u00e9sente une silhouette intemporelle avec un talon de 2 cm, offrant un \u00e9quilibre parfait entre sophistication et praticit\u00e9. La semelle en caoutchouc durable garantit une usure longue &hellip;\" \/>\n<meta property=\"og:url\" content=\"https:\/\/www.venisecollection.com\/fr\/shop\/women\/mocassins-femme\/lunara\" \/>\n<meta property=\"og:site_name\" content=\"VENISE COLLECTION\" \/>\n<meta property=\"article:modified_time\" content=\"2025-12-26T15:02:34+00:00\" \/>\n<meta property=\"og:image\" content=\"https:\/\/www.venisecollection.com\/cdn\/image-24-1-22.webp\" \/>\n\t<meta property=\"og:image:width\" content=\"1280\" \/>\n\t<meta property=\"og:image:height\" content=\"1588\" \/>\n\t<meta property=\"og:image:type\" content=\"image\/webp\" \/>\n<meta name=\"twitter:card\" content=\"summary_large_image\" \/>\n<meta name=\"twitter:label1\" content=\"Dur\u00e9e de lecture estim\u00e9e\" \/>\n\t<meta name=\"twitter:data1\" content=\"1 minute\" \/>\n<script type=\"application\/ld+json\" class=\"yoast-schema-graph\">{\"@context\":\"https:\\\/\\\/schema.org\",\"@graph\":[{\"@type\":\"WebPage\",\"@id\":\"https:\\\/\\\/www.venisecollection.com\\\/fr\\\/shop\\\/women\\\/mocassins-femme\\\/lunara\",\"url\":\"https:\\\/\\\/www.venisecollection.com\\\/fr\\\/shop\\\/women\\\/mocassins-femme\\\/lunara\",\"name\":\"LUNARA - VENISE COLLECTION\",\"isPartOf\":{\"@id\":\"https:\\\/\\\/www.venisecollection.com\\\/fr#website\"},\"primaryImageOfPage\":{\"@id\":\"https:\\\/\\\/www.venisecollection.com\\\/fr\\\/shop\\\/women\\\/mocassins-femme\\\/lunara#primaryimage\"},\"image\":{\"@id\":\"https:\\\/\\\/www.venisecollection.com\\\/fr\\\/shop\\\/women\\\/mocassins-femme\\\/lunara#primaryimage\"},\"thumbnailUrl\":\"https:\\\/\\\/www.venisecollection.com\\\/cdn\\\/image-24-1-22.webp\",\"datePublished\":\"2025-11-20T15:59:55+00:00\",\"dateModified\":\"2025-12-26T15:02:34+00:00\",\"breadcrumb\":{\"@id\":\"https:\\\/\\\/www.venisecollection.com\\\/fr\\\/shop\\\/women\\\/mocassins-femme\\\/lunara#breadcrumb\"},\"inLanguage\":\"fr-FR\",\"potentialAction\":[{\"@type\":\"ReadAction\",\"target\":[\"https:\\\/\\\/www.venisecollection.com\\\/fr\\\/shop\\\/women\\\/mocassins-femme\\\/lunara\"]}]},{\"@type\":\"ImageObject\",\"inLanguage\":\"fr-FR\",\"@id\":\"https:\\\/\\\/www.venisecollection.com\\\/fr\\\/shop\\\/women\\\/mocassins-femme\\\/lunara#primaryimage\",\"url\":\"https:\\\/\\\/www.venisecollection.com\\\/cdn\\\/image-24-1-22.webp\",\"contentUrl\":\"https:\\\/\\\/www.venisecollection.com\\\/cdn\\\/image-24-1-22.webp\",\"width\":1280,\"height\":1588},{\"@type\":\"BreadcrumbList\",\"@id\":\"https:\\\/\\\/www.venisecollection.com\\\/fr\\\/shop\\\/women\\\/mocassins-femme\\\/lunara#breadcrumb\",\"itemListElement\":[{\"@type\":\"ListItem\",\"position\":1,\"name\":\"Home\",\"item\":\"https:\\\/\\\/www.venisecollection.com\\\/fr\\\/boutique\"},{\"@type\":\"ListItem\",\"position\":2,\"name\":\"Accueil\",\"item\":\"https:\\\/\\\/www.venisecollection.com\\\/fr\\\/boutique\"},{\"@type\":\"ListItem\",\"position\":3,\"name\":\"LUNARA\"}]},{\"@type\":\"WebSite\",\"@id\":\"https:\\\/\\\/www.venisecollection.com\\\/fr#website\",\"url\":\"https:\\\/\\\/www.venisecollection.com\\\/fr\",\"name\":\"VENISE COLLECTION\",\"description\":\"\",\"publisher\":{\"@id\":\"https:\\\/\\\/www.venisecollection.com\\\/fr#organization\"},\"potentialAction\":[{\"@type\":\"SearchAction\",\"target\":{\"@type\":\"EntryPoint\",\"urlTemplate\":\"https:\\\/\\\/www.venisecollection.com\\\/fr?s={search_term_string}\"},\"query-input\":{\"@type\":\"PropertyValueSpecification\",\"valueRequired\":true,\"valueName\":\"search_term_string\"}}],\"inLanguage\":\"fr-FR\"},{\"@type\":\"Organization\",\"@id\":\"https:\\\/\\\/www.venisecollection.com\\\/fr#organization\",\"name\":\"VENISE COLLECTION\",\"url\":\"https:\\\/\\\/www.venisecollection.com\\\/fr\",\"logo\":{\"@type\":\"ImageObject\",\"inLanguage\":\"fr-FR\",\"@id\":\"https:\\\/\\\/www.venisecollection.com\\\/fr#\\\/schema\\\/logo\\\/image\\\/\",\"url\":\"https:\\\/\\\/www.venisecollection.com\\\/cdn\\\/seo.png\",\"contentUrl\":\"https:\\\/\\\/www.venisecollection.com\\\/cdn\\\/seo.png\",\"width\":1080,\"height\":1080,\"caption\":\"VENISE COLLECTION\"},\"image\":{\"@id\":\"https:\\\/\\\/www.venisecollection.com\\\/fr#\\\/schema\\\/logo\\\/image\\\/\"},\"sameAs\":[\"https:\\\/\\\/www.instagram.com\\\/venisecollection\\\/\",\"https:\\\/\\\/fr.pinterest.com\\\/venisecollection\\\/\"]}]}<\/script>\n<!-- \/ Yoast SEO plugin. -->","yoast_head_json":{"title":"LUNARA - VENISE COLLECTION","robots":{"index":"index","follow":"follow","max-snippet":"max-snippet:-1","max-image-preview":"max-image-preview:large","max-video-preview":"max-video-preview:-1"},"canonical":"https:\/\/www.venisecollection.com\/fr\/shop\/women\/mocassins-femme\/lunara","og_locale":"fr_FR","og_type":"article","og_title":"LUNARA - VENISE COLLECTION","og_description":"Les chaussures \u00e0 lacets LUNARA sont con\u00e7ues pour les femmes qui appr\u00e9cient l&rsquo;\u00e9l\u00e9gance raffin\u00e9e et le confort quotidien. Fabriqu\u00e9e en cuir v\u00e9ritable de qualit\u00e9 sup\u00e9rieure, cette paire noire pr\u00e9sente une silhouette intemporelle avec un talon de 2 cm, offrant un \u00e9quilibre parfait entre sophistication et praticit\u00e9. La semelle en caoutchouc durable garantit une usure longue &hellip;","og_url":"https:\/\/www.venisecollection.com\/fr\/shop\/women\/mocassins-femme\/lunara","og_site_name":"VENISE COLLECTION","article_modified_time":"2025-12-26T15:02:34+00:00","og_image":[{"width":1280,"height":1588,"url":"https:\/\/www.venisecollection.com\/cdn\/image-24-1-22.webp","type":"image\/webp"}],"twitter_card":"summary_large_image","twitter_misc":{"Dur\u00e9e de lecture estim\u00e9e":"1 minute"},"schema":{"@context":"https:\/\/schema.org","@graph":[{"@type":"WebPage","@id":"https:\/\/www.venisecollection.com\/fr\/shop\/women\/mocassins-femme\/lunara","url":"https:\/\/www.venisecollection.com\/fr\/shop\/women\/mocassins-femme\/lunara","name":"LUNARA - VENISE COLLECTION","isPartOf":{"@id":"https:\/\/www.venisecollection.com\/fr#website"},"primaryImageOfPage":{"@id":"https:\/\/www.venisecollection.com\/fr\/shop\/women\/mocassins-femme\/lunara#primaryimage"},"image":{"@id":"https:\/\/www.venisecollection.com\/fr\/shop\/women\/mocassins-femme\/lunara#primaryimage"},"thumbnailUrl":"https:\/\/www.venisecollection.com\/cdn\/image-24-1-22.webp","datePublished":"2025-11-20T15:59:55+00:00","dateModified":"2025-12-26T15:02:34+00:00","breadcrumb":{"@id":"https:\/\/www.venisecollection.com\/fr\/shop\/women\/mocassins-femme\/lunara#breadcrumb"},"inLanguage":"fr-FR","potentialAction":[{"@type":"ReadAction","target":["https:\/\/www.venisecollection.com\/fr\/shop\/women\/mocassins-femme\/lunara"]}]},{"@type":"ImageObject","inLanguage":"fr-FR","@id":"https:\/\/www.venisecollection.com\/fr\/shop\/women\/mocassins-femme\/lunara#primaryimage","url":"https:\/\/www.venisecollection.com\/cdn\/image-24-1-22.webp","contentUrl":"https:\/\/www.venisecollection.com\/cdn\/image-24-1-22.webp","width":1280,"height":1588},{"@type":"BreadcrumbList","@id":"https:\/\/www.venisecollection.com\/fr\/shop\/women\/mocassins-femme\/lunara#breadcrumb","itemListElement":[{"@type":"ListItem","position":1,"name":"Home","item":"https:\/\/www.venisecollection.com\/fr\/boutique"},{"@type":"ListItem","position":2,"name":"Accueil","item":"https:\/\/www.venisecollection.com\/fr\/boutique"},{"@type":"ListItem","position":3,"name":"LUNARA"}]},{"@type":"WebSite","@id":"https:\/\/www.venisecollection.com\/fr#website","url":"https:\/\/www.venisecollection.com\/fr","name":"VENISE COLLECTION","description":"","publisher":{"@id":"https:\/\/www.venisecollection.com\/fr#organization"},"potentialAction":[{"@type":"SearchAction","target":{"@type":"EntryPoint","urlTemplate":"https:\/\/www.venisecollection.com\/fr?s={search_term_string}"},"query-input":{"@type":"PropertyValueSpecification","valueRequired":true,"valueName":"search_term_string"}}],"inLanguage":"fr-FR"},{"@type":"Organization","@id":"https:\/\/www.venisecollection.com\/fr#organization","name":"VENISE COLLECTION","url":"https:\/\/www.venisecollection.com\/fr","logo":{"@type":"ImageObject","inLanguage":"fr-FR","@id":"https:\/\/www.venisecollection.com\/fr#\/schema\/logo\/image\/","url":"https:\/\/www.venisecollection.com\/cdn\/seo.png","contentUrl":"https:\/\/www.venisecollection.com\/cdn\/seo.png","width":1080,"height":1080,"caption":"VENISE COLLECTION"},"image":{"@id":"https:\/\/www.venisecollection.com\/fr#\/schema\/logo\/image\/"},"sameAs":["https:\/\/www.instagram.com\/venisecollection\/","https:\/\/fr.pinterest.com\/venisecollection\/"]}]}},"_links":{"self":[{"href":"https:\/\/www.venisecollection.com\/fr\/wp-json\/wp\/v2\/product\/5343","targetHints":{"allow":["GET"]}}],"collection":[{"href":"https:\/\/www.venisecollection.com\/fr\/wp-json\/wp\/v2\/product"}],"about":[{"href":"https:\/\/www.venisecollection.com\/fr\/wp-json\/wp\/v2\/types\/product"}],"wp:featuredmedia":[{"embeddable":true,"href":"https:\/\/www.venisecollection.com\/fr\/wp-json\/wp\/v2\/media\/5339"}],"wp:attachment":[{"href":"https:\/\/www.venisecollection.com\/fr\/wp-json\/wp\/v2\/media?parent=5343"}],"wp:term":[{"taxonomy":"product_brand","embeddable":true,"href":"https:\/\/www.venisecollection.com\/fr\/wp-json\/wp\/v2\/product_brand?post=5343"},{"taxonomy":"product_cat","embeddable":true,"href":"https:\/\/www.venisecollection.com\/fr\/wp-json\/wp\/v2\/product_cat?post=5343"},{"taxonomy":"product_tag","embeddable":true,"href":"https:\/\/www.venisecollection.com\/fr\/wp-json\/wp\/v2\/product_tag?post=5343"}],"curies":[{"name":"wp","href":"https:\/\/api.w.org\/{rel}","templated":true}]}}