{"id":5365,"date":"2025-11-20T15:59:52","date_gmt":"2025-11-20T15:59:52","guid":{"rendered":"https:\/\/www.venisecollection.com\/shop\/women\/non%20class\u00e9\/leopardia\/"},"modified":"2026-04-30T00:45:36","modified_gmt":"2026-04-30T00:45:36","slug":"leopardia","status":"publish","type":"product","link":"https:\/\/www.venisecollection.com\/fr\/shop\/women\/loafers-and-derbies\/leopardia","title":{"rendered":"2665 NERO LEOPARDO"},"content":{"rendered":"<p style=\"text-align: justify;\" data-start=\"1632\" data-end=\"2171\">Les mocassins Leopardia allient l&rsquo;\u00e9l\u00e9gance classique \u00e0 une touche contemporaine audacieuse. Fabriqu\u00e9s en simili cuir de haute qualit\u00e9, ces mocassins pour femmes pr\u00e9sentent un panneau avant \u00e0 motif l\u00e9opard saisissant pour une touche chic et avant-gardiste.<\/p>\n<p style=\"text-align: justify;\" data-start=\"1632\" data-end=\"2171\">L&rsquo;int\u00e9rieur est enti\u00e8rement doubl\u00e9 d&rsquo;un mat\u00e9riau synth\u00e9tique lisse pour un confort durable, tandis que l&rsquo;\u00e9paisse semelle ext\u00e9rieure en caoutchouc antid\u00e9rapant assure stabilit\u00e9 et adh\u00e9rence sur toute surface.<br data-start=\"2037\" data-end=\"2040\" \/>Avec leur combinaison de style et de confort, ces mocassins sont parfaits pour un usage quotidien, des tenues de bureau ou des looks d\u00e9contract\u00e9s du week-end.<\/p>\n<p style=\"text-align: justify;\" data-start=\"2198\" data-end=\"2224\">Style : Mocassins pour femmes \u2013 Dessus : 100 % mat\u00e9riau synth\u00e9tique \u2013 Doublure et semelle int\u00e9rieure : 100 % mat\u00e9riau synth\u00e9tique \u2013 Semelle ext\u00e9rieure : 100 % synth\u00e9tique, antid\u00e9rapante \u2013 Motif : Panneau avant l\u00e9opard \u2013 Couleur : Noir brillant avec d\u00e9tails marron naturel \u2013 Hauteur du talon : Environ 4 cm<\/p>\n","protected":false},"excerpt":{"rendered":"<p>Les mocassins Leopardia allient l&rsquo;\u00e9l\u00e9gance classique \u00e0 une touche contemporaine audacieuse. Fabriqu\u00e9s en simili cuir de haute qualit\u00e9, ces mocassins pour femmes pr\u00e9sentent un panneau avant \u00e0 motif l\u00e9opard saisissant pour une touche chic et avant-gardiste. L&rsquo;int\u00e9rieur est enti\u00e8rement doubl\u00e9 d&rsquo;un mat\u00e9riau synth\u00e9tique lisse pour un confort durable, tandis que l&rsquo;\u00e9paisse semelle ext\u00e9rieure en caoutchouc &hellip;<\/p>\n","protected":false},"featured_media":5350,"template":"","meta":[],"product_brand":[69],"product_cat":[72],"product_tag":[],"class_list":{"0":"post-5365","1":"product","2":"type-product","3":"status-publish","4":"has-post-thumbnail","6":"product_brand-venise-collection","7":"product_cat-loafers-and-derbies","9":"first","10":"instock","11":"shipping-taxable","12":"purchasable","13":"product-type-variable","14":"has-default-attributes"},"yoast_head":"<!-- This site is optimized with the Yoast SEO plugin v27.5 - https:\/\/yoast.com\/product\/yoast-seo-wordpress\/ -->\n<title>2665 NERO LEOPARDO - VENISE COLLECTION<\/title>\n<meta name=\"robots\" content=\"index, follow, max-snippet:-1, max-image-preview:large, max-video-preview:-1\" \/>\n<link rel=\"canonical\" href=\"https:\/\/www.venisecollection.com\/fr\/shop\/women\/loafers-and-derbies\/leopardia\" \/>\n<meta property=\"og:locale\" content=\"fr_FR\" \/>\n<meta property=\"og:type\" content=\"article\" \/>\n<meta property=\"og:title\" content=\"2665 NERO LEOPARDO - VENISE COLLECTION\" \/>\n<meta property=\"og:description\" content=\"Les mocassins Leopardia allient l&rsquo;\u00e9l\u00e9gance classique \u00e0 une touche contemporaine audacieuse. Fabriqu\u00e9s en simili cuir de haute qualit\u00e9, ces mocassins pour femmes pr\u00e9sentent un panneau avant \u00e0 motif l\u00e9opard saisissant pour une touche chic et avant-gardiste. L&rsquo;int\u00e9rieur est enti\u00e8rement doubl\u00e9 d&rsquo;un mat\u00e9riau synth\u00e9tique lisse pour un confort durable, tandis que l&rsquo;\u00e9paisse semelle ext\u00e9rieure en caoutchouc &hellip;\" \/>\n<meta property=\"og:url\" content=\"https:\/\/www.venisecollection.com\/fr\/shop\/women\/loafers-and-derbies\/leopardia\" \/>\n<meta property=\"og:site_name\" content=\"VENISE COLLECTION\" \/>\n<meta property=\"article:modified_time\" content=\"2026-04-30T00:45:36+00:00\" \/>\n<meta property=\"og:image\" content=\"https:\/\/www.venisecollection.com\/cdn\/image-24-1-10-1.webp\" \/>\n\t<meta property=\"og:image:width\" content=\"1280\" \/>\n\t<meta property=\"og:image:height\" content=\"1588\" \/>\n\t<meta property=\"og:image:type\" content=\"image\/webp\" \/>\n<meta name=\"twitter:card\" content=\"summary_large_image\" \/>\n<meta name=\"twitter:label1\" content=\"Dur\u00e9e de lecture estim\u00e9e\" \/>\n\t<meta name=\"twitter:data1\" content=\"1 minute\" \/>\n<script type=\"application\/ld+json\" class=\"yoast-schema-graph\">{\"@context\":\"https:\\\/\\\/schema.org\",\"@graph\":[{\"@type\":\"WebPage\",\"@id\":\"https:\\\/\\\/www.venisecollection.com\\\/fr\\\/shop\\\/women\\\/loafers-and-derbies\\\/leopardia\",\"url\":\"https:\\\/\\\/www.venisecollection.com\\\/fr\\\/shop\\\/women\\\/loafers-and-derbies\\\/leopardia\",\"name\":\"2665 NERO LEOPARDO - VENISE COLLECTION\",\"isPartOf\":{\"@id\":\"https:\\\/\\\/www.venisecollection.com\\\/fr#website\"},\"primaryImageOfPage\":{\"@id\":\"https:\\\/\\\/www.venisecollection.com\\\/fr\\\/shop\\\/women\\\/loafers-and-derbies\\\/leopardia#primaryimage\"},\"image\":{\"@id\":\"https:\\\/\\\/www.venisecollection.com\\\/fr\\\/shop\\\/women\\\/loafers-and-derbies\\\/leopardia#primaryimage\"},\"thumbnailUrl\":\"https:\\\/\\\/www.venisecollection.com\\\/cdn\\\/image-24-1-10-1.webp\",\"datePublished\":\"2025-11-20T15:59:52+00:00\",\"dateModified\":\"2026-04-30T00:45:36+00:00\",\"breadcrumb\":{\"@id\":\"https:\\\/\\\/www.venisecollection.com\\\/fr\\\/shop\\\/women\\\/loafers-and-derbies\\\/leopardia#breadcrumb\"},\"inLanguage\":\"fr-FR\",\"potentialAction\":[{\"@type\":\"ReadAction\",\"target\":[\"https:\\\/\\\/www.venisecollection.com\\\/fr\\\/shop\\\/women\\\/loafers-and-derbies\\\/leopardia\"]}]},{\"@type\":\"ImageObject\",\"inLanguage\":\"fr-FR\",\"@id\":\"https:\\\/\\\/www.venisecollection.com\\\/fr\\\/shop\\\/women\\\/loafers-and-derbies\\\/leopardia#primaryimage\",\"url\":\"https:\\\/\\\/www.venisecollection.com\\\/cdn\\\/image-24-1-10-1.webp\",\"contentUrl\":\"https:\\\/\\\/www.venisecollection.com\\\/cdn\\\/image-24-1-10-1.webp\",\"width\":1280,\"height\":1588},{\"@type\":\"BreadcrumbList\",\"@id\":\"https:\\\/\\\/www.venisecollection.com\\\/fr\\\/shop\\\/women\\\/loafers-and-derbies\\\/leopardia#breadcrumb\",\"itemListElement\":[{\"@type\":\"ListItem\",\"position\":1,\"name\":\"Home\",\"item\":\"https:\\\/\\\/www.venisecollection.com\\\/fr\\\/boutique\"},{\"@type\":\"ListItem\",\"position\":2,\"name\":\"Accueil\",\"item\":\"https:\\\/\\\/www.venisecollection.com\\\/fr\\\/boutique\"},{\"@type\":\"ListItem\",\"position\":3,\"name\":\"2665 NERO LEOPARDO\"}]},{\"@type\":\"WebSite\",\"@id\":\"https:\\\/\\\/www.venisecollection.com\\\/fr#website\",\"url\":\"https:\\\/\\\/www.venisecollection.com\\\/fr\",\"name\":\"VENISE COLLECTION\",\"description\":\"\",\"publisher\":{\"@id\":\"https:\\\/\\\/www.venisecollection.com\\\/fr#organization\"},\"potentialAction\":[{\"@type\":\"SearchAction\",\"target\":{\"@type\":\"EntryPoint\",\"urlTemplate\":\"https:\\\/\\\/www.venisecollection.com\\\/fr?s={search_term_string}\"},\"query-input\":{\"@type\":\"PropertyValueSpecification\",\"valueRequired\":true,\"valueName\":\"search_term_string\"}}],\"inLanguage\":\"fr-FR\"},{\"@type\":\"Organization\",\"@id\":\"https:\\\/\\\/www.venisecollection.com\\\/fr#organization\",\"name\":\"VENISE COLLECTION\",\"url\":\"https:\\\/\\\/www.venisecollection.com\\\/fr\",\"logo\":{\"@type\":\"ImageObject\",\"inLanguage\":\"fr-FR\",\"@id\":\"https:\\\/\\\/www.venisecollection.com\\\/fr#\\\/schema\\\/logo\\\/image\\\/\",\"url\":\"https:\\\/\\\/www.venisecollection.com\\\/cdn\\\/seo.png\",\"contentUrl\":\"https:\\\/\\\/www.venisecollection.com\\\/cdn\\\/seo.png\",\"width\":1080,\"height\":1080,\"caption\":\"VENISE COLLECTION\"},\"image\":{\"@id\":\"https:\\\/\\\/www.venisecollection.com\\\/fr#\\\/schema\\\/logo\\\/image\\\/\"},\"sameAs\":[\"https:\\\/\\\/www.instagram.com\\\/venisecollection\\\/\",\"https:\\\/\\\/fr.pinterest.com\\\/venisecollection\\\/\"]}]}<\/script>\n<!-- \/ Yoast SEO plugin. -->","yoast_head_json":{"title":"2665 NERO LEOPARDO - VENISE COLLECTION","robots":{"index":"index","follow":"follow","max-snippet":"max-snippet:-1","max-image-preview":"max-image-preview:large","max-video-preview":"max-video-preview:-1"},"canonical":"https:\/\/www.venisecollection.com\/fr\/shop\/women\/loafers-and-derbies\/leopardia","og_locale":"fr_FR","og_type":"article","og_title":"2665 NERO LEOPARDO - VENISE COLLECTION","og_description":"Les mocassins Leopardia allient l&rsquo;\u00e9l\u00e9gance classique \u00e0 une touche contemporaine audacieuse. Fabriqu\u00e9s en simili cuir de haute qualit\u00e9, ces mocassins pour femmes pr\u00e9sentent un panneau avant \u00e0 motif l\u00e9opard saisissant pour une touche chic et avant-gardiste. L&rsquo;int\u00e9rieur est enti\u00e8rement doubl\u00e9 d&rsquo;un mat\u00e9riau synth\u00e9tique lisse pour un confort durable, tandis que l&rsquo;\u00e9paisse semelle ext\u00e9rieure en caoutchouc &hellip;","og_url":"https:\/\/www.venisecollection.com\/fr\/shop\/women\/loafers-and-derbies\/leopardia","og_site_name":"VENISE COLLECTION","article_modified_time":"2026-04-30T00:45:36+00:00","og_image":[{"width":1280,"height":1588,"url":"https:\/\/www.venisecollection.com\/cdn\/image-24-1-10-1.webp","type":"image\/webp"}],"twitter_card":"summary_large_image","twitter_misc":{"Dur\u00e9e de lecture estim\u00e9e":"1 minute"},"schema":{"@context":"https:\/\/schema.org","@graph":[{"@type":"WebPage","@id":"https:\/\/www.venisecollection.com\/fr\/shop\/women\/loafers-and-derbies\/leopardia","url":"https:\/\/www.venisecollection.com\/fr\/shop\/women\/loafers-and-derbies\/leopardia","name":"2665 NERO LEOPARDO - VENISE COLLECTION","isPartOf":{"@id":"https:\/\/www.venisecollection.com\/fr#website"},"primaryImageOfPage":{"@id":"https:\/\/www.venisecollection.com\/fr\/shop\/women\/loafers-and-derbies\/leopardia#primaryimage"},"image":{"@id":"https:\/\/www.venisecollection.com\/fr\/shop\/women\/loafers-and-derbies\/leopardia#primaryimage"},"thumbnailUrl":"https:\/\/www.venisecollection.com\/cdn\/image-24-1-10-1.webp","datePublished":"2025-11-20T15:59:52+00:00","dateModified":"2026-04-30T00:45:36+00:00","breadcrumb":{"@id":"https:\/\/www.venisecollection.com\/fr\/shop\/women\/loafers-and-derbies\/leopardia#breadcrumb"},"inLanguage":"fr-FR","potentialAction":[{"@type":"ReadAction","target":["https:\/\/www.venisecollection.com\/fr\/shop\/women\/loafers-and-derbies\/leopardia"]}]},{"@type":"ImageObject","inLanguage":"fr-FR","@id":"https:\/\/www.venisecollection.com\/fr\/shop\/women\/loafers-and-derbies\/leopardia#primaryimage","url":"https:\/\/www.venisecollection.com\/cdn\/image-24-1-10-1.webp","contentUrl":"https:\/\/www.venisecollection.com\/cdn\/image-24-1-10-1.webp","width":1280,"height":1588},{"@type":"BreadcrumbList","@id":"https:\/\/www.venisecollection.com\/fr\/shop\/women\/loafers-and-derbies\/leopardia#breadcrumb","itemListElement":[{"@type":"ListItem","position":1,"name":"Home","item":"https:\/\/www.venisecollection.com\/fr\/boutique"},{"@type":"ListItem","position":2,"name":"Accueil","item":"https:\/\/www.venisecollection.com\/fr\/boutique"},{"@type":"ListItem","position":3,"name":"2665 NERO LEOPARDO"}]},{"@type":"WebSite","@id":"https:\/\/www.venisecollection.com\/fr#website","url":"https:\/\/www.venisecollection.com\/fr","name":"VENISE COLLECTION","description":"","publisher":{"@id":"https:\/\/www.venisecollection.com\/fr#organization"},"potentialAction":[{"@type":"SearchAction","target":{"@type":"EntryPoint","urlTemplate":"https:\/\/www.venisecollection.com\/fr?s={search_term_string}"},"query-input":{"@type":"PropertyValueSpecification","valueRequired":true,"valueName":"search_term_string"}}],"inLanguage":"fr-FR"},{"@type":"Organization","@id":"https:\/\/www.venisecollection.com\/fr#organization","name":"VENISE COLLECTION","url":"https:\/\/www.venisecollection.com\/fr","logo":{"@type":"ImageObject","inLanguage":"fr-FR","@id":"https:\/\/www.venisecollection.com\/fr#\/schema\/logo\/image\/","url":"https:\/\/www.venisecollection.com\/cdn\/seo.png","contentUrl":"https:\/\/www.venisecollection.com\/cdn\/seo.png","width":1080,"height":1080,"caption":"VENISE COLLECTION"},"image":{"@id":"https:\/\/www.venisecollection.com\/fr#\/schema\/logo\/image\/"},"sameAs":["https:\/\/www.instagram.com\/venisecollection\/","https:\/\/fr.pinterest.com\/venisecollection\/"]}]}},"_links":{"self":[{"href":"https:\/\/www.venisecollection.com\/fr\/wp-json\/wp\/v2\/product\/5365","targetHints":{"allow":["GET"]}}],"collection":[{"href":"https:\/\/www.venisecollection.com\/fr\/wp-json\/wp\/v2\/product"}],"about":[{"href":"https:\/\/www.venisecollection.com\/fr\/wp-json\/wp\/v2\/types\/product"}],"wp:featuredmedia":[{"embeddable":true,"href":"https:\/\/www.venisecollection.com\/fr\/wp-json\/wp\/v2\/media\/5350"}],"wp:attachment":[{"href":"https:\/\/www.venisecollection.com\/fr\/wp-json\/wp\/v2\/media?parent=5365"}],"wp:term":[{"taxonomy":"product_brand","embeddable":true,"href":"https:\/\/www.venisecollection.com\/fr\/wp-json\/wp\/v2\/product_brand?post=5365"},{"taxonomy":"product_cat","embeddable":true,"href":"https:\/\/www.venisecollection.com\/fr\/wp-json\/wp\/v2\/product_cat?post=5365"},{"taxonomy":"product_tag","embeddable":true,"href":"https:\/\/www.venisecollection.com\/fr\/wp-json\/wp\/v2\/product_tag?post=5365"}],"curies":[{"name":"wp","href":"https:\/\/api.w.org\/{rel}","templated":true}]}}