{"id":5447,"date":"2025-11-20T15:57:09","date_gmt":"2025-11-20T15:57:09","guid":{"rendered":"https:\/\/www.venisecollection.com\/shop\/women\/non%20class\u00e9\/ballerines-en-satin-imprime\/"},"modified":"2026-02-05T17:17:58","modified_gmt":"2026-02-05T17:17:58","slug":"ballerines-en-satin-imprime","status":"publish","type":"product","link":"https:\/\/www.venisecollection.com\/fr\/shop\/women\/ballerines\/ballerines-en-satin-imprime","title":{"rendered":"E3513 Raso Corona"},"content":{"rendered":"<p style=\"text-align: justify;\" data-start=\"167\" data-end=\"490\">Raffin\u00e9es et \u00e9l\u00e9gantes, ces ballerines en satin imprim\u00e9 pr\u00e9sentent une tige en satin imprim\u00e9 lisse, compl\u00e9t\u00e9e par un int\u00e9rieur en cuir souple et une semelle en cuir durable. Con\u00e7ues pour un confort toute la journ\u00e9e avec une semelle int\u00e9rieure en cuir rembourr\u00e9e et un talon discret de 10 mm pour une l\u00e9g\u00e8re \u00e9l\u00e9vation. Parfaites pour les occasions d\u00e9contract\u00e9es comme chic.<\/p>\n","protected":false},"excerpt":{"rendered":"<p>Raffin\u00e9es et \u00e9l\u00e9gantes, ces ballerines en satin imprim\u00e9 pr\u00e9sentent une tige en satin imprim\u00e9 lisse, compl\u00e9t\u00e9e par un int\u00e9rieur en cuir souple et une semelle en cuir durable. Con\u00e7ues pour un confort toute la journ\u00e9e avec une semelle int\u00e9rieure en cuir rembourr\u00e9e et un talon discret de 10 mm pour une l\u00e9g\u00e8re \u00e9l\u00e9vation. Parfaites pour &hellip;<\/p>\n","protected":false},"featured_media":5443,"template":"","meta":[],"product_brand":[350],"product_cat":[103],"product_tag":[],"class_list":{"0":"post-5447","1":"product","2":"type-product","3":"status-publish","4":"has-post-thumbnail","6":"product_brand-elena-iachi","7":"product_cat-ballerines","9":"first","10":"instock","11":"shipping-taxable","12":"purchasable","13":"product-type-variable","14":"has-default-attributes"},"yoast_head":"<!-- This site is optimized with the Yoast SEO plugin v27.4 - https:\/\/yoast.com\/product\/yoast-seo-wordpress\/ -->\n<title>E3513 Raso Corona - VENISE COLLECTION<\/title>\n<meta name=\"robots\" content=\"index, follow, max-snippet:-1, max-image-preview:large, max-video-preview:-1\" \/>\n<link rel=\"canonical\" href=\"https:\/\/www.venisecollection.com\/fr\/shop\/women\/ballerines\/ballerines-en-satin-imprime\" \/>\n<meta property=\"og:locale\" content=\"fr_FR\" \/>\n<meta property=\"og:type\" content=\"article\" \/>\n<meta property=\"og:title\" content=\"E3513 Raso Corona - VENISE COLLECTION\" \/>\n<meta property=\"og:description\" content=\"Raffin\u00e9es et \u00e9l\u00e9gantes, ces ballerines en satin imprim\u00e9 pr\u00e9sentent une tige en satin imprim\u00e9 lisse, compl\u00e9t\u00e9e par un int\u00e9rieur en cuir souple et une semelle en cuir durable. Con\u00e7ues pour un confort toute la journ\u00e9e avec une semelle int\u00e9rieure en cuir rembourr\u00e9e et un talon discret de 10 mm pour une l\u00e9g\u00e8re \u00e9l\u00e9vation. Parfaites pour &hellip;\" \/>\n<meta property=\"og:url\" content=\"https:\/\/www.venisecollection.com\/fr\/shop\/women\/ballerines\/ballerines-en-satin-imprime\" \/>\n<meta property=\"og:site_name\" content=\"VENISE COLLECTION\" \/>\n<meta property=\"article:modified_time\" content=\"2026-02-05T17:17:58+00:00\" \/>\n<meta property=\"og:image\" content=\"https:\/\/www.venisecollection.com\/cdn\/product-pendant-lamp-21.webp\" \/>\n\t<meta property=\"og:image:width\" content=\"1280\" \/>\n\t<meta property=\"og:image:height\" content=\"1588\" \/>\n\t<meta property=\"og:image:type\" content=\"image\/webp\" \/>\n<meta name=\"twitter:card\" content=\"summary_large_image\" \/>\n<meta name=\"twitter:label1\" content=\"Dur\u00e9e de lecture estim\u00e9e\" \/>\n\t<meta name=\"twitter:data1\" content=\"1 minute\" \/>\n<script type=\"application\/ld+json\" class=\"yoast-schema-graph\">{\"@context\":\"https:\\\/\\\/schema.org\",\"@graph\":[{\"@type\":\"WebPage\",\"@id\":\"https:\\\/\\\/www.venisecollection.com\\\/fr\\\/shop\\\/women\\\/ballerines\\\/ballerines-en-satin-imprime\",\"url\":\"https:\\\/\\\/www.venisecollection.com\\\/fr\\\/shop\\\/women\\\/ballerines\\\/ballerines-en-satin-imprime\",\"name\":\"E3513 Raso Corona - VENISE COLLECTION\",\"isPartOf\":{\"@id\":\"https:\\\/\\\/www.venisecollection.com\\\/fr#website\"},\"primaryImageOfPage\":{\"@id\":\"https:\\\/\\\/www.venisecollection.com\\\/fr\\\/shop\\\/women\\\/ballerines\\\/ballerines-en-satin-imprime#primaryimage\"},\"image\":{\"@id\":\"https:\\\/\\\/www.venisecollection.com\\\/fr\\\/shop\\\/women\\\/ballerines\\\/ballerines-en-satin-imprime#primaryimage\"},\"thumbnailUrl\":\"https:\\\/\\\/www.venisecollection.com\\\/cdn\\\/product-pendant-lamp-21.webp\",\"datePublished\":\"2025-11-20T15:57:09+00:00\",\"dateModified\":\"2026-02-05T17:17:58+00:00\",\"breadcrumb\":{\"@id\":\"https:\\\/\\\/www.venisecollection.com\\\/fr\\\/shop\\\/women\\\/ballerines\\\/ballerines-en-satin-imprime#breadcrumb\"},\"inLanguage\":\"fr-FR\",\"potentialAction\":[{\"@type\":\"ReadAction\",\"target\":[\"https:\\\/\\\/www.venisecollection.com\\\/fr\\\/shop\\\/women\\\/ballerines\\\/ballerines-en-satin-imprime\"]}]},{\"@type\":\"ImageObject\",\"inLanguage\":\"fr-FR\",\"@id\":\"https:\\\/\\\/www.venisecollection.com\\\/fr\\\/shop\\\/women\\\/ballerines\\\/ballerines-en-satin-imprime#primaryimage\",\"url\":\"https:\\\/\\\/www.venisecollection.com\\\/cdn\\\/product-pendant-lamp-21.webp\",\"contentUrl\":\"https:\\\/\\\/www.venisecollection.com\\\/cdn\\\/product-pendant-lamp-21.webp\",\"width\":1280,\"height\":1588},{\"@type\":\"BreadcrumbList\",\"@id\":\"https:\\\/\\\/www.venisecollection.com\\\/fr\\\/shop\\\/women\\\/ballerines\\\/ballerines-en-satin-imprime#breadcrumb\",\"itemListElement\":[{\"@type\":\"ListItem\",\"position\":1,\"name\":\"Home\",\"item\":\"https:\\\/\\\/www.venisecollection.com\\\/fr\\\/boutique\"},{\"@type\":\"ListItem\",\"position\":2,\"name\":\"Accueil\",\"item\":\"https:\\\/\\\/www.venisecollection.com\\\/fr\\\/boutique\"},{\"@type\":\"ListItem\",\"position\":3,\"name\":\"E3513 Raso Corona\"}]},{\"@type\":\"WebSite\",\"@id\":\"https:\\\/\\\/www.venisecollection.com\\\/fr#website\",\"url\":\"https:\\\/\\\/www.venisecollection.com\\\/fr\",\"name\":\"VENISE COLLECTION\",\"description\":\"\",\"publisher\":{\"@id\":\"https:\\\/\\\/www.venisecollection.com\\\/fr#organization\"},\"potentialAction\":[{\"@type\":\"SearchAction\",\"target\":{\"@type\":\"EntryPoint\",\"urlTemplate\":\"https:\\\/\\\/www.venisecollection.com\\\/fr?s={search_term_string}\"},\"query-input\":{\"@type\":\"PropertyValueSpecification\",\"valueRequired\":true,\"valueName\":\"search_term_string\"}}],\"inLanguage\":\"fr-FR\"},{\"@type\":\"Organization\",\"@id\":\"https:\\\/\\\/www.venisecollection.com\\\/fr#organization\",\"name\":\"VENISE COLLECTION\",\"url\":\"https:\\\/\\\/www.venisecollection.com\\\/fr\",\"logo\":{\"@type\":\"ImageObject\",\"inLanguage\":\"fr-FR\",\"@id\":\"https:\\\/\\\/www.venisecollection.com\\\/fr#\\\/schema\\\/logo\\\/image\\\/\",\"url\":\"https:\\\/\\\/www.venisecollection.com\\\/cdn\\\/seo.png\",\"contentUrl\":\"https:\\\/\\\/www.venisecollection.com\\\/cdn\\\/seo.png\",\"width\":1080,\"height\":1080,\"caption\":\"VENISE COLLECTION\"},\"image\":{\"@id\":\"https:\\\/\\\/www.venisecollection.com\\\/fr#\\\/schema\\\/logo\\\/image\\\/\"},\"sameAs\":[\"https:\\\/\\\/www.instagram.com\\\/venisecollection\\\/\",\"https:\\\/\\\/fr.pinterest.com\\\/venisecollection\\\/\"]}]}<\/script>\n<!-- \/ Yoast SEO plugin. -->","yoast_head_json":{"title":"E3513 Raso Corona - VENISE COLLECTION","robots":{"index":"index","follow":"follow","max-snippet":"max-snippet:-1","max-image-preview":"max-image-preview:large","max-video-preview":"max-video-preview:-1"},"canonical":"https:\/\/www.venisecollection.com\/fr\/shop\/women\/ballerines\/ballerines-en-satin-imprime","og_locale":"fr_FR","og_type":"article","og_title":"E3513 Raso Corona - VENISE COLLECTION","og_description":"Raffin\u00e9es et \u00e9l\u00e9gantes, ces ballerines en satin imprim\u00e9 pr\u00e9sentent une tige en satin imprim\u00e9 lisse, compl\u00e9t\u00e9e par un int\u00e9rieur en cuir souple et une semelle en cuir durable. Con\u00e7ues pour un confort toute la journ\u00e9e avec une semelle int\u00e9rieure en cuir rembourr\u00e9e et un talon discret de 10 mm pour une l\u00e9g\u00e8re \u00e9l\u00e9vation. Parfaites pour &hellip;","og_url":"https:\/\/www.venisecollection.com\/fr\/shop\/women\/ballerines\/ballerines-en-satin-imprime","og_site_name":"VENISE COLLECTION","article_modified_time":"2026-02-05T17:17:58+00:00","og_image":[{"width":1280,"height":1588,"url":"https:\/\/www.venisecollection.com\/cdn\/product-pendant-lamp-21.webp","type":"image\/webp"}],"twitter_card":"summary_large_image","twitter_misc":{"Dur\u00e9e de lecture estim\u00e9e":"1 minute"},"schema":{"@context":"https:\/\/schema.org","@graph":[{"@type":"WebPage","@id":"https:\/\/www.venisecollection.com\/fr\/shop\/women\/ballerines\/ballerines-en-satin-imprime","url":"https:\/\/www.venisecollection.com\/fr\/shop\/women\/ballerines\/ballerines-en-satin-imprime","name":"E3513 Raso Corona - VENISE COLLECTION","isPartOf":{"@id":"https:\/\/www.venisecollection.com\/fr#website"},"primaryImageOfPage":{"@id":"https:\/\/www.venisecollection.com\/fr\/shop\/women\/ballerines\/ballerines-en-satin-imprime#primaryimage"},"image":{"@id":"https:\/\/www.venisecollection.com\/fr\/shop\/women\/ballerines\/ballerines-en-satin-imprime#primaryimage"},"thumbnailUrl":"https:\/\/www.venisecollection.com\/cdn\/product-pendant-lamp-21.webp","datePublished":"2025-11-20T15:57:09+00:00","dateModified":"2026-02-05T17:17:58+00:00","breadcrumb":{"@id":"https:\/\/www.venisecollection.com\/fr\/shop\/women\/ballerines\/ballerines-en-satin-imprime#breadcrumb"},"inLanguage":"fr-FR","potentialAction":[{"@type":"ReadAction","target":["https:\/\/www.venisecollection.com\/fr\/shop\/women\/ballerines\/ballerines-en-satin-imprime"]}]},{"@type":"ImageObject","inLanguage":"fr-FR","@id":"https:\/\/www.venisecollection.com\/fr\/shop\/women\/ballerines\/ballerines-en-satin-imprime#primaryimage","url":"https:\/\/www.venisecollection.com\/cdn\/product-pendant-lamp-21.webp","contentUrl":"https:\/\/www.venisecollection.com\/cdn\/product-pendant-lamp-21.webp","width":1280,"height":1588},{"@type":"BreadcrumbList","@id":"https:\/\/www.venisecollection.com\/fr\/shop\/women\/ballerines\/ballerines-en-satin-imprime#breadcrumb","itemListElement":[{"@type":"ListItem","position":1,"name":"Home","item":"https:\/\/www.venisecollection.com\/fr\/boutique"},{"@type":"ListItem","position":2,"name":"Accueil","item":"https:\/\/www.venisecollection.com\/fr\/boutique"},{"@type":"ListItem","position":3,"name":"E3513 Raso Corona"}]},{"@type":"WebSite","@id":"https:\/\/www.venisecollection.com\/fr#website","url":"https:\/\/www.venisecollection.com\/fr","name":"VENISE COLLECTION","description":"","publisher":{"@id":"https:\/\/www.venisecollection.com\/fr#organization"},"potentialAction":[{"@type":"SearchAction","target":{"@type":"EntryPoint","urlTemplate":"https:\/\/www.venisecollection.com\/fr?s={search_term_string}"},"query-input":{"@type":"PropertyValueSpecification","valueRequired":true,"valueName":"search_term_string"}}],"inLanguage":"fr-FR"},{"@type":"Organization","@id":"https:\/\/www.venisecollection.com\/fr#organization","name":"VENISE COLLECTION","url":"https:\/\/www.venisecollection.com\/fr","logo":{"@type":"ImageObject","inLanguage":"fr-FR","@id":"https:\/\/www.venisecollection.com\/fr#\/schema\/logo\/image\/","url":"https:\/\/www.venisecollection.com\/cdn\/seo.png","contentUrl":"https:\/\/www.venisecollection.com\/cdn\/seo.png","width":1080,"height":1080,"caption":"VENISE COLLECTION"},"image":{"@id":"https:\/\/www.venisecollection.com\/fr#\/schema\/logo\/image\/"},"sameAs":["https:\/\/www.instagram.com\/venisecollection\/","https:\/\/fr.pinterest.com\/venisecollection\/"]}]}},"_links":{"self":[{"href":"https:\/\/www.venisecollection.com\/fr\/wp-json\/wp\/v2\/product\/5447","targetHints":{"allow":["GET"]}}],"collection":[{"href":"https:\/\/www.venisecollection.com\/fr\/wp-json\/wp\/v2\/product"}],"about":[{"href":"https:\/\/www.venisecollection.com\/fr\/wp-json\/wp\/v2\/types\/product"}],"wp:featuredmedia":[{"embeddable":true,"href":"https:\/\/www.venisecollection.com\/fr\/wp-json\/wp\/v2\/media\/5443"}],"wp:attachment":[{"href":"https:\/\/www.venisecollection.com\/fr\/wp-json\/wp\/v2\/media?parent=5447"}],"wp:term":[{"taxonomy":"product_brand","embeddable":true,"href":"https:\/\/www.venisecollection.com\/fr\/wp-json\/wp\/v2\/product_brand?post=5447"},{"taxonomy":"product_cat","embeddable":true,"href":"https:\/\/www.venisecollection.com\/fr\/wp-json\/wp\/v2\/product_cat?post=5447"},{"taxonomy":"product_tag","embeddable":true,"href":"https:\/\/www.venisecollection.com\/fr\/wp-json\/wp\/v2\/product_tag?post=5447"}],"curies":[{"name":"wp","href":"https:\/\/api.w.org\/{rel}","templated":true}]}}