{"id":5485,"date":"2025-11-20T15:57:33","date_gmt":"2025-11-20T15:57:33","guid":{"rendered":"https:\/\/www.venisecollection.com\/shop\/women\/non%20class\u00e9\/semelle-plateforme-legere\/"},"modified":"2025-12-26T15:04:31","modified_gmt":"2025-12-26T15:04:31","slug":"semelle-plateforme-legere","status":"publish","type":"product","link":"https:\/\/www.venisecollection.com\/fr\/shop\/women\/bottes\/semelle-plateforme-legere","title":{"rendered":"Semelle plateforme l\u00e9g\u00e8re"},"content":{"rendered":"<p style=\"text-align: justify;\" data-start=\"316\" data-end=\"782\">Entrez dans l&rsquo;\u00e9l\u00e9gance moderne avec ces bottines en daim dot\u00e9es d&#8217;empi\u00e8cements \u00e9lastiques lat\u00e9raux et d&rsquo;une languette arri\u00e8re pour un enfilage facile. Con\u00e7ues avec une silhouette contemporaine audacieuse, elles sont fabriqu\u00e9es en cuir de veau r\u00e9sistant \u00e0 l&rsquo;eau et reposent sur une semelle en caoutchouc expans\u00e9 \u00e0 l&rsquo;air ultra-l\u00e9g\u00e8re. <\/p>\n<p style=\"text-align: justify;\" data-start=\"316\" data-end=\"782\">Une semelle int\u00e9rieure respirante en charbon actif assure le confort, tandis que la plateforme et le talon offrent une \u00e9l\u00e9vation subtile sans compromettre la stabilit\u00e9. Con\u00e7ues et fabriqu\u00e9es en Italie avec expertise. <\/p>\n<p style=\"text-align: justify;\" data-start=\"784\" data-end=\"802\">Tige&nbsp;: Cuir de veau en daim r\u00e9sistant \u00e0 l&rsquo;eau \u2013 Empi\u00e8cements \u00e9lastiques lat\u00e9raux et languette arri\u00e8re \u2013 Semelle int\u00e9rieure en cuir avec charbon actif respirant \u2013 Semelle en caoutchouc expans\u00e9 \u00e0 l&rsquo;air ultra-l\u00e9g\u00e8re \u2013 Plateforme&nbsp;: 5&nbsp;cm | Talon&nbsp;: 6,5&nbsp;cm \u2013 Fabriqu\u00e9 en Italie<\/p>\n","protected":false},"excerpt":{"rendered":"<p>Entrez dans l&rsquo;\u00e9l\u00e9gance moderne avec ces bottines en daim dot\u00e9es d&#8217;empi\u00e8cements \u00e9lastiques lat\u00e9raux et d&rsquo;une languette arri\u00e8re pour un enfilage facile. Con\u00e7ues avec une silhouette contemporaine audacieuse, elles sont fabriqu\u00e9es en cuir de veau r\u00e9sistant \u00e0 l&rsquo;eau et reposent sur une semelle en caoutchouc expans\u00e9 \u00e0 l&rsquo;air ultra-l\u00e9g\u00e8re. Une semelle int\u00e9rieure respirante en charbon actif &hellip;<\/p>\n","protected":false},"featured_media":5481,"template":"","meta":[],"product_brand":[371],"product_cat":[109],"product_tag":[],"class_list":{"0":"post-5485","1":"product","2":"type-product","3":"status-publish","4":"has-post-thumbnail","6":"product_brand-agl","7":"product_cat-bottes","9":"first","10":"outofstock","11":"shipping-taxable","12":"product-type-variable","13":"has-default-attributes"},"yoast_head":"<!-- This site is optimized with the Yoast SEO plugin v27.4 - https:\/\/yoast.com\/product\/yoast-seo-wordpress\/ -->\n<title>Semelle plateforme l\u00e9g\u00e8re - VENISE COLLECTION<\/title>\n<meta name=\"robots\" content=\"index, follow, max-snippet:-1, max-image-preview:large, max-video-preview:-1\" \/>\n<link rel=\"canonical\" href=\"https:\/\/www.venisecollection.com\/fr\/shop\/women\/bottes\/semelle-plateforme-legere\" \/>\n<meta property=\"og:locale\" content=\"fr_FR\" \/>\n<meta property=\"og:type\" content=\"article\" \/>\n<meta property=\"og:title\" content=\"Semelle plateforme l\u00e9g\u00e8re - VENISE COLLECTION\" \/>\n<meta property=\"og:description\" content=\"Entrez dans l&rsquo;\u00e9l\u00e9gance moderne avec ces bottines en daim dot\u00e9es d&#8217;empi\u00e8cements \u00e9lastiques lat\u00e9raux et d&rsquo;une languette arri\u00e8re pour un enfilage facile. Con\u00e7ues avec une silhouette contemporaine audacieuse, elles sont fabriqu\u00e9es en cuir de veau r\u00e9sistant \u00e0 l&rsquo;eau et reposent sur une semelle en caoutchouc expans\u00e9 \u00e0 l&rsquo;air ultra-l\u00e9g\u00e8re. Une semelle int\u00e9rieure respirante en charbon actif &hellip;\" \/>\n<meta property=\"og:url\" content=\"https:\/\/www.venisecollection.com\/fr\/shop\/women\/bottes\/semelle-plateforme-legere\" \/>\n<meta property=\"og:site_name\" content=\"VENISE COLLECTION\" \/>\n<meta property=\"article:modified_time\" content=\"2025-12-26T15:04:31+00:00\" \/>\n<meta property=\"og:image\" content=\"https:\/\/www.venisecollection.com\/cdn\/image-24-1-8.webp\" \/>\n\t<meta property=\"og:image:width\" content=\"1280\" \/>\n\t<meta property=\"og:image:height\" content=\"1588\" \/>\n\t<meta property=\"og:image:type\" content=\"image\/webp\" \/>\n<meta name=\"twitter:card\" content=\"summary_large_image\" \/>\n<meta name=\"twitter:label1\" content=\"Dur\u00e9e de lecture estim\u00e9e\" \/>\n\t<meta name=\"twitter:data1\" content=\"1 minute\" \/>\n<script type=\"application\/ld+json\" class=\"yoast-schema-graph\">{\"@context\":\"https:\\\/\\\/schema.org\",\"@graph\":[{\"@type\":\"WebPage\",\"@id\":\"https:\\\/\\\/www.venisecollection.com\\\/fr\\\/shop\\\/women\\\/bottes\\\/semelle-plateforme-legere\",\"url\":\"https:\\\/\\\/www.venisecollection.com\\\/fr\\\/shop\\\/women\\\/bottes\\\/semelle-plateforme-legere\",\"name\":\"Semelle plateforme l\u00e9g\u00e8re - VENISE COLLECTION\",\"isPartOf\":{\"@id\":\"https:\\\/\\\/www.venisecollection.com\\\/fr#website\"},\"primaryImageOfPage\":{\"@id\":\"https:\\\/\\\/www.venisecollection.com\\\/fr\\\/shop\\\/women\\\/bottes\\\/semelle-plateforme-legere#primaryimage\"},\"image\":{\"@id\":\"https:\\\/\\\/www.venisecollection.com\\\/fr\\\/shop\\\/women\\\/bottes\\\/semelle-plateforme-legere#primaryimage\"},\"thumbnailUrl\":\"https:\\\/\\\/www.venisecollection.com\\\/cdn\\\/image-24-1-8.webp\",\"datePublished\":\"2025-11-20T15:57:33+00:00\",\"dateModified\":\"2025-12-26T15:04:31+00:00\",\"breadcrumb\":{\"@id\":\"https:\\\/\\\/www.venisecollection.com\\\/fr\\\/shop\\\/women\\\/bottes\\\/semelle-plateforme-legere#breadcrumb\"},\"inLanguage\":\"fr-FR\",\"potentialAction\":[{\"@type\":\"ReadAction\",\"target\":[\"https:\\\/\\\/www.venisecollection.com\\\/fr\\\/shop\\\/women\\\/bottes\\\/semelle-plateforme-legere\"]}]},{\"@type\":\"ImageObject\",\"inLanguage\":\"fr-FR\",\"@id\":\"https:\\\/\\\/www.venisecollection.com\\\/fr\\\/shop\\\/women\\\/bottes\\\/semelle-plateforme-legere#primaryimage\",\"url\":\"https:\\\/\\\/www.venisecollection.com\\\/cdn\\\/image-24-1-8.webp\",\"contentUrl\":\"https:\\\/\\\/www.venisecollection.com\\\/cdn\\\/image-24-1-8.webp\",\"width\":1280,\"height\":1588},{\"@type\":\"BreadcrumbList\",\"@id\":\"https:\\\/\\\/www.venisecollection.com\\\/fr\\\/shop\\\/women\\\/bottes\\\/semelle-plateforme-legere#breadcrumb\",\"itemListElement\":[{\"@type\":\"ListItem\",\"position\":1,\"name\":\"Home\",\"item\":\"https:\\\/\\\/www.venisecollection.com\\\/fr\\\/boutique\"},{\"@type\":\"ListItem\",\"position\":2,\"name\":\"Accueil\",\"item\":\"https:\\\/\\\/www.venisecollection.com\\\/fr\\\/boutique\"},{\"@type\":\"ListItem\",\"position\":3,\"name\":\"Semelle plateforme l\u00e9g\u00e8re\"}]},{\"@type\":\"WebSite\",\"@id\":\"https:\\\/\\\/www.venisecollection.com\\\/fr#website\",\"url\":\"https:\\\/\\\/www.venisecollection.com\\\/fr\",\"name\":\"VENISE COLLECTION\",\"description\":\"\",\"publisher\":{\"@id\":\"https:\\\/\\\/www.venisecollection.com\\\/fr#organization\"},\"potentialAction\":[{\"@type\":\"SearchAction\",\"target\":{\"@type\":\"EntryPoint\",\"urlTemplate\":\"https:\\\/\\\/www.venisecollection.com\\\/fr?s={search_term_string}\"},\"query-input\":{\"@type\":\"PropertyValueSpecification\",\"valueRequired\":true,\"valueName\":\"search_term_string\"}}],\"inLanguage\":\"fr-FR\"},{\"@type\":\"Organization\",\"@id\":\"https:\\\/\\\/www.venisecollection.com\\\/fr#organization\",\"name\":\"VENISE COLLECTION\",\"url\":\"https:\\\/\\\/www.venisecollection.com\\\/fr\",\"logo\":{\"@type\":\"ImageObject\",\"inLanguage\":\"fr-FR\",\"@id\":\"https:\\\/\\\/www.venisecollection.com\\\/fr#\\\/schema\\\/logo\\\/image\\\/\",\"url\":\"https:\\\/\\\/www.venisecollection.com\\\/cdn\\\/seo.png\",\"contentUrl\":\"https:\\\/\\\/www.venisecollection.com\\\/cdn\\\/seo.png\",\"width\":1080,\"height\":1080,\"caption\":\"VENISE COLLECTION\"},\"image\":{\"@id\":\"https:\\\/\\\/www.venisecollection.com\\\/fr#\\\/schema\\\/logo\\\/image\\\/\"},\"sameAs\":[\"https:\\\/\\\/www.instagram.com\\\/venisecollection\\\/\",\"https:\\\/\\\/fr.pinterest.com\\\/venisecollection\\\/\"]}]}<\/script>\n<!-- \/ Yoast SEO plugin. -->","yoast_head_json":{"title":"Semelle plateforme l\u00e9g\u00e8re - VENISE COLLECTION","robots":{"index":"index","follow":"follow","max-snippet":"max-snippet:-1","max-image-preview":"max-image-preview:large","max-video-preview":"max-video-preview:-1"},"canonical":"https:\/\/www.venisecollection.com\/fr\/shop\/women\/bottes\/semelle-plateforme-legere","og_locale":"fr_FR","og_type":"article","og_title":"Semelle plateforme l\u00e9g\u00e8re - VENISE COLLECTION","og_description":"Entrez dans l&rsquo;\u00e9l\u00e9gance moderne avec ces bottines en daim dot\u00e9es d&#8217;empi\u00e8cements \u00e9lastiques lat\u00e9raux et d&rsquo;une languette arri\u00e8re pour un enfilage facile. Con\u00e7ues avec une silhouette contemporaine audacieuse, elles sont fabriqu\u00e9es en cuir de veau r\u00e9sistant \u00e0 l&rsquo;eau et reposent sur une semelle en caoutchouc expans\u00e9 \u00e0 l&rsquo;air ultra-l\u00e9g\u00e8re. Une semelle int\u00e9rieure respirante en charbon actif &hellip;","og_url":"https:\/\/www.venisecollection.com\/fr\/shop\/women\/bottes\/semelle-plateforme-legere","og_site_name":"VENISE COLLECTION","article_modified_time":"2025-12-26T15:04:31+00:00","og_image":[{"width":1280,"height":1588,"url":"https:\/\/www.venisecollection.com\/cdn\/image-24-1-8.webp","type":"image\/webp"}],"twitter_card":"summary_large_image","twitter_misc":{"Dur\u00e9e de lecture estim\u00e9e":"1 minute"},"schema":{"@context":"https:\/\/schema.org","@graph":[{"@type":"WebPage","@id":"https:\/\/www.venisecollection.com\/fr\/shop\/women\/bottes\/semelle-plateforme-legere","url":"https:\/\/www.venisecollection.com\/fr\/shop\/women\/bottes\/semelle-plateforme-legere","name":"Semelle plateforme l\u00e9g\u00e8re - VENISE COLLECTION","isPartOf":{"@id":"https:\/\/www.venisecollection.com\/fr#website"},"primaryImageOfPage":{"@id":"https:\/\/www.venisecollection.com\/fr\/shop\/women\/bottes\/semelle-plateforme-legere#primaryimage"},"image":{"@id":"https:\/\/www.venisecollection.com\/fr\/shop\/women\/bottes\/semelle-plateforme-legere#primaryimage"},"thumbnailUrl":"https:\/\/www.venisecollection.com\/cdn\/image-24-1-8.webp","datePublished":"2025-11-20T15:57:33+00:00","dateModified":"2025-12-26T15:04:31+00:00","breadcrumb":{"@id":"https:\/\/www.venisecollection.com\/fr\/shop\/women\/bottes\/semelle-plateforme-legere#breadcrumb"},"inLanguage":"fr-FR","potentialAction":[{"@type":"ReadAction","target":["https:\/\/www.venisecollection.com\/fr\/shop\/women\/bottes\/semelle-plateforme-legere"]}]},{"@type":"ImageObject","inLanguage":"fr-FR","@id":"https:\/\/www.venisecollection.com\/fr\/shop\/women\/bottes\/semelle-plateforme-legere#primaryimage","url":"https:\/\/www.venisecollection.com\/cdn\/image-24-1-8.webp","contentUrl":"https:\/\/www.venisecollection.com\/cdn\/image-24-1-8.webp","width":1280,"height":1588},{"@type":"BreadcrumbList","@id":"https:\/\/www.venisecollection.com\/fr\/shop\/women\/bottes\/semelle-plateforme-legere#breadcrumb","itemListElement":[{"@type":"ListItem","position":1,"name":"Home","item":"https:\/\/www.venisecollection.com\/fr\/boutique"},{"@type":"ListItem","position":2,"name":"Accueil","item":"https:\/\/www.venisecollection.com\/fr\/boutique"},{"@type":"ListItem","position":3,"name":"Semelle plateforme l\u00e9g\u00e8re"}]},{"@type":"WebSite","@id":"https:\/\/www.venisecollection.com\/fr#website","url":"https:\/\/www.venisecollection.com\/fr","name":"VENISE COLLECTION","description":"","publisher":{"@id":"https:\/\/www.venisecollection.com\/fr#organization"},"potentialAction":[{"@type":"SearchAction","target":{"@type":"EntryPoint","urlTemplate":"https:\/\/www.venisecollection.com\/fr?s={search_term_string}"},"query-input":{"@type":"PropertyValueSpecification","valueRequired":true,"valueName":"search_term_string"}}],"inLanguage":"fr-FR"},{"@type":"Organization","@id":"https:\/\/www.venisecollection.com\/fr#organization","name":"VENISE COLLECTION","url":"https:\/\/www.venisecollection.com\/fr","logo":{"@type":"ImageObject","inLanguage":"fr-FR","@id":"https:\/\/www.venisecollection.com\/fr#\/schema\/logo\/image\/","url":"https:\/\/www.venisecollection.com\/cdn\/seo.png","contentUrl":"https:\/\/www.venisecollection.com\/cdn\/seo.png","width":1080,"height":1080,"caption":"VENISE COLLECTION"},"image":{"@id":"https:\/\/www.venisecollection.com\/fr#\/schema\/logo\/image\/"},"sameAs":["https:\/\/www.instagram.com\/venisecollection\/","https:\/\/fr.pinterest.com\/venisecollection\/"]}]}},"_links":{"self":[{"href":"https:\/\/www.venisecollection.com\/fr\/wp-json\/wp\/v2\/product\/5485","targetHints":{"allow":["GET"]}}],"collection":[{"href":"https:\/\/www.venisecollection.com\/fr\/wp-json\/wp\/v2\/product"}],"about":[{"href":"https:\/\/www.venisecollection.com\/fr\/wp-json\/wp\/v2\/types\/product"}],"wp:featuredmedia":[{"embeddable":true,"href":"https:\/\/www.venisecollection.com\/fr\/wp-json\/wp\/v2\/media\/5481"}],"wp:attachment":[{"href":"https:\/\/www.venisecollection.com\/fr\/wp-json\/wp\/v2\/media?parent=5485"}],"wp:term":[{"taxonomy":"product_brand","embeddable":true,"href":"https:\/\/www.venisecollection.com\/fr\/wp-json\/wp\/v2\/product_brand?post=5485"},{"taxonomy":"product_cat","embeddable":true,"href":"https:\/\/www.venisecollection.com\/fr\/wp-json\/wp\/v2\/product_cat?post=5485"},{"taxonomy":"product_tag","embeddable":true,"href":"https:\/\/www.venisecollection.com\/fr\/wp-json\/wp\/v2\/product_tag?post=5485"}],"curies":[{"name":"wp","href":"https:\/\/api.w.org\/{rel}","templated":true}]}}