{"id":5496,"date":"2025-11-20T15:57:35","date_gmt":"2025-11-20T15:57:35","guid":{"rendered":"https:\/\/www.venisecollection.com\/shop\/women\/non%20class\u00e9\/bottines-dhiver-en-peau-lainee\/"},"modified":"2025-12-26T15:04:40","modified_gmt":"2025-12-26T15:04:40","slug":"bottines-dhiver-en-peau-lainee","status":"publish","type":"product","link":"https:\/\/www.venisecollection.com\/fr\/shop\/women\/bottes\/bottines-dhiver-en-peau-lainee","title":{"rendered":"Bottines d&rsquo;hiver en peau lain\u00e9e"},"content":{"rendered":"<p style=\"text-align: justify;\" data-start=\"1290\" data-end=\"1706\">Restez au chaud pendant les journ\u00e9es plus froides avec ces bottines d&rsquo;hiver confectionn\u00e9es en peau lain\u00e9e de qualit\u00e9 sup\u00e9rieure. La tige en cuir de veau su\u00e9d\u00e9 imperm\u00e9able s&rsquo;associe \u00e0 une semelle en caoutchouc expans\u00e9 \u00e0 l&rsquo;air ultra-l\u00e9g\u00e8re, alliant style traditionnel et confort moderne. Une semelle int\u00e9rieure et une doublure en peau lain\u00e9e offrent chaleur et douceur, tandis que le talon de 4 cm et la plateforme avant de 3 cm assurent une \u00e9l\u00e9vation stable. Con\u00e7ues et fabriqu\u00e9es en Italie.   <\/p>\n<p style=\"text-align: justify;\" data-start=\"1708\" data-end=\"1726\">Tige : Cuir de veau su\u00e9d\u00e9 imperm\u00e9able \u2013 Doublure et semelle int\u00e9rieure : Peau lain\u00e9e v\u00e9ritable (peau de mouton retourn\u00e9e) \u2013 Semelle : Caoutchouc expans\u00e9 \u00e0 l&rsquo;air ultra-l\u00e9ger \u2013 Talon : 4 cm | Avant : 3 cm \u2013 Fabriqu\u00e9es en Italie<\/p>\n","protected":false},"excerpt":{"rendered":"<p>Restez au chaud pendant les journ\u00e9es plus froides avec ces bottines d&rsquo;hiver confectionn\u00e9es en peau lain\u00e9e de qualit\u00e9 sup\u00e9rieure. La tige en cuir de veau su\u00e9d\u00e9 imperm\u00e9able s&rsquo;associe \u00e0 une semelle en caoutchouc expans\u00e9 \u00e0 l&rsquo;air ultra-l\u00e9g\u00e8re, alliant style traditionnel et confort moderne. Une semelle int\u00e9rieure et une doublure en peau lain\u00e9e offrent chaleur et &hellip;<\/p>\n","protected":false},"featured_media":5492,"template":"","meta":[],"product_brand":[371],"product_cat":[109],"product_tag":[],"class_list":{"0":"post-5496","1":"product","2":"type-product","3":"status-publish","4":"has-post-thumbnail","6":"product_brand-agl","7":"product_cat-bottes","9":"first","10":"outofstock","11":"shipping-taxable","12":"product-type-variable","13":"has-default-attributes"},"yoast_head":"<!-- This site is optimized with the Yoast SEO plugin v27.4 - https:\/\/yoast.com\/product\/yoast-seo-wordpress\/ -->\n<title>Bottines d&#039;hiver en peau lain\u00e9e - VENISE COLLECTION<\/title>\n<meta name=\"robots\" content=\"index, follow, max-snippet:-1, max-image-preview:large, max-video-preview:-1\" \/>\n<link rel=\"canonical\" href=\"https:\/\/www.venisecollection.com\/fr\/shop\/women\/bottes\/bottines-dhiver-en-peau-lainee\" \/>\n<meta property=\"og:locale\" content=\"fr_FR\" \/>\n<meta property=\"og:type\" content=\"article\" \/>\n<meta property=\"og:title\" content=\"Bottines d&#039;hiver en peau lain\u00e9e - VENISE COLLECTION\" \/>\n<meta property=\"og:description\" content=\"Restez au chaud pendant les journ\u00e9es plus froides avec ces bottines d&rsquo;hiver confectionn\u00e9es en peau lain\u00e9e de qualit\u00e9 sup\u00e9rieure. La tige en cuir de veau su\u00e9d\u00e9 imperm\u00e9able s&rsquo;associe \u00e0 une semelle en caoutchouc expans\u00e9 \u00e0 l&rsquo;air ultra-l\u00e9g\u00e8re, alliant style traditionnel et confort moderne. Une semelle int\u00e9rieure et une doublure en peau lain\u00e9e offrent chaleur et &hellip;\" \/>\n<meta property=\"og:url\" content=\"https:\/\/www.venisecollection.com\/fr\/shop\/women\/bottes\/bottines-dhiver-en-peau-lainee\" \/>\n<meta property=\"og:site_name\" content=\"VENISE COLLECTION\" \/>\n<meta property=\"article:modified_time\" content=\"2025-12-26T15:04:40+00:00\" \/>\n<meta property=\"og:image\" content=\"https:\/\/www.venisecollection.com\/cdn\/image-28-1.webp\" \/>\n\t<meta property=\"og:image:width\" content=\"1280\" \/>\n\t<meta property=\"og:image:height\" content=\"1588\" \/>\n\t<meta property=\"og:image:type\" content=\"image\/webp\" \/>\n<meta name=\"twitter:card\" content=\"summary_large_image\" \/>\n<meta name=\"twitter:label1\" content=\"Dur\u00e9e de lecture estim\u00e9e\" \/>\n\t<meta name=\"twitter:data1\" content=\"1 minute\" \/>\n<script type=\"application\/ld+json\" class=\"yoast-schema-graph\">{\"@context\":\"https:\\\/\\\/schema.org\",\"@graph\":[{\"@type\":\"WebPage\",\"@id\":\"https:\\\/\\\/www.venisecollection.com\\\/fr\\\/shop\\\/women\\\/bottes\\\/bottines-dhiver-en-peau-lainee\",\"url\":\"https:\\\/\\\/www.venisecollection.com\\\/fr\\\/shop\\\/women\\\/bottes\\\/bottines-dhiver-en-peau-lainee\",\"name\":\"Bottines d'hiver en peau lain\u00e9e - VENISE COLLECTION\",\"isPartOf\":{\"@id\":\"https:\\\/\\\/www.venisecollection.com\\\/fr#website\"},\"primaryImageOfPage\":{\"@id\":\"https:\\\/\\\/www.venisecollection.com\\\/fr\\\/shop\\\/women\\\/bottes\\\/bottines-dhiver-en-peau-lainee#primaryimage\"},\"image\":{\"@id\":\"https:\\\/\\\/www.venisecollection.com\\\/fr\\\/shop\\\/women\\\/bottes\\\/bottines-dhiver-en-peau-lainee#primaryimage\"},\"thumbnailUrl\":\"https:\\\/\\\/www.venisecollection.com\\\/cdn\\\/image-28-1.webp\",\"datePublished\":\"2025-11-20T15:57:35+00:00\",\"dateModified\":\"2025-12-26T15:04:40+00:00\",\"breadcrumb\":{\"@id\":\"https:\\\/\\\/www.venisecollection.com\\\/fr\\\/shop\\\/women\\\/bottes\\\/bottines-dhiver-en-peau-lainee#breadcrumb\"},\"inLanguage\":\"fr-FR\",\"potentialAction\":[{\"@type\":\"ReadAction\",\"target\":[\"https:\\\/\\\/www.venisecollection.com\\\/fr\\\/shop\\\/women\\\/bottes\\\/bottines-dhiver-en-peau-lainee\"]}]},{\"@type\":\"ImageObject\",\"inLanguage\":\"fr-FR\",\"@id\":\"https:\\\/\\\/www.venisecollection.com\\\/fr\\\/shop\\\/women\\\/bottes\\\/bottines-dhiver-en-peau-lainee#primaryimage\",\"url\":\"https:\\\/\\\/www.venisecollection.com\\\/cdn\\\/image-28-1.webp\",\"contentUrl\":\"https:\\\/\\\/www.venisecollection.com\\\/cdn\\\/image-28-1.webp\",\"width\":1280,\"height\":1588},{\"@type\":\"BreadcrumbList\",\"@id\":\"https:\\\/\\\/www.venisecollection.com\\\/fr\\\/shop\\\/women\\\/bottes\\\/bottines-dhiver-en-peau-lainee#breadcrumb\",\"itemListElement\":[{\"@type\":\"ListItem\",\"position\":1,\"name\":\"Home\",\"item\":\"https:\\\/\\\/www.venisecollection.com\\\/fr\\\/boutique\"},{\"@type\":\"ListItem\",\"position\":2,\"name\":\"Accueil\",\"item\":\"https:\\\/\\\/www.venisecollection.com\\\/fr\\\/boutique\"},{\"@type\":\"ListItem\",\"position\":3,\"name\":\"Bottines d&rsquo;hiver en peau lain\u00e9e\"}]},{\"@type\":\"WebSite\",\"@id\":\"https:\\\/\\\/www.venisecollection.com\\\/fr#website\",\"url\":\"https:\\\/\\\/www.venisecollection.com\\\/fr\",\"name\":\"VENISE COLLECTION\",\"description\":\"\",\"publisher\":{\"@id\":\"https:\\\/\\\/www.venisecollection.com\\\/fr#organization\"},\"potentialAction\":[{\"@type\":\"SearchAction\",\"target\":{\"@type\":\"EntryPoint\",\"urlTemplate\":\"https:\\\/\\\/www.venisecollection.com\\\/fr?s={search_term_string}\"},\"query-input\":{\"@type\":\"PropertyValueSpecification\",\"valueRequired\":true,\"valueName\":\"search_term_string\"}}],\"inLanguage\":\"fr-FR\"},{\"@type\":\"Organization\",\"@id\":\"https:\\\/\\\/www.venisecollection.com\\\/fr#organization\",\"name\":\"VENISE COLLECTION\",\"url\":\"https:\\\/\\\/www.venisecollection.com\\\/fr\",\"logo\":{\"@type\":\"ImageObject\",\"inLanguage\":\"fr-FR\",\"@id\":\"https:\\\/\\\/www.venisecollection.com\\\/fr#\\\/schema\\\/logo\\\/image\\\/\",\"url\":\"https:\\\/\\\/www.venisecollection.com\\\/cdn\\\/seo.png\",\"contentUrl\":\"https:\\\/\\\/www.venisecollection.com\\\/cdn\\\/seo.png\",\"width\":1080,\"height\":1080,\"caption\":\"VENISE COLLECTION\"},\"image\":{\"@id\":\"https:\\\/\\\/www.venisecollection.com\\\/fr#\\\/schema\\\/logo\\\/image\\\/\"},\"sameAs\":[\"https:\\\/\\\/www.instagram.com\\\/venisecollection\\\/\",\"https:\\\/\\\/fr.pinterest.com\\\/venisecollection\\\/\"]}]}<\/script>\n<!-- \/ Yoast SEO plugin. -->","yoast_head_json":{"title":"Bottines d'hiver en peau lain\u00e9e - VENISE COLLECTION","robots":{"index":"index","follow":"follow","max-snippet":"max-snippet:-1","max-image-preview":"max-image-preview:large","max-video-preview":"max-video-preview:-1"},"canonical":"https:\/\/www.venisecollection.com\/fr\/shop\/women\/bottes\/bottines-dhiver-en-peau-lainee","og_locale":"fr_FR","og_type":"article","og_title":"Bottines d'hiver en peau lain\u00e9e - VENISE COLLECTION","og_description":"Restez au chaud pendant les journ\u00e9es plus froides avec ces bottines d&rsquo;hiver confectionn\u00e9es en peau lain\u00e9e de qualit\u00e9 sup\u00e9rieure. La tige en cuir de veau su\u00e9d\u00e9 imperm\u00e9able s&rsquo;associe \u00e0 une semelle en caoutchouc expans\u00e9 \u00e0 l&rsquo;air ultra-l\u00e9g\u00e8re, alliant style traditionnel et confort moderne. Une semelle int\u00e9rieure et une doublure en peau lain\u00e9e offrent chaleur et &hellip;","og_url":"https:\/\/www.venisecollection.com\/fr\/shop\/women\/bottes\/bottines-dhiver-en-peau-lainee","og_site_name":"VENISE COLLECTION","article_modified_time":"2025-12-26T15:04:40+00:00","og_image":[{"width":1280,"height":1588,"url":"https:\/\/www.venisecollection.com\/cdn\/image-28-1.webp","type":"image\/webp"}],"twitter_card":"summary_large_image","twitter_misc":{"Dur\u00e9e de lecture estim\u00e9e":"1 minute"},"schema":{"@context":"https:\/\/schema.org","@graph":[{"@type":"WebPage","@id":"https:\/\/www.venisecollection.com\/fr\/shop\/women\/bottes\/bottines-dhiver-en-peau-lainee","url":"https:\/\/www.venisecollection.com\/fr\/shop\/women\/bottes\/bottines-dhiver-en-peau-lainee","name":"Bottines d'hiver en peau lain\u00e9e - VENISE COLLECTION","isPartOf":{"@id":"https:\/\/www.venisecollection.com\/fr#website"},"primaryImageOfPage":{"@id":"https:\/\/www.venisecollection.com\/fr\/shop\/women\/bottes\/bottines-dhiver-en-peau-lainee#primaryimage"},"image":{"@id":"https:\/\/www.venisecollection.com\/fr\/shop\/women\/bottes\/bottines-dhiver-en-peau-lainee#primaryimage"},"thumbnailUrl":"https:\/\/www.venisecollection.com\/cdn\/image-28-1.webp","datePublished":"2025-11-20T15:57:35+00:00","dateModified":"2025-12-26T15:04:40+00:00","breadcrumb":{"@id":"https:\/\/www.venisecollection.com\/fr\/shop\/women\/bottes\/bottines-dhiver-en-peau-lainee#breadcrumb"},"inLanguage":"fr-FR","potentialAction":[{"@type":"ReadAction","target":["https:\/\/www.venisecollection.com\/fr\/shop\/women\/bottes\/bottines-dhiver-en-peau-lainee"]}]},{"@type":"ImageObject","inLanguage":"fr-FR","@id":"https:\/\/www.venisecollection.com\/fr\/shop\/women\/bottes\/bottines-dhiver-en-peau-lainee#primaryimage","url":"https:\/\/www.venisecollection.com\/cdn\/image-28-1.webp","contentUrl":"https:\/\/www.venisecollection.com\/cdn\/image-28-1.webp","width":1280,"height":1588},{"@type":"BreadcrumbList","@id":"https:\/\/www.venisecollection.com\/fr\/shop\/women\/bottes\/bottines-dhiver-en-peau-lainee#breadcrumb","itemListElement":[{"@type":"ListItem","position":1,"name":"Home","item":"https:\/\/www.venisecollection.com\/fr\/boutique"},{"@type":"ListItem","position":2,"name":"Accueil","item":"https:\/\/www.venisecollection.com\/fr\/boutique"},{"@type":"ListItem","position":3,"name":"Bottines d&rsquo;hiver en peau lain\u00e9e"}]},{"@type":"WebSite","@id":"https:\/\/www.venisecollection.com\/fr#website","url":"https:\/\/www.venisecollection.com\/fr","name":"VENISE COLLECTION","description":"","publisher":{"@id":"https:\/\/www.venisecollection.com\/fr#organization"},"potentialAction":[{"@type":"SearchAction","target":{"@type":"EntryPoint","urlTemplate":"https:\/\/www.venisecollection.com\/fr?s={search_term_string}"},"query-input":{"@type":"PropertyValueSpecification","valueRequired":true,"valueName":"search_term_string"}}],"inLanguage":"fr-FR"},{"@type":"Organization","@id":"https:\/\/www.venisecollection.com\/fr#organization","name":"VENISE COLLECTION","url":"https:\/\/www.venisecollection.com\/fr","logo":{"@type":"ImageObject","inLanguage":"fr-FR","@id":"https:\/\/www.venisecollection.com\/fr#\/schema\/logo\/image\/","url":"https:\/\/www.venisecollection.com\/cdn\/seo.png","contentUrl":"https:\/\/www.venisecollection.com\/cdn\/seo.png","width":1080,"height":1080,"caption":"VENISE COLLECTION"},"image":{"@id":"https:\/\/www.venisecollection.com\/fr#\/schema\/logo\/image\/"},"sameAs":["https:\/\/www.instagram.com\/venisecollection\/","https:\/\/fr.pinterest.com\/venisecollection\/"]}]}},"_links":{"self":[{"href":"https:\/\/www.venisecollection.com\/fr\/wp-json\/wp\/v2\/product\/5496","targetHints":{"allow":["GET"]}}],"collection":[{"href":"https:\/\/www.venisecollection.com\/fr\/wp-json\/wp\/v2\/product"}],"about":[{"href":"https:\/\/www.venisecollection.com\/fr\/wp-json\/wp\/v2\/types\/product"}],"wp:featuredmedia":[{"embeddable":true,"href":"https:\/\/www.venisecollection.com\/fr\/wp-json\/wp\/v2\/media\/5492"}],"wp:attachment":[{"href":"https:\/\/www.venisecollection.com\/fr\/wp-json\/wp\/v2\/media?parent=5496"}],"wp:term":[{"taxonomy":"product_brand","embeddable":true,"href":"https:\/\/www.venisecollection.com\/fr\/wp-json\/wp\/v2\/product_brand?post=5496"},{"taxonomy":"product_cat","embeddable":true,"href":"https:\/\/www.venisecollection.com\/fr\/wp-json\/wp\/v2\/product_cat?post=5496"},{"taxonomy":"product_tag","embeddable":true,"href":"https:\/\/www.venisecollection.com\/fr\/wp-json\/wp\/v2\/product_tag?post=5496"}],"curies":[{"name":"wp","href":"https:\/\/api.w.org\/{rel}","templated":true}]}}